{"id":31163,"date":"2015-10-19T19:31:00","date_gmt":"2015-10-19T17:31:00","guid":{"rendered":"https:\/\/www.tablice-szklane.pl\/tablice-magnetyczne\/"},"modified":"2023-05-02T00:04:02","modified_gmt":"2023-05-01T22:04:02","slug":"magnetische-tafeln","status":"publish","type":"page","link":"https:\/\/www.tablice-szklane.pl\/de\/magnetische-tafeln\/","title":{"rendered":"Magnetische Tafeln"},"content":{"rendered":"<div id=\"pl-31163\"  class=\"panel-layout\" ><div id=\"pg-31163-0\"  class=\"panel-grid panel-no-style\" ><div id=\"pgc-31163-0-0\"  class=\"panel-grid-cell\" ><div id=\"panel-31163-0-0-0\" class=\"so-panel widget widget_black-studio-tinymce widget_black_studio_tinymce panel-first-child panel-last-child\" data-index=\"0\" ><h3 class=\"widget-title\">Magnettafeln aus Sicherheitsglas<\/h3><div class=\"textwidget\"><\/div><\/div><\/div><\/div><div id=\"pg-31163-1\"  class=\"panel-grid panel-no-style\" ><div id=\"pgc-31163-1-0\"  class=\"panel-grid-cell\" ><div id=\"panel-31163-1-0-0\" class=\"so-panel widget widget_black-studio-tinymce widget_black_studio_tinymce panel-first-child panel-last-child\" data-index=\"1\" ><div class=\"textwidget\"><p style=\"line-height: 15.75pt; margin: 0cm 0cm 7.9pt; text-align: justify; background: white;\"><span style=\"font-size: 10.5pt; font-family: 'Helvetica' ,'serifenlos'; Farbe: #999999;\">Wir sind spezialisiert auf die Herstellung von Glas-Magnettafeln, die sich perfekt zum Notieren, Erlernen von Sprachen oder f\u00fcr Gesch\u00e4ftspr\u00e4sentationen eignen. Im Gegensatz zu gew\u00f6hnlichen trocken abwischbaren Tafeln haben Glas-Magnettafeln eine zarte Reflexion, die ihnen Eleganz verleiht und die Modernit\u00e4t des Interieurs unterstreicht. <\/span><\/p>\n<p style=\"line-height: 15.75pt; margin: 0cm 0cm 7.9pt; text-align: justify; background: white;\"><span style=\"font-size: 10.5pt; font-family: 'Helvetica' ,'serifenlos'; Farbe: #999999;\">Die von uns hergestellten Magnettafeln sind sicher<\/strong> - Flachglas wird nach pr\u00e4ziser Verarbeitung in die H\u00e4rtungsanlage transportiert, wo es einem H\u00e4rtungsprozess unterzogen wird, der die Festigkeitsparameter und Temperaturwechselbest\u00e4ndigkeit der Platte. Das Glas wird vor dem Temperprozess lackiert, wodurch die Farbe lange ihre nat\u00fcrliche Farbe beh\u00e4lt und kratzfest ist. <\/span><\/p>\n<p style=\"line-height: 15.75pt; margin: 0cm 0cm 7.9pt; text-align: justify; background: white;\"><span style=\"font-size: 10.5pt; font-family: 'Helvetica' ,'serifenlos'; Farbe: #999999;\">Wir verwenden <strong>eine breite Palette hochwertiger Glaslacke<\/strong>. Zu den beliebtesten Farben geh\u00f6ren Schneewei\u00df, klassisches Schwarz, Blau und Rot. Auf Ihren Wunsch k\u00f6nnen wir die Platte in jeder Farbe aus dem RGB-Farbraum lackieren und die Platte gem\u00e4\u00df der angegebenen Gr\u00f6\u00dfe herstellen. <\/span><\/p>\n<p style=\"line-height: 15.75pt; margin: 0cm 0cm 7.9pt; text-align: justify; background: white;\"><span style=\"font-size: 10.5pt; font-family: 'Helvetica' ,'serifenlos'; Farbe: #999999;\">Alle Superm\u00e4rkte k\u00f6nnen f\u00fcr Glastafeln verwendet werden: trocken abwischbare, kreide- und permanente Tafeln (nur bei permanenten Tafeln wischen wir die Tafel mit einem Glasreiniger ab). Wir k\u00f6nnen Silber-Neodym-Magnete f\u00fcr Tafeln verwenden. <\/span><\/p>\n<\/div><\/div><\/div><div id=\"pgc-31163-1-1\"  class=\"panel-grid-cell\" ><div id=\"panel-31163-1-1-0\" class=\"so-panel widget widget_black-studio-tinymce widget_black_studio_tinymce panel-first-child panel-last-child\" data-index=\"2\" ><div class=\"textwidget\"><p><figure id=\"attachment_2869\" aria-describedby=\"caption-attachment-2869\" style=\"width: 1600px\" class=\"wp-caption alignnone\"><a href=\"http:\/\/www.tablice-szklane.pl\/wp-content\/uploads\/2015\/10\/tablica_szklana_022.jpg\"><img fetchpriority=\"high\" decoding=\"async\" class=\"wp-image-2869 size-full\" title=\"Magnettafeln in verschiedenen Farben\" src=\"http:\/\/www.tablice-szklane.pl\/wp-content\/uploads\/2015\/10\/tablica_szklana_022.jpg\" alt=\"tablice magnetyczne\" width=\"1600\" height=\"1067\" srcset=\"https:\/\/www.tablice-szklane.pl\/wp-content\/uploads\/2015\/10\/tablica_szklana_022.jpg 1600w, https:\/\/www.tablice-szklane.pl\/wp-content\/uploads\/2015\/10\/tablica_szklana_022-800x534.jpg 800w, https:\/\/www.tablice-szklane.pl\/wp-content\/uploads\/2015\/10\/tablica_szklana_022-300x200.jpg 300w, https:\/\/www.tablice-szklane.pl\/wp-content\/uploads\/2015\/10\/tablica_szklana_022-1024x683.jpg 1024w, https:\/\/www.tablice-szklane.pl\/wp-content\/uploads\/2015\/10\/tablica_szklana_022-360x240.jpg 360w, https:\/\/www.tablice-szklane.pl\/wp-content\/uploads\/2015\/10\/tablica_szklana_022-555x370.jpg 555w, https:\/\/www.tablice-szklane.pl\/wp-content\/uploads\/2015\/10\/tablica_szklana_022-272x182.jpg 272w\" sizes=\"(max-width: 1600px) 100vw, 1600px\" \/><\/a><figcaption id=\"caption-attachment-2869\" class=\"wp-caption-text\">Farbige Tafeln aus geh\u00e4rtetem Sicherheitsglas<\/figcaption><\/figure><\/p>\n<\/div><\/div><\/div><\/div><div id=\"pg-31163-2\"  class=\"panel-grid panel-no-style\" ><div id=\"pgc-31163-2-0\"  class=\"panel-grid-cell\" ><div id=\"panel-31163-2-0-0\" class=\"so-panel widget widget_black-studio-tinymce widget_black_studio_tinymce panel-first-child panel-last-child\" data-index=\"3\" ><h3 class=\"widget-title\">Unsere Magnettafeln<\/h3><div class=\"textwidget\"><p>Wir bieten Magnettafeln aus sicherem Floatglas in mehreren Varianten an:<\/p>\n<p><span style=\"color: #fcc71f;\"><span class=\"icon-container\"><span class=\"fa fa-check\"><\/span><\/span><\/span> wei\u00df<br \/>\n<span style=\"color: #fcc71f;\"><span class=\"icon-container\"><span class=\"fa fa-check\"><\/span><\/span><\/span> schwarz<br \/>\n<span style=\"color: #fcc71f;\"><span class=\"icon-container\"><span class=\"fa fa-check\"><\/span><\/span><\/span> Lackiert in jeder Farbe aus der RAL-Palette<br \/>\n<span style=\"color: #fcc71f;\"><span class=\"icon-container\"><span class=\"fa fa-check\"><\/span><\/span><\/span><\/p>\n<p style=\"text-align: justify;\">Jedes unserer Boards kann in einer magnetischen Variante hergestellt werden, die es Ihnen erm\u00f6glicht, gew\u00f6hnliche und Neodym-Magnete anzubringen. Magnettafeln werden in folgenden Gr\u00f6\u00dfen hergestellt: <span style=\"color: #808080;\"><strong>120x90 cm, 100x150 cm<\/strong><\/span><\/p>\n<p>Auf Kundenwunsch fertigen wir eine Glastafel nach Ma\u00df.<\/p>\n<\/div><\/div><\/div><div id=\"pgc-31163-2-1\"  class=\"panel-grid-cell\" ><div id=\"panel-31163-2-1-0\" class=\"so-panel widget widget_black-studio-tinymce widget_black_studio_tinymce panel-first-child\" data-index=\"4\" ><h3 class=\"widget-title\">Tablice magnetyczne &#8211; dane techniczne<\/h3><div class=\"textwidget\"><p><strong>Material:<\/strong> Hergestellt aus AGC- oder Pilkington-Flachglas, 4 mm dick.<\/p>\n<p><strong>Sicherheit:<\/strong> Sicherheitsglas, geh\u00e4rtet.<\/p>\n<p><strong>Magnetfolie:<\/strong> Aus korrosionsbest\u00e4ndigem verzinktem Blech.<\/p>\n<p><strong>Kanten:<\/strong> Poliert.<\/p>\n<p><strong>Montage:<\/strong> Einfach und sicher.<\/p>\n<\/div><\/div><div id=\"panel-31163-2-1-1\" class=\"so-panel widget widget_pt_brochure_box widget-brochure-box panel-last-child\" data-index=\"5\" ><div class=\"panel-widget-style panel-widget-style-for-31163-2-1-1\" >\t\t\t<a class=\"brochure-box\" href=\"#\" target=\"_blank\">\n\t\t\t\t<i class=\"fa  fa-file-pdf-o\"><\/i>\n\t\t\t\t<h5 class=\"brochure-box__text\">Brosch\u00fcre ansehen<\/h5>\n\t\t\t<\/a>\n\n\t\t\t<\/div><\/div><\/div><\/div><div id=\"pg-31163-3\"  class=\"panel-grid panel-no-style\" ><div id=\"pgc-31163-3-0\"  class=\"panel-grid-cell\" ><div id=\"panel-31163-3-0-0\" class=\"so-panel widget widget_black-studio-tinymce widget_black_studio_tinymce panel-first-child panel-last-child\" data-index=\"6\" ><h3 class=\"widget-title\">Sehen Sie sich das Angebot an!<\/h3><div class=\"textwidget\"><p><\/p>\n<\/div><\/div><\/div><\/div><\/div>","protected":false},"excerpt":{"rendered":"<p>Wir sind spezialisiert auf die Herstellung von Glas-Magnettafeln, die sich perfekt zum Notieren, Erlernen von Sprachen oder f\u00fcr Gesch\u00e4ftspr\u00e4sentationen eignen. Im Gegensatz zu gew\u00f6hnlichen trocken abwischbaren Tafeln haben Glas-Magnettafeln eine zarte Reflexion, die ihnen Eleganz verleiht und die Modernit\u00e4t des Interieurs unterstreicht. Die von uns hergestellten Magnettafeln sind sicher &#8211; Flachglas wird nach pr\u00e4ziser Verarbeitung &hellip;<\/p>\n","protected":false},"author":1,"featured_media":0,"parent":0,"menu_order":0,"comment_status":"closed","ping_status":"closed","template":"","meta":{"om_disable_all_campaigns":false,"footnotes":""},"yoast_head":"<!-- This site is optimized with the Yoast SEO Premium plugin v23.0 (Yoast SEO v23.0) - https:\/\/yoast.com\/wordpress\/plugins\/seo\/ -->\n<title>Sicherheitsglas-Magnettafeln - Verschiedene Farben!<\/title>\n<meta name=\"description\" content=\"Magnettafeln, die Sie aus allen Arten von Markern und Farben herstellen k\u00f6nnen, die gegen Verschmieren und St\u00f6\u00dfe best\u00e4ndig sind. Zertifiziertes Produkt seit vielen Jahren.\" \/>\n<meta name=\"robots\" content=\"index, follow, max-snippet:-1, max-image-preview:large, max-video-preview:-1\" \/>\n<link rel=\"canonical\" href=\"https:\/\/www.tablice-szklane.pl\/de\/magnetische-tafeln\/\" \/>\n<meta property=\"og:locale\" content=\"de_DE\" \/>\n<meta property=\"og:type\" content=\"article\" \/>\n<meta property=\"og:title\" content=\"Magnetische Tafeln\" \/>\n<meta property=\"og:description\" content=\"Magnettafeln, die Sie aus allen Arten von Markern und Farben herstellen k\u00f6nnen, die gegen Verschmieren und St\u00f6\u00dfe best\u00e4ndig sind. Zertifiziertes Produkt seit vielen Jahren.\" \/>\n<meta property=\"og:url\" content=\"https:\/\/www.tablice-szklane.pl\/de\/magnetische-tafeln\/\" \/>\n<meta property=\"og:site_name\" content=\"Bunto\" \/>\n<meta property=\"article:modified_time\" content=\"2023-05-01T22:04:02+00:00\" \/>\n<meta property=\"og:image\" content=\"http:\/\/www.tablice-szklane.pl\/wp-content\/uploads\/2015\/10\/tablica_szklana_022.jpg\" \/>\n<meta name=\"twitter:card\" content=\"summary_large_image\" \/>\n<meta name=\"twitter:label1\" content=\"Gesch\u00e4tzte Lesezeit\" \/>\n\t<meta name=\"twitter:data1\" content=\"2\u00a0Minuten\" \/>\n<script type=\"application\/ld+json\" class=\"yoast-schema-graph\">{\"@context\":\"https:\/\/schema.org\",\"@graph\":[{\"@type\":\"WebPage\",\"@id\":\"https:\/\/www.tablice-szklane.pl\/de\/magnetische-tafeln\/\",\"url\":\"https:\/\/www.tablice-szklane.pl\/de\/magnetische-tafeln\/\",\"name\":\"Sicherheitsglas-Magnettafeln - Verschiedene Farben!\",\"isPartOf\":{\"@id\":\"https:\/\/www.tablice-szklane.pl\/de\/#website\"},\"primaryImageOfPage\":{\"@id\":\"https:\/\/www.tablice-szklane.pl\/de\/magnetische-tafeln\/#primaryimage\"},\"image\":{\"@id\":\"https:\/\/www.tablice-szklane.pl\/de\/magnetische-tafeln\/#primaryimage\"},\"thumbnailUrl\":\"http:\/\/www.tablice-szklane.pl\/wp-content\/uploads\/2015\/10\/tablica_szklana_022.jpg\",\"datePublished\":\"2015-10-19T17:31:00+00:00\",\"dateModified\":\"2023-05-01T22:04:02+00:00\",\"description\":\"Magnettafeln, die Sie aus allen Arten von Markern und Farben herstellen k\u00f6nnen, die gegen Verschmieren und St\u00f6\u00dfe best\u00e4ndig sind. Zertifiziertes Produkt seit vielen Jahren.\",\"breadcrumb\":{\"@id\":\"https:\/\/www.tablice-szklane.pl\/de\/magnetische-tafeln\/#breadcrumb\"},\"inLanguage\":\"de\",\"potentialAction\":[{\"@type\":\"ReadAction\",\"target\":[\"https:\/\/www.tablice-szklane.pl\/de\/magnetische-tafeln\/\"]}]},{\"@type\":\"ImageObject\",\"inLanguage\":\"de\",\"@id\":\"https:\/\/www.tablice-szklane.pl\/de\/magnetische-tafeln\/#primaryimage\",\"url\":\"http:\/\/www.tablice-szklane.pl\/wp-content\/uploads\/2015\/10\/tablica_szklana_022.jpg\",\"contentUrl\":\"http:\/\/www.tablice-szklane.pl\/wp-content\/uploads\/2015\/10\/tablica_szklana_022.jpg\"},{\"@type\":\"BreadcrumbList\",\"@id\":\"https:\/\/www.tablice-szklane.pl\/de\/magnetische-tafeln\/#breadcrumb\",\"itemListElement\":[{\"@type\":\"ListItem\",\"position\":1,\"name\":\"Strona g\u0142\u00f3wna\",\"item\":\"https:\/\/www.tablice-szklane.pl\/de\/\"},{\"@type\":\"ListItem\",\"position\":2,\"name\":\"Magnetische Tafeln\"}]},{\"@type\":\"WebSite\",\"@id\":\"https:\/\/www.tablice-szklane.pl\/de\/#website\",\"url\":\"https:\/\/www.tablice-szklane.pl\/de\/\",\"name\":\"Bunto\",\"description\":\"\",\"publisher\":{\"@id\":\"https:\/\/www.tablice-szklane.pl\/de\/#organization\"},\"potentialAction\":[{\"@type\":\"SearchAction\",\"target\":{\"@type\":\"EntryPoint\",\"urlTemplate\":\"https:\/\/www.tablice-szklane.pl\/de\/?s={search_term_string}\"},\"query-input\":\"required name=search_term_string\"}],\"inLanguage\":\"de\"},{\"@type\":[\"Organization\",\"Place\"],\"@id\":\"https:\/\/www.tablice-szklane.pl\/de\/#organization\",\"name\":\"Bunto\",\"url\":\"https:\/\/www.tablice-szklane.pl\/de\/\",\"logo\":{\"@id\":\"https:\/\/www.tablice-szklane.pl\/de\/magnetische-tafeln\/#local-main-organization-logo\"},\"image\":{\"@id\":\"https:\/\/www.tablice-szklane.pl\/de\/magnetische-tafeln\/#local-main-organization-logo\"},\"telephone\":[],\"openingHoursSpecification\":[{\"@type\":\"OpeningHoursSpecification\",\"dayOfWeek\":[\"Monday\",\"Tuesday\",\"Wednesday\",\"Thursday\",\"Friday\",\"Saturday\",\"Sunday\"],\"opens\":\"09:00\",\"closes\":\"17:00\"}]},{\"@type\":\"ImageObject\",\"inLanguage\":\"de\",\"@id\":\"https:\/\/www.tablice-szklane.pl\/de\/magnetische-tafeln\/#local-main-organization-logo\",\"url\":\"https:\/\/www.tablice-szklane.pl\/wp-content\/uploads\/2024\/01\/Logo-Bunto-2021.jpg\",\"contentUrl\":\"https:\/\/www.tablice-szklane.pl\/wp-content\/uploads\/2024\/01\/Logo-Bunto-2021.jpg\",\"width\":936,\"height\":421,\"caption\":\"Bunto\"}]}<\/script>\n<!-- \/ Yoast SEO Premium plugin. -->","yoast_head_json":{"title":"Sicherheitsglas-Magnettafeln - Verschiedene Farben!","description":"Magnettafeln, die Sie aus allen Arten von Markern und Farben herstellen k\u00f6nnen, die gegen Verschmieren und St\u00f6\u00dfe best\u00e4ndig sind. Zertifiziertes Produkt seit vielen Jahren.","robots":{"index":"index","follow":"follow","max-snippet":"max-snippet:-1","max-image-preview":"max-image-preview:large","max-video-preview":"max-video-preview:-1"},"canonical":"https:\/\/www.tablice-szklane.pl\/de\/magnetische-tafeln\/","og_locale":"de_DE","og_type":"article","og_title":"Magnetische Tafeln","og_description":"Magnettafeln, die Sie aus allen Arten von Markern und Farben herstellen k\u00f6nnen, die gegen Verschmieren und St\u00f6\u00dfe best\u00e4ndig sind. Zertifiziertes Produkt seit vielen Jahren.","og_url":"https:\/\/www.tablice-szklane.pl\/de\/magnetische-tafeln\/","og_site_name":"Bunto","article_modified_time":"2023-05-01T22:04:02+00:00","og_image":[{"url":"http:\/\/www.tablice-szklane.pl\/wp-content\/uploads\/2015\/10\/tablica_szklana_022.jpg"}],"twitter_card":"summary_large_image","twitter_misc":{"Gesch\u00e4tzte Lesezeit":"2\u00a0Minuten"},"schema":{"@context":"https:\/\/schema.org","@graph":[{"@type":"WebPage","@id":"https:\/\/www.tablice-szklane.pl\/de\/magnetische-tafeln\/","url":"https:\/\/www.tablice-szklane.pl\/de\/magnetische-tafeln\/","name":"Sicherheitsglas-Magnettafeln - Verschiedene Farben!","isPartOf":{"@id":"https:\/\/www.tablice-szklane.pl\/de\/#website"},"primaryImageOfPage":{"@id":"https:\/\/www.tablice-szklane.pl\/de\/magnetische-tafeln\/#primaryimage"},"image":{"@id":"https:\/\/www.tablice-szklane.pl\/de\/magnetische-tafeln\/#primaryimage"},"thumbnailUrl":"http:\/\/www.tablice-szklane.pl\/wp-content\/uploads\/2015\/10\/tablica_szklana_022.jpg","datePublished":"2015-10-19T17:31:00+00:00","dateModified":"2023-05-01T22:04:02+00:00","description":"Magnettafeln, die Sie aus allen Arten von Markern und Farben herstellen k\u00f6nnen, die gegen Verschmieren und St\u00f6\u00dfe best\u00e4ndig sind. Zertifiziertes Produkt seit vielen Jahren.","breadcrumb":{"@id":"https:\/\/www.tablice-szklane.pl\/de\/magnetische-tafeln\/#breadcrumb"},"inLanguage":"de","potentialAction":[{"@type":"ReadAction","target":["https:\/\/www.tablice-szklane.pl\/de\/magnetische-tafeln\/"]}]},{"@type":"ImageObject","inLanguage":"de","@id":"https:\/\/www.tablice-szklane.pl\/de\/magnetische-tafeln\/#primaryimage","url":"http:\/\/www.tablice-szklane.pl\/wp-content\/uploads\/2015\/10\/tablica_szklana_022.jpg","contentUrl":"http:\/\/www.tablice-szklane.pl\/wp-content\/uploads\/2015\/10\/tablica_szklana_022.jpg"},{"@type":"BreadcrumbList","@id":"https:\/\/www.tablice-szklane.pl\/de\/magnetische-tafeln\/#breadcrumb","itemListElement":[{"@type":"ListItem","position":1,"name":"Strona g\u0142\u00f3wna","item":"https:\/\/www.tablice-szklane.pl\/de\/"},{"@type":"ListItem","position":2,"name":"Magnetische Tafeln"}]},{"@type":"WebSite","@id":"https:\/\/www.tablice-szklane.pl\/de\/#website","url":"https:\/\/www.tablice-szklane.pl\/de\/","name":"Bunto","description":"","publisher":{"@id":"https:\/\/www.tablice-szklane.pl\/de\/#organization"},"potentialAction":[{"@type":"SearchAction","target":{"@type":"EntryPoint","urlTemplate":"https:\/\/www.tablice-szklane.pl\/de\/?s={search_term_string}"},"query-input":"required name=search_term_string"}],"inLanguage":"de"},{"@type":["Organization","Place"],"@id":"https:\/\/www.tablice-szklane.pl\/de\/#organization","name":"Bunto","url":"https:\/\/www.tablice-szklane.pl\/de\/","logo":{"@id":"https:\/\/www.tablice-szklane.pl\/de\/magnetische-tafeln\/#local-main-organization-logo"},"image":{"@id":"https:\/\/www.tablice-szklane.pl\/de\/magnetische-tafeln\/#local-main-organization-logo"},"telephone":[],"openingHoursSpecification":[{"@type":"OpeningHoursSpecification","dayOfWeek":["Monday","Tuesday","Wednesday","Thursday","Friday","Saturday","Sunday"],"opens":"09:00","closes":"17:00"}]},{"@type":"ImageObject","inLanguage":"de","@id":"https:\/\/www.tablice-szklane.pl\/de\/magnetische-tafeln\/#local-main-organization-logo","url":"https:\/\/www.tablice-szklane.pl\/wp-content\/uploads\/2024\/01\/Logo-Bunto-2021.jpg","contentUrl":"https:\/\/www.tablice-szklane.pl\/wp-content\/uploads\/2024\/01\/Logo-Bunto-2021.jpg","width":936,"height":421,"caption":"Bunto"}]}},"_links":{"self":[{"href":"https:\/\/www.tablice-szklane.pl\/de\/wp-json\/wp\/v2\/pages\/31163"}],"collection":[{"href":"https:\/\/www.tablice-szklane.pl\/de\/wp-json\/wp\/v2\/pages"}],"about":[{"href":"https:\/\/www.tablice-szklane.pl\/de\/wp-json\/wp\/v2\/types\/page"}],"author":[{"embeddable":true,"href":"https:\/\/www.tablice-szklane.pl\/de\/wp-json\/wp\/v2\/users\/1"}],"replies":[{"embeddable":true,"href":"https:\/\/www.tablice-szklane.pl\/de\/wp-json\/wp\/v2\/comments?post=31163"}],"version-history":[{"count":6,"href":"https:\/\/www.tablice-szklane.pl\/de\/wp-json\/wp\/v2\/pages\/31163\/revisions"}],"predecessor-version":[{"id":31175,"href":"https:\/\/www.tablice-szklane.pl\/de\/wp-json\/wp\/v2\/pages\/31163\/revisions\/31175"}],"wp:attachment":[{"href":"https:\/\/www.tablice-szklane.pl\/de\/wp-json\/wp\/v2\/media?parent=31163"}],"curies":[{"name":"wp","href":"https:\/\/api.w.org\/{rel}","templated":true}]}}