{"id":38255,"date":"2020-06-10T16:05:58","date_gmt":"2020-06-10T14:05:58","guid":{"rendered":"https:\/\/www.tablice-szklane.pl\/mobile-glastrennwand-bunto-transparent-3in1\/"},"modified":"2025-06-22T17:29:40","modified_gmt":"2025-06-22T15:29:40","slug":"mobile-glastrennwand-bunto-transparent-3in1","status":"publish","type":"page","link":"https:\/\/www.tablice-szklane.pl\/de\/mobile-glastrennwand-bunto-transparent-3in1\/","title":{"rendered":"MOBILE GLASTRENNWAND BUNTO TRANSPARENT 3IN1"},"content":{"rendered":"<div id=\"pl-38255\"  class=\"panel-layout\" ><div id=\"pg-38255-0\"  class=\"panel-grid panel-no-style\" ><div id=\"pgc-38255-0-0\"  class=\"panel-grid-cell\" ><div id=\"panel-38255-0-0-0\" class=\"so-panel widget widget_black-studio-tinymce widget_black_studio_tinymce panel-first-child panel-last-child\" data-index=\"0\" ><h3 class=\"widget-title\">OPIS BUNTO\u00aeMOBILE TRANSPARENT 3W1<\/h3><div class=\"textwidget\"><p><span style=\"color: #000000;\">Przegroda szklana mobilna BUNTO\u00aeMOBILE TRANSPARENT <strong>3W1<\/strong> \u2013 solidna, bezpieczna i elegancka \u015bcianka do biur w wersji mobilnej i statycznej, typ: <strong>TRZY W JEDNYM<\/strong>, stanowi: <\/span><\/p>\n<p><span style=\"color: #000000;\">1\u00a0 BARIER\u0118 OCHRONN\u0104 (PRZECIWWIRUSOW\u0104) DLA PRACOWNIK\u00d3W \/ <\/span><span style=\"color: #000000;\">2. TABLIC\u0118 DO PISANIA Z MO\u017bLIWO\u015aCI\u0104 PRZYPINANIA MAGNES\u00d3W\u00a0 \/ <\/span><span style=\"color: #000000;\">3. \u015aCIANK\u0118 DZIA\u0141OW\u0104.<\/span><strong><span style=\"color: #000000;\"><br \/>\n<\/span><\/strong><\/p>\n<p><span style=\"color: #000000;\">Mo\u017cna do niej przyczepia\u0107 notatki, dzi\u0119ki zastosowaniu podw\u00f3jnych magnes\u00f3w neodymowych. Wykonane z bezpiecznego szk\u0142a hartowanego. <\/span><span style=\"color: #000000;\">Tablice zaprojektowano z my\u015bl\u0105 o przestrzeniach biurowych typu OPEN OFFICE u salach konferencyjnych. Zbudowana jest z solidnego stela\u017ca wyko\u0144czonego materia\u0142em \u2013 stal tekstura. Stela\u017c jest stabilny a zamontowane na nim k\u00f3\u0142ka jezdne s\u0105 wyposa\u017cone s\u0105 w hamulce. Tablice mo\u017cna \u0142\u0105czy\u0107 tworz\u0105c w ten spos\u00f3b \u015bcianki biurowe. Mo\u017cna je \u0142\u0105two dezynfekowa\u0107 p\u0142ynami antywirusowymi.<\/span><\/p>\n<p>&nbsp;<\/p>\n<\/div><\/div><\/div><\/div><div id=\"pg-38255-1\"  class=\"panel-grid panel-no-style\" ><div id=\"pgc-38255-1-0\"  class=\"panel-grid-cell\" ><div id=\"panel-38255-1-0-0\" class=\"so-panel widget widget_black-studio-tinymce widget_black_studio_tinymce panel-first-child\" data-index=\"1\" ><h3 class=\"widget-title\">Elegancki design<\/h3><div class=\"textwidget\"><p><img fetchpriority=\"high\" decoding=\"async\" class=\"alignleft size-full wp-image-19307\" src=\"https:\/\/www.tablice-szklane.pl\/wp-content\/uploads\/2020\/06\/przegroda-szklana-biurowa.jpg\" alt=\"tablica szklana mobilna\" width=\"1200\" height=\"1200\" \/><\/p>\n<\/div><\/div><div id=\"panel-38255-1-0-1\" class=\"so-panel widget widget_black-studio-tinymce widget_black_studio_tinymce panel-last-child\" data-index=\"2\" ><h3 class=\"widget-title\">Mo\u017cliwo\u015b\u0107 \u0142\u0105czenia przegr\u00f3d<\/h3><div class=\"textwidget\"><p><img decoding=\"async\" class=\"alignleft size-full wp-image-19307\" src=\"https:\/\/www.tablice-szklane.pl\/wp-content\/uploads\/2020\/06\/sciana-szklana-biurowa-bunto2.jpg\" alt=\"tablica szklana mobilna\" width=\"1200\" height=\"1200\" \/><\/p>\n<\/div><\/div><\/div><div id=\"pgc-38255-1-1\"  class=\"panel-grid-cell\" ><div id=\"panel-38255-1-1-0\" class=\"so-panel widget widget_black-studio-tinymce widget_black_studio_tinymce panel-first-child\" data-index=\"3\" ><h3 class=\"widget-title\">Tablica szklana do pisania<\/h3><div class=\"textwidget\"><p><img decoding=\"async\" class=\"alignleft size-full wp-image-19308\" src=\"https:\/\/www.tablice-szklane.pl\/wp-content\/uploads\/2020\/06\/przegroda-szklana-biurowa-akcesoria.jpg\" alt=\"Tablica szklana mobilna kolka\" width=\"1200\" height=\"1200\" \/><\/p>\n<\/div><\/div><div id=\"panel-38255-1-1-1\" class=\"so-panel widget widget_black-studio-tinymce widget_black_studio_tinymce panel-last-child\" data-index=\"4\" ><h3 class=\"widget-title\">Wersja mobilna &#8211; k\u00f3\u0142ka z hamulcem<\/h3><div class=\"textwidget\"><p><img loading=\"lazy\" decoding=\"async\" class=\"alignleft size-full wp-image-19308\" src=\"https:\/\/www.tablice-szklane.pl\/wp-content\/uploads\/2020\/06\/przegroda-szklana-biurowa-kolka.jpg\" alt=\"Tablica szklana mobilna kolka\" width=\"1200\" height=\"1200\" \/><\/p>\n<\/div><\/div><\/div><\/div><div id=\"pg-38255-2\"  class=\"panel-grid panel-no-style\" ><div id=\"pgc-38255-2-0\"  class=\"panel-grid-cell\" ><div id=\"panel-38255-2-0-0\" class=\"so-panel widget widget_black-studio-tinymce widget_black_studio_tinymce panel-first-child\" data-index=\"5\" ><h3 class=\"widget-title\">Zalety<\/h3><div class=\"textwidget\"><p style=\"text-align: justify;\"><img loading=\"lazy\" decoding=\"async\" class=\"alignleft wp-image-19361 \" title=\"Tablica magnetyczna odporna na czynniki zewn\u0119trzne\" src=\"https:\/\/www.tablice-szklane.pl\/wp-content\/uploads\/2020\/03\/odpornosc.jpg\" alt=\"\" width=\"59\" height=\"59\" srcset=\"https:\/\/www.tablice-szklane.pl\/wp-content\/uploads\/2020\/03\/odpornosc.jpg 406w, https:\/\/www.tablice-szklane.pl\/wp-content\/uploads\/2020\/03\/odpornosc-400x400.jpg 400w, https:\/\/www.tablice-szklane.pl\/wp-content\/uploads\/2020\/03\/odpornosc-150x150.jpg 150w, https:\/\/www.tablice-szklane.pl\/wp-content\/uploads\/2020\/03\/odpornosc-300x300.jpg 300w, https:\/\/www.tablice-szklane.pl\/wp-content\/uploads\/2020\/03\/odpornosc-100x100.jpg 100w\" sizes=\"(max-width: 59px) 100vw, 59px\" \/><strong>Odporno\u015b\u0107 - <\/strong>Tablice magnetyczne wykonujemy ze szk\u0142a hartowanego, kt\u00f3re jest 5-7 krotnie bardziej wytrzyma\u0142e na uderzenia mechaniczne od zwyk\u0142ego szk\u0142a p\u0142askiego. Hartowanie polega na podgrzaniu szk\u0142a w piecu do wysokiej temperatury \u2013 oko\u0142o 620 stopni C, a nast\u0119pnie na szybkim sch\u0142odzeniu szk\u0142a za pomoc\u0105 spr\u0119\u017conego powietrza. Tablica hartowana mo\u017ce by\u0107 montowana w miejscach u\u017cyteczno\u015bci publicznej, firmach czy domach prywatnych.<\/p>\n<\/div><\/div><div id=\"panel-38255-2-0-1\" class=\"so-panel widget widget_black-studio-tinymce widget_black_studio_tinymce\" data-index=\"6\" ><div class=\"textwidget\"><p style=\"text-align: justify;\"><img loading=\"lazy\" decoding=\"async\" class=\"alignleft wp-image-19365 \" title=\"Produkt premium\" src=\"https:\/\/www.tablice-szklane.pl\/wp-content\/uploads\/2020\/03\/diament.jpg\" alt=\"\" width=\"68\" height=\"68\" srcset=\"https:\/\/www.tablice-szklane.pl\/wp-content\/uploads\/2020\/03\/diament.jpg 406w, https:\/\/www.tablice-szklane.pl\/wp-content\/uploads\/2020\/03\/diament-400x400.jpg 400w, https:\/\/www.tablice-szklane.pl\/wp-content\/uploads\/2020\/03\/diament-150x150.jpg 150w, https:\/\/www.tablice-szklane.pl\/wp-content\/uploads\/2020\/03\/diament-300x300.jpg 300w, https:\/\/www.tablice-szklane.pl\/wp-content\/uploads\/2020\/03\/diament-100x100.jpg 100w\" sizes=\"(max-width: 68px) 100vw, 68px\" \/><strong>Produkt premium<\/strong> - Tafla szklana nadaje wn\u0119trzu elegancji, dlatego znakomicie sprawdza si\u0119, jako dodatek do wystroju nowoczesnych biur i pokoi. Magnetyczne tablice szklane posiadaj\u0105 lekki po\u0142ysk, kt\u00f3ry jest delikatniejszy przy jasnych kolorach a bardziej wyrazisty przy ciemnych. Mo\u017cna po nich pisa\u0107 zwyk\u0142ymi pisakami do tablic sucho-\u015bcieralnych jak i pisakami kredowymi oraz permanentnymi.<\/p>\n<\/div><\/div><div id=\"panel-38255-2-0-2\" class=\"so-panel widget widget_black-studio-tinymce widget_black_studio_tinymce\" data-index=\"7\" ><div class=\"textwidget\"><p><img loading=\"lazy\" decoding=\"async\" class=\"alignleft wp-image-19367 \" title=\"\u0141atwy monta\u017c tablic magnetycznych\" src=\"https:\/\/www.tablice-szklane.pl\/wp-content\/uploads\/2020\/03\/montaz.jpg\" alt=\"\" width=\"67\" height=\"67\" srcset=\"https:\/\/www.tablice-szklane.pl\/wp-content\/uploads\/2020\/03\/montaz.jpg 406w, https:\/\/www.tablice-szklane.pl\/wp-content\/uploads\/2020\/03\/montaz-400x400.jpg 400w, https:\/\/www.tablice-szklane.pl\/wp-content\/uploads\/2020\/03\/montaz-150x150.jpg 150w, https:\/\/www.tablice-szklane.pl\/wp-content\/uploads\/2020\/03\/montaz-300x300.jpg 300w, https:\/\/www.tablice-szklane.pl\/wp-content\/uploads\/2020\/03\/montaz-100x100.jpg 100w\" sizes=\"(max-width: 67px) 100vw, 67px\" \/><strong>\u0141atwy monta\u017c<\/strong> \u2013 Tablica jest zaprojektowana w ten spos\u00f3b, by ka\u017cdy m\u00f3g\u0142 j\u0105 samodzielnie zamontowa\u0107. Jest wysy\u0142ana na palecie. Po rozpakowaniu nale\u017cy dokr\u0119ci\u0107 k\u00f3\u0142ka i \u015bci\u0105gn\u0105\u0107 j\u0105 z palety.<\/p>\n<\/div><\/div><div id=\"panel-38255-2-0-3\" class=\"so-panel widget widget_black-studio-tinymce widget_black_studio_tinymce panel-last-child\" data-index=\"8\" ><h3 class=\"widget-title\">Dane techniczne<\/h3><div class=\"textwidget\"><h4>Tablica szklana mobilna:<\/h4>\n<ol>\n<li><strong>Wymiar: 190 x 100 cm<\/strong><\/li>\n<li><strong>Konstrukcja: stal czarna - tekstura INDUSTRIAL<\/strong><\/li>\n<li><strong>Wersja mobilna: 4 k\u00f3\u0142ka jezdne z hamulcami<\/strong><\/li>\n<li><strong>W zestawie: marker, p\u00f3\u0142ka, 2 magnesy i \u015bcierka typu fibra.<\/strong><\/li>\n<li><strong>Ci\u0119\u017car: 30 kg.<\/strong><\/li>\n<\/ol>\n<p>&nbsp;<\/p>\n<\/div><\/div><\/div><\/div><div id=\"pg-38255-3\"  class=\"panel-grid panel-no-style\" ><div id=\"pgc-38255-3-0\"  class=\"panel-grid-cell panel-grid-cell-empty panel-grid-cell-mobile-last\" ><\/div><div id=\"pgc-38255-3-1\"  class=\"panel-grid-cell panel-grid-cell-empty\" ><\/div><\/div><\/div>","protected":false},"excerpt":{"rendered":"<p>Das reine Wei\u00df der pr\u00e4sentierten Tafel wird alle im Raum dazu bringen, die Aufmerksamkeit auf sie zu lenken, weshalb sie ein ideales Produkt f\u00fcr spektakul\u00e4re Entwicklungen ist und an sich ein Element der Einrichtung eines innovativen Interieurs ist&#8230;<\/p>\n","protected":false},"author":1,"featured_media":27865,"parent":0,"menu_order":0,"comment_status":"closed","ping_status":"closed","template":"","meta":{"om_disable_all_campaigns":false,"footnotes":""},"yoast_head":"<!-- This site is optimized with the Yoast SEO Premium plugin v23.0 (Yoast SEO v23.0) - https:\/\/yoast.com\/wordpress\/plugins\/seo\/ -->\n<title>Mobile Trennwand aus Glas BUNTO MOBILE<\/title>\n<meta name=\"description\" content=\"Elegante mobile Glastrennwand BUNTO\u00aeMOBILE - perfekt f\u00fcr das B\u00fcro. Erh\u00e4ltlich in 25 Farben. Doppelseitig mit der Option von 2 Farben - R\u00fcckseite und Vorderseite.\" \/>\n<meta name=\"robots\" content=\"index, follow, max-snippet:-1, max-image-preview:large, max-video-preview:-1\" \/>\n<link rel=\"canonical\" href=\"https:\/\/www.tablice-szklane.pl\/de\/mobile-glastrennwand-bunto-transparent-3in1\/\" \/>\n<meta property=\"og:locale\" content=\"de_DE\" \/>\n<meta property=\"og:type\" content=\"article\" \/>\n<meta property=\"og:title\" content=\"MOBILE GLASTRENNWAND BUNTO TRANSPARENT 3IN1\" \/>\n<meta property=\"og:description\" content=\"Elegante mobile Glastrennwand BUNTO\u00aeMOBILE - perfekt f\u00fcr das B\u00fcro. Erh\u00e4ltlich in 25 Farben. Doppelseitig mit der Option von 2 Farben - R\u00fcckseite und Vorderseite.\" \/>\n<meta property=\"og:url\" content=\"https:\/\/www.tablice-szklane.pl\/de\/mobile-glastrennwand-bunto-transparent-3in1\/\" \/>\n<meta property=\"og:site_name\" content=\"Bunto\" \/>\n<meta property=\"article:modified_time\" content=\"2025-06-22T15:29:40+00:00\" \/>\n<meta property=\"og:image\" content=\"https:\/\/www.tablice-szklane.pl\/wp-content\/uploads\/2020\/06\/tablica-mobilna-bezbarwna.jpg\" \/>\n\t<meta property=\"og:image:width\" content=\"1500\" \/>\n\t<meta property=\"og:image:height\" content=\"1500\" \/>\n\t<meta property=\"og:image:type\" content=\"image\/jpeg\" \/>\n<meta name=\"twitter:card\" content=\"summary_large_image\" \/>\n<meta name=\"twitter:label1\" content=\"Gesch\u00e4tzte Lesezeit\" \/>\n\t<meta name=\"twitter:data1\" content=\"2\u00a0Minuten\" \/>\n<script type=\"application\/ld+json\" class=\"yoast-schema-graph\">{\"@context\":\"https:\/\/schema.org\",\"@graph\":[{\"@type\":\"WebPage\",\"@id\":\"https:\/\/www.tablice-szklane.pl\/de\/mobile-glastrennwand-bunto-transparent-3in1\/\",\"url\":\"https:\/\/www.tablice-szklane.pl\/de\/mobile-glastrennwand-bunto-transparent-3in1\/\",\"name\":\"Mobile Trennwand aus Glas BUNTO MOBILE\",\"isPartOf\":{\"@id\":\"https:\/\/www.tablice-szklane.pl\/de\/#website\"},\"primaryImageOfPage\":{\"@id\":\"https:\/\/www.tablice-szklane.pl\/de\/mobile-glastrennwand-bunto-transparent-3in1\/#primaryimage\"},\"image\":{\"@id\":\"https:\/\/www.tablice-szklane.pl\/de\/mobile-glastrennwand-bunto-transparent-3in1\/#primaryimage\"},\"thumbnailUrl\":\"https:\/\/www.tablice-szklane.pl\/wp-content\/uploads\/2020\/06\/tablica-mobilna-bezbarwna.jpg\",\"datePublished\":\"2020-06-10T14:05:58+00:00\",\"dateModified\":\"2025-06-22T15:29:40+00:00\",\"description\":\"Elegante mobile Glastrennwand BUNTO\u00aeMOBILE - perfekt f\u00fcr das B\u00fcro. Erh\u00e4ltlich in 25 Farben. Doppelseitig mit der Option von 2 Farben - R\u00fcckseite und Vorderseite.\",\"breadcrumb\":{\"@id\":\"https:\/\/www.tablice-szklane.pl\/de\/mobile-glastrennwand-bunto-transparent-3in1\/#breadcrumb\"},\"inLanguage\":\"de\",\"potentialAction\":[{\"@type\":\"ReadAction\",\"target\":[\"https:\/\/www.tablice-szklane.pl\/de\/mobile-glastrennwand-bunto-transparent-3in1\/\"]}]},{\"@type\":\"ImageObject\",\"inLanguage\":\"de\",\"@id\":\"https:\/\/www.tablice-szklane.pl\/de\/mobile-glastrennwand-bunto-transparent-3in1\/#primaryimage\",\"url\":\"https:\/\/www.tablice-szklane.pl\/wp-content\/uploads\/2020\/06\/tablica-mobilna-bezbarwna.jpg\",\"contentUrl\":\"https:\/\/www.tablice-szklane.pl\/wp-content\/uploads\/2020\/06\/tablica-mobilna-bezbarwna.jpg\",\"width\":1500,\"height\":1500},{\"@type\":\"BreadcrumbList\",\"@id\":\"https:\/\/www.tablice-szklane.pl\/de\/mobile-glastrennwand-bunto-transparent-3in1\/#breadcrumb\",\"itemListElement\":[{\"@type\":\"ListItem\",\"position\":1,\"name\":\"Strona g\u0142\u00f3wna\",\"item\":\"https:\/\/www.tablice-szklane.pl\/de\/\"},{\"@type\":\"ListItem\",\"position\":2,\"name\":\"MOBILE GLASTRENNWAND BUNTO TRANSPARENT 3IN1\"}]},{\"@type\":\"WebSite\",\"@id\":\"https:\/\/www.tablice-szklane.pl\/de\/#website\",\"url\":\"https:\/\/www.tablice-szklane.pl\/de\/\",\"name\":\"Bunto\",\"description\":\"\",\"publisher\":{\"@id\":\"https:\/\/www.tablice-szklane.pl\/de\/#organization\"},\"potentialAction\":[{\"@type\":\"SearchAction\",\"target\":{\"@type\":\"EntryPoint\",\"urlTemplate\":\"https:\/\/www.tablice-szklane.pl\/de\/?s={search_term_string}\"},\"query-input\":\"required name=search_term_string\"}],\"inLanguage\":\"de\"},{\"@type\":[\"Organization\",\"Place\"],\"@id\":\"https:\/\/www.tablice-szklane.pl\/de\/#organization\",\"name\":\"Bunto\",\"url\":\"https:\/\/www.tablice-szklane.pl\/de\/\",\"logo\":{\"@id\":\"https:\/\/www.tablice-szklane.pl\/de\/mobile-glastrennwand-bunto-transparent-3in1\/#local-main-organization-logo\"},\"image\":{\"@id\":\"https:\/\/www.tablice-szklane.pl\/de\/mobile-glastrennwand-bunto-transparent-3in1\/#local-main-organization-logo\"},\"telephone\":[],\"openingHoursSpecification\":[{\"@type\":\"OpeningHoursSpecification\",\"dayOfWeek\":[\"Monday\",\"Tuesday\",\"Wednesday\",\"Thursday\",\"Friday\",\"Saturday\",\"Sunday\"],\"opens\":\"09:00\",\"closes\":\"17:00\"}]},{\"@type\":\"ImageObject\",\"inLanguage\":\"de\",\"@id\":\"https:\/\/www.tablice-szklane.pl\/de\/mobile-glastrennwand-bunto-transparent-3in1\/#local-main-organization-logo\",\"url\":\"https:\/\/www.tablice-szklane.pl\/wp-content\/uploads\/2024\/01\/Logo-Bunto-2021.jpg\",\"contentUrl\":\"https:\/\/www.tablice-szklane.pl\/wp-content\/uploads\/2024\/01\/Logo-Bunto-2021.jpg\",\"width\":936,\"height\":421,\"caption\":\"Bunto\"}]}<\/script>\n<!-- \/ Yoast SEO Premium plugin. -->","yoast_head_json":{"title":"Mobile Trennwand aus Glas BUNTO MOBILE","description":"Elegante mobile Glastrennwand BUNTO\u00aeMOBILE - perfekt f\u00fcr das B\u00fcro. Erh\u00e4ltlich in 25 Farben. Doppelseitig mit der Option von 2 Farben - R\u00fcckseite und Vorderseite.","robots":{"index":"index","follow":"follow","max-snippet":"max-snippet:-1","max-image-preview":"max-image-preview:large","max-video-preview":"max-video-preview:-1"},"canonical":"https:\/\/www.tablice-szklane.pl\/de\/mobile-glastrennwand-bunto-transparent-3in1\/","og_locale":"de_DE","og_type":"article","og_title":"MOBILE GLASTRENNWAND BUNTO TRANSPARENT 3IN1","og_description":"Elegante mobile Glastrennwand BUNTO\u00aeMOBILE - perfekt f\u00fcr das B\u00fcro. Erh\u00e4ltlich in 25 Farben. Doppelseitig mit der Option von 2 Farben - R\u00fcckseite und Vorderseite.","og_url":"https:\/\/www.tablice-szklane.pl\/de\/mobile-glastrennwand-bunto-transparent-3in1\/","og_site_name":"Bunto","article_modified_time":"2025-06-22T15:29:40+00:00","og_image":[{"width":1500,"height":1500,"url":"https:\/\/www.tablice-szklane.pl\/wp-content\/uploads\/2020\/06\/tablica-mobilna-bezbarwna.jpg","type":"image\/jpeg"}],"twitter_card":"summary_large_image","twitter_misc":{"Gesch\u00e4tzte Lesezeit":"2\u00a0Minuten"},"schema":{"@context":"https:\/\/schema.org","@graph":[{"@type":"WebPage","@id":"https:\/\/www.tablice-szklane.pl\/de\/mobile-glastrennwand-bunto-transparent-3in1\/","url":"https:\/\/www.tablice-szklane.pl\/de\/mobile-glastrennwand-bunto-transparent-3in1\/","name":"Mobile Trennwand aus Glas BUNTO MOBILE","isPartOf":{"@id":"https:\/\/www.tablice-szklane.pl\/de\/#website"},"primaryImageOfPage":{"@id":"https:\/\/www.tablice-szklane.pl\/de\/mobile-glastrennwand-bunto-transparent-3in1\/#primaryimage"},"image":{"@id":"https:\/\/www.tablice-szklane.pl\/de\/mobile-glastrennwand-bunto-transparent-3in1\/#primaryimage"},"thumbnailUrl":"https:\/\/www.tablice-szklane.pl\/wp-content\/uploads\/2020\/06\/tablica-mobilna-bezbarwna.jpg","datePublished":"2020-06-10T14:05:58+00:00","dateModified":"2025-06-22T15:29:40+00:00","description":"Elegante mobile Glastrennwand BUNTO\u00aeMOBILE - perfekt f\u00fcr das B\u00fcro. Erh\u00e4ltlich in 25 Farben. Doppelseitig mit der Option von 2 Farben - R\u00fcckseite und Vorderseite.","breadcrumb":{"@id":"https:\/\/www.tablice-szklane.pl\/de\/mobile-glastrennwand-bunto-transparent-3in1\/#breadcrumb"},"inLanguage":"de","potentialAction":[{"@type":"ReadAction","target":["https:\/\/www.tablice-szklane.pl\/de\/mobile-glastrennwand-bunto-transparent-3in1\/"]}]},{"@type":"ImageObject","inLanguage":"de","@id":"https:\/\/www.tablice-szklane.pl\/de\/mobile-glastrennwand-bunto-transparent-3in1\/#primaryimage","url":"https:\/\/www.tablice-szklane.pl\/wp-content\/uploads\/2020\/06\/tablica-mobilna-bezbarwna.jpg","contentUrl":"https:\/\/www.tablice-szklane.pl\/wp-content\/uploads\/2020\/06\/tablica-mobilna-bezbarwna.jpg","width":1500,"height":1500},{"@type":"BreadcrumbList","@id":"https:\/\/www.tablice-szklane.pl\/de\/mobile-glastrennwand-bunto-transparent-3in1\/#breadcrumb","itemListElement":[{"@type":"ListItem","position":1,"name":"Strona g\u0142\u00f3wna","item":"https:\/\/www.tablice-szklane.pl\/de\/"},{"@type":"ListItem","position":2,"name":"MOBILE GLASTRENNWAND BUNTO TRANSPARENT 3IN1"}]},{"@type":"WebSite","@id":"https:\/\/www.tablice-szklane.pl\/de\/#website","url":"https:\/\/www.tablice-szklane.pl\/de\/","name":"Bunto","description":"","publisher":{"@id":"https:\/\/www.tablice-szklane.pl\/de\/#organization"},"potentialAction":[{"@type":"SearchAction","target":{"@type":"EntryPoint","urlTemplate":"https:\/\/www.tablice-szklane.pl\/de\/?s={search_term_string}"},"query-input":"required name=search_term_string"}],"inLanguage":"de"},{"@type":["Organization","Place"],"@id":"https:\/\/www.tablice-szklane.pl\/de\/#organization","name":"Bunto","url":"https:\/\/www.tablice-szklane.pl\/de\/","logo":{"@id":"https:\/\/www.tablice-szklane.pl\/de\/mobile-glastrennwand-bunto-transparent-3in1\/#local-main-organization-logo"},"image":{"@id":"https:\/\/www.tablice-szklane.pl\/de\/mobile-glastrennwand-bunto-transparent-3in1\/#local-main-organization-logo"},"telephone":[],"openingHoursSpecification":[{"@type":"OpeningHoursSpecification","dayOfWeek":["Monday","Tuesday","Wednesday","Thursday","Friday","Saturday","Sunday"],"opens":"09:00","closes":"17:00"}]},{"@type":"ImageObject","inLanguage":"de","@id":"https:\/\/www.tablice-szklane.pl\/de\/mobile-glastrennwand-bunto-transparent-3in1\/#local-main-organization-logo","url":"https:\/\/www.tablice-szklane.pl\/wp-content\/uploads\/2024\/01\/Logo-Bunto-2021.jpg","contentUrl":"https:\/\/www.tablice-szklane.pl\/wp-content\/uploads\/2024\/01\/Logo-Bunto-2021.jpg","width":936,"height":421,"caption":"Bunto"}]}},"_links":{"self":[{"href":"https:\/\/www.tablice-szklane.pl\/de\/wp-json\/wp\/v2\/pages\/38255"}],"collection":[{"href":"https:\/\/www.tablice-szklane.pl\/de\/wp-json\/wp\/v2\/pages"}],"about":[{"href":"https:\/\/www.tablice-szklane.pl\/de\/wp-json\/wp\/v2\/types\/page"}],"author":[{"embeddable":true,"href":"https:\/\/www.tablice-szklane.pl\/de\/wp-json\/wp\/v2\/users\/1"}],"replies":[{"embeddable":true,"href":"https:\/\/www.tablice-szklane.pl\/de\/wp-json\/wp\/v2\/comments?post=38255"}],"version-history":[{"count":1,"href":"https:\/\/www.tablice-szklane.pl\/de\/wp-json\/wp\/v2\/pages\/38255\/revisions"}],"predecessor-version":[{"id":38263,"href":"https:\/\/www.tablice-szklane.pl\/de\/wp-json\/wp\/v2\/pages\/38255\/revisions\/38263"}],"wp:featuredmedia":[{"embeddable":true,"href":"https:\/\/www.tablice-szklane.pl\/de\/wp-json\/wp\/v2\/media\/27865"}],"wp:attachment":[{"href":"https:\/\/www.tablice-szklane.pl\/de\/wp-json\/wp\/v2\/media?parent=38255"}],"curies":[{"name":"wp","href":"https:\/\/api.w.org\/{rel}","templated":true}]}}