{"id":38299,"date":"2020-06-10T23:28:04","date_gmt":"2020-06-10T21:28:04","guid":{"rendered":"https:\/\/www.tablice-szklane.pl\/bunto-modern-mobile-glass-board\/"},"modified":"2020-06-10T23:28:04","modified_gmt":"2020-06-10T21:28:04","slug":"bunto-modern-mobile-glass-board","status":"publish","type":"page","link":"https:\/\/www.tablice-szklane.pl\/en\/bunto-modern-mobile-glass-board\/","title":{"rendered":"BUNTO MODERN MOBILE GLASS BOARD"},"content":{"rendered":"<div id=\"pl-38299\"  class=\"panel-layout\" ><div id=\"pg-38299-0\"  class=\"panel-grid panel-no-style\" ><div id=\"pgc-38299-0-0\"  class=\"panel-grid-cell\" ><div id=\"panel-38299-0-0-0\" class=\"so-panel widget widget_text panel-first-child\" data-index=\"0\" ><h3 class=\"widget-title\">BUNTO\u00aeMOBILE MODERN DESCRIPTION<\/h3>\t\t\t<div class=\"textwidget\">The elegant and slim design makes the BUNTO\u00aeMOBILE MODERN mobile glass board perfectly fit into the office space. The board has a single-sided writing surface and has magnetic properties. It is available in 3 material finishes depending on the color of the glass.    \n\n<\/div>\n\t\t<\/div><div id=\"panel-38299-0-0-1\" class=\"so-panel widget widget_black-studio-tinymce widget_black_studio_tinymce panel-last-child\" data-index=\"1\" ><div class=\"textwidget\"><p><img fetchpriority=\"high\" decoding=\"async\" class=\"alignleft size-full wp-image-21156\" src=\"https:\/\/www.tablice-szklane.pl\/wp-content\/uploads\/2020\/06\/bunto-wood-mobile.jpg\" alt=\"\" width=\"2500\" height=\"1875\" srcset=\"https:\/\/www.tablice-szklane.pl\/wp-content\/uploads\/2020\/06\/bunto-wood-mobile.jpg 2500w, https:\/\/www.tablice-szklane.pl\/wp-content\/uploads\/2020\/06\/bunto-wood-mobile-300x225.jpg 300w, https:\/\/www.tablice-szklane.pl\/wp-content\/uploads\/2020\/06\/bunto-wood-mobile-768x576.jpg 768w, https:\/\/www.tablice-szklane.pl\/wp-content\/uploads\/2020\/06\/bunto-wood-mobile-1024x768.jpg 1024w, https:\/\/www.tablice-szklane.pl\/wp-content\/uploads\/2020\/06\/bunto-wood-mobile-555x416.jpg 555w, https:\/\/www.tablice-szklane.pl\/wp-content\/uploads\/2020\/06\/bunto-wood-mobile-100x75.jpg 100w, https:\/\/www.tablice-szklane.pl\/wp-content\/uploads\/2020\/06\/bunto-wood-mobile-800x600.jpg 800w\" sizes=\"(max-width: 2500px) 100vw, 2500px\" \/><\/p>\n<\/div><\/div><\/div><\/div><div id=\"pg-38299-1\"  class=\"panel-grid panel-no-style\" ><div id=\"pgc-38299-1-0\"  class=\"panel-grid-cell\" ><div id=\"panel-38299-1-0-0\" class=\"so-panel widget widget_black-studio-tinymce widget_black_studio_tinymce panel-first-child panel-last-child\" data-index=\"2\" ><h3 class=\"widget-title\">Elegancki design<\/h3><div class=\"textwidget\"><p><img decoding=\"async\" class=\"alignleft size-full wp-image-19307\" src=\"https:\/\/www.tablice-szklane.pl\/wp-content\/uploads\/2020\/06\/tablica-mobilna-do-pisania.jpg\" alt=\"tablica szklana mobilna\" width=\"1200\" height=\"1200\" \/><\/p>\n<\/div><\/div><\/div><div id=\"pgc-38299-1-1\"  class=\"panel-grid-cell\" ><div id=\"panel-38299-1-1-0\" class=\"so-panel widget widget_black-studio-tinymce widget_black_studio_tinymce panel-first-child panel-last-child\" data-index=\"3\" ><h3 class=\"widget-title\">Nowoczesna tablica szklana do pisania<\/h3><div class=\"textwidget\"><p><img decoding=\"async\" class=\"alignleft size-full wp-image-19308\" src=\"https:\/\/www.tablice-szklane.pl\/wp-content\/uploads\/2020\/06\/tablica-szklana-mobilna-modern.jpg\" alt=\"Tablica szklana mobilna kolka\" width=\"1200\" height=\"1200\" \/><\/p>\n<\/div><\/div><\/div><\/div><div id=\"pg-38299-2\"  class=\"panel-grid panel-no-style\" ><div id=\"pgc-38299-2-0\"  class=\"panel-grid-cell\" ><div id=\"panel-38299-2-0-0\" class=\"so-panel widget widget_black-studio-tinymce widget_black_studio_tinymce panel-first-child\" data-index=\"4\" ><h3 class=\"widget-title\">Zalety<\/h3><div class=\"textwidget\"><p style=\"text-align: justify;\"><img loading=\"lazy\" decoding=\"async\" class=\"alignleft wp-image-19361 \" title=\"Tablica magnetyczna odporna na czynniki zewn\u0119trzne\" src=\"https:\/\/www.tablice-szklane.pl\/wp-content\/uploads\/2020\/03\/odpornosc.jpg\" alt=\"\" width=\"59\" height=\"59\" srcset=\"https:\/\/www.tablice-szklane.pl\/wp-content\/uploads\/2020\/03\/odpornosc.jpg 406w, https:\/\/www.tablice-szklane.pl\/wp-content\/uploads\/2020\/03\/odpornosc-400x400.jpg 400w, https:\/\/www.tablice-szklane.pl\/wp-content\/uploads\/2020\/03\/odpornosc-150x150.jpg 150w, https:\/\/www.tablice-szklane.pl\/wp-content\/uploads\/2020\/03\/odpornosc-300x300.jpg 300w, https:\/\/www.tablice-szklane.pl\/wp-content\/uploads\/2020\/03\/odpornosc-100x100.jpg 100w\" sizes=\"(max-width: 59px) 100vw, 59px\" \/><strong>Odporno\u015b\u0107 - <\/strong>Tablice magnetyczne wykonujemy ze szk\u0142a hartowanego, kt\u00f3re jest 5-7 krotnie bardziej wytrzyma\u0142e na uderzenia mechaniczne od zwyk\u0142ego szk\u0142a p\u0142askiego. Hartowanie polega na podgrzaniu szk\u0142a w piecu do wysokiej temperatury \u2013 oko\u0142o 620 stopni C, a nast\u0119pnie na szybkim sch\u0142odzeniu szk\u0142a za pomoc\u0105 spr\u0119\u017conego powietrza. Tablica hartowana mo\u017ce by\u0107 montowana w miejscach u\u017cyteczno\u015bci publicznej, firmach czy domach prywatnych.<\/p>\n<\/div><\/div><div id=\"panel-38299-2-0-1\" class=\"so-panel widget widget_black-studio-tinymce widget_black_studio_tinymce\" data-index=\"5\" ><div class=\"textwidget\"><p style=\"text-align: justify;\"><img loading=\"lazy\" decoding=\"async\" class=\"alignleft wp-image-19365 \" title=\"Produkt premium\" src=\"https:\/\/www.tablice-szklane.pl\/wp-content\/uploads\/2020\/03\/diament.jpg\" alt=\"\" width=\"68\" height=\"68\" srcset=\"https:\/\/www.tablice-szklane.pl\/wp-content\/uploads\/2020\/03\/diament.jpg 406w, https:\/\/www.tablice-szklane.pl\/wp-content\/uploads\/2020\/03\/diament-400x400.jpg 400w, https:\/\/www.tablice-szklane.pl\/wp-content\/uploads\/2020\/03\/diament-150x150.jpg 150w, https:\/\/www.tablice-szklane.pl\/wp-content\/uploads\/2020\/03\/diament-300x300.jpg 300w, https:\/\/www.tablice-szklane.pl\/wp-content\/uploads\/2020\/03\/diament-100x100.jpg 100w\" sizes=\"(max-width: 68px) 100vw, 68px\" \/><strong>Produkt premium<\/strong> - Tafla szklana nadaje wn\u0119trzu elegancji, dlatego znakomicie sprawdza si\u0119, jako dodatek do wystroju nowoczesnych biur i pokoi. Magnetyczne tablice szklane posiadaj\u0105 lekki po\u0142ysk, kt\u00f3ry jest delikatniejszy przy jasnych kolorach a bardziej wyrazisty przy ciemnych. Mo\u017cna po nich pisa\u0107 zwyk\u0142ymi pisakami do tablic sucho-\u015bcieralnych jak i pisakami kredowymi oraz permanentnymi.<\/p>\n<\/div><\/div><div id=\"panel-38299-2-0-2\" class=\"so-panel widget widget_black-studio-tinymce widget_black_studio_tinymce\" data-index=\"6\" ><div class=\"textwidget\"><p style=\"text-align: justify;\"><img loading=\"lazy\" decoding=\"async\" class=\"alignleft wp-image-19366 \" title=\"Tablica magnetyczna w r\u00f3\u017cnych kolorach\" src=\"https:\/\/www.tablice-szklane.pl\/wp-content\/uploads\/2020\/03\/kolory.jpg\" alt=\"\" width=\"62\" height=\"62\" srcset=\"https:\/\/www.tablice-szklane.pl\/wp-content\/uploads\/2020\/03\/kolory.jpg 406w, https:\/\/www.tablice-szklane.pl\/wp-content\/uploads\/2020\/03\/kolory-400x400.jpg 400w, https:\/\/www.tablice-szklane.pl\/wp-content\/uploads\/2020\/03\/kolory-150x150.jpg 150w, https:\/\/www.tablice-szklane.pl\/wp-content\/uploads\/2020\/03\/kolory-300x300.jpg 300w, https:\/\/www.tablice-szklane.pl\/wp-content\/uploads\/2020\/03\/kolory-100x100.jpg 100w\" sizes=\"(max-width: 62px) 100vw, 62px\" \/><strong>25 kolor\u00f3w <\/strong>Szklana tablica magnetyczna mo\u017ce by\u0107 polakierowana na dowolny kolor, co daje nowe mo\u017cliwo\u015bci przy urz\u0105dzaniu wn\u0119trz. W naszej standardowej ofercie mamy tablice: bia\u0142e, niebieskie, matowe(mleczne) i bezbarwne. Na \u017cyczenie klienta mo\u017cemy polakierowa\u0107 tafl\u0119 na wybrany kolor (je\u015bli jest dost\u0119pny w naszej palecie).<\/p>\n<\/div><\/div><div id=\"panel-38299-2-0-3\" class=\"so-panel widget widget_black-studio-tinymce widget_black_studio_tinymce\" data-index=\"7\" ><div class=\"textwidget\"><p><img loading=\"lazy\" decoding=\"async\" class=\"alignleft wp-image-19367 \" title=\"\u0141atwy monta\u017c tablic magnetycznych\" src=\"https:\/\/www.tablice-szklane.pl\/wp-content\/uploads\/2020\/03\/montaz.jpg\" alt=\"\" width=\"67\" height=\"67\" srcset=\"https:\/\/www.tablice-szklane.pl\/wp-content\/uploads\/2020\/03\/montaz.jpg 406w, https:\/\/www.tablice-szklane.pl\/wp-content\/uploads\/2020\/03\/montaz-400x400.jpg 400w, https:\/\/www.tablice-szklane.pl\/wp-content\/uploads\/2020\/03\/montaz-150x150.jpg 150w, https:\/\/www.tablice-szklane.pl\/wp-content\/uploads\/2020\/03\/montaz-300x300.jpg 300w, https:\/\/www.tablice-szklane.pl\/wp-content\/uploads\/2020\/03\/montaz-100x100.jpg 100w\" sizes=\"(max-width: 67px) 100vw, 67px\" \/><strong>\u0141atwy monta\u017c<\/strong> \u2013 Tablica jest zaprojektowana w ten spos\u00f3b, by ka\u017cdy m\u00f3g\u0142 j\u0105 samodzielnie zamontowa\u0107. Jest wysy\u0142ana na palecie. Po rozpakowaniu nale\u017cy dokr\u0119ci\u0107 k\u00f3\u0142ka i \u015bci\u0105gn\u0105\u0107 j\u0105 z palety.<\/p>\n<\/div><\/div><div id=\"panel-38299-2-0-4\" class=\"so-panel widget widget_black-studio-tinymce widget_black_studio_tinymce panel-last-child\" data-index=\"8\" ><h3 class=\"widget-title\">Dane techniczne<\/h3><div class=\"textwidget\"><h4>Tablica szklana mobilna BUNTO\u00aeMOBILE MODERN:<\/h4>\n<ol>\n<li><strong>Wymiar<\/strong>: 190 x 100 cm<\/li>\n<li><strong>Szk\u0142o<\/strong>: bezpieczne hartowane \/ dost\u0119pne 25 kolor\u00f3w.<\/li>\n<li><strong>Konstrukcja<\/strong>: lekka z obiciem materia\u0142owym.<\/li>\n<li><strong>W\u0142a\u015bciwo\u015bci jezdne<\/strong>: 4 k\u00f3\u0142ka jezdne z hamulcami<\/li>\n<li><strong>W zestawie<\/strong>: marker, p\u00f3\u0142ka magnetyczna, 2 magnesy i \u015bcierka typu fibra, g\u0105bka.<\/li>\n<li><strong>Ci\u0119\u017car<\/strong>: 35 kg netto.<strong><br \/>\n<\/strong><\/li>\n<li><strong>Magnetyczno\u015b\u0107<\/strong>: na magnesy neodymowe srebrne.<\/li>\n<li><strong>Dostawa<\/strong>: na palecie.<\/li>\n<\/ol>\n<p>&nbsp;<\/p>\n<p>&nbsp;<\/p>\n<p>&nbsp;<\/p>\n<\/div><\/div><\/div><\/div><\/div>","protected":false},"excerpt":{"rendered":"<p>The pure whiteness of the presented board will make everyone in the room focus on it, which is why it is an ideal product for effective presentations and in itself being an element of the innovative interior design&#8230;<\/p>\n","protected":false},"author":1,"featured_media":0,"parent":0,"menu_order":0,"comment_status":"closed","ping_status":"closed","template":"","meta":{"om_disable_all_campaigns":false,"footnotes":""},"yoast_head":"<!-- This site is optimized with the Yoast SEO Premium plugin v23.0 (Yoast SEO v23.0) - https:\/\/yoast.com\/wordpress\/plugins\/seo\/ -->\n<title>Mobile glass board BUNTO MOBILE<\/title>\n<meta name=\"description\" content=\"Elegant mobile glass board BUNTO\u00aeMOBILE SLIM - ideal for the office. Available in 25 colours. Double-sided with the option of 2 colors - back and front.\" \/>\n<meta name=\"robots\" content=\"index, follow, max-snippet:-1, max-image-preview:large, max-video-preview:-1\" \/>\n<link rel=\"canonical\" href=\"https:\/\/www.tablice-szklane.pl\/en\/bunto-modern-mobile-glass-board\/\" \/>\n<meta property=\"og:locale\" content=\"en_US\" \/>\n<meta property=\"og:type\" content=\"article\" \/>\n<meta property=\"og:title\" content=\"BUNTO MODERN MOBILE GLASS BOARD\" \/>\n<meta property=\"og:description\" content=\"Elegant mobile glass board BUNTO\u00aeMOBILE SLIM - ideal for the office. Available in 25 colours. Double-sided with the option of 2 colors - back and front.\" \/>\n<meta property=\"og:url\" content=\"https:\/\/www.tablice-szklane.pl\/en\/bunto-modern-mobile-glass-board\/\" \/>\n<meta property=\"og:site_name\" content=\"Bunto\" \/>\n<meta name=\"twitter:card\" content=\"summary_large_image\" \/>\n<script type=\"application\/ld+json\" class=\"yoast-schema-graph\">{\"@context\":\"https:\/\/schema.org\",\"@graph\":[{\"@type\":\"WebPage\",\"@id\":\"https:\/\/www.tablice-szklane.pl\/en\/bunto-modern-mobile-glass-board\/\",\"url\":\"https:\/\/www.tablice-szklane.pl\/en\/bunto-modern-mobile-glass-board\/\",\"name\":\"Mobile glass board BUNTO MOBILE\",\"isPartOf\":{\"@id\":\"https:\/\/www.tablice-szklane.pl\/en\/#website\"},\"datePublished\":\"2020-06-10T21:28:04+00:00\",\"dateModified\":\"2020-06-10T21:28:04+00:00\",\"description\":\"Elegant mobile glass board BUNTO\u00aeMOBILE SLIM - ideal for the office. Available in 25 colours. Double-sided with the option of 2 colors - back and front.\",\"breadcrumb\":{\"@id\":\"https:\/\/www.tablice-szklane.pl\/en\/bunto-modern-mobile-glass-board\/#breadcrumb\"},\"inLanguage\":\"en-US\",\"potentialAction\":[{\"@type\":\"ReadAction\",\"target\":[\"https:\/\/www.tablice-szklane.pl\/en\/bunto-modern-mobile-glass-board\/\"]}]},{\"@type\":\"BreadcrumbList\",\"@id\":\"https:\/\/www.tablice-szklane.pl\/en\/bunto-modern-mobile-glass-board\/#breadcrumb\",\"itemListElement\":[{\"@type\":\"ListItem\",\"position\":1,\"name\":\"Strona g\u0142\u00f3wna\",\"item\":\"https:\/\/www.tablice-szklane.pl\/en\/\"},{\"@type\":\"ListItem\",\"position\":2,\"name\":\"BUNTO MODERN MOBILE GLASS BOARD\"}]},{\"@type\":\"WebSite\",\"@id\":\"https:\/\/www.tablice-szklane.pl\/en\/#website\",\"url\":\"https:\/\/www.tablice-szklane.pl\/en\/\",\"name\":\"Bunto\",\"description\":\"\",\"publisher\":{\"@id\":\"https:\/\/www.tablice-szklane.pl\/en\/#organization\"},\"potentialAction\":[{\"@type\":\"SearchAction\",\"target\":{\"@type\":\"EntryPoint\",\"urlTemplate\":\"https:\/\/www.tablice-szklane.pl\/en\/?s={search_term_string}\"},\"query-input\":\"required name=search_term_string\"}],\"inLanguage\":\"en-US\"},{\"@type\":[\"Organization\",\"Place\"],\"@id\":\"https:\/\/www.tablice-szklane.pl\/en\/#organization\",\"name\":\"Bunto\",\"url\":\"https:\/\/www.tablice-szklane.pl\/en\/\",\"logo\":{\"@id\":\"https:\/\/www.tablice-szklane.pl\/en\/bunto-modern-mobile-glass-board\/#local-main-organization-logo\"},\"image\":{\"@id\":\"https:\/\/www.tablice-szklane.pl\/en\/bunto-modern-mobile-glass-board\/#local-main-organization-logo\"},\"telephone\":[],\"openingHoursSpecification\":[{\"@type\":\"OpeningHoursSpecification\",\"dayOfWeek\":[\"Monday\",\"Tuesday\",\"Wednesday\",\"Thursday\",\"Friday\",\"Saturday\",\"Sunday\"],\"opens\":\"09:00\",\"closes\":\"17:00\"}]},{\"@type\":\"ImageObject\",\"inLanguage\":\"en-US\",\"@id\":\"https:\/\/www.tablice-szklane.pl\/en\/bunto-modern-mobile-glass-board\/#local-main-organization-logo\",\"url\":\"https:\/\/www.tablice-szklane.pl\/wp-content\/uploads\/2024\/01\/Logo-Bunto-2021.jpg\",\"contentUrl\":\"https:\/\/www.tablice-szklane.pl\/wp-content\/uploads\/2024\/01\/Logo-Bunto-2021.jpg\",\"width\":936,\"height\":421,\"caption\":\"Bunto\"}]}<\/script>\n<!-- \/ Yoast SEO Premium plugin. -->","yoast_head_json":{"title":"Mobile glass board BUNTO MOBILE","description":"Elegant mobile glass board BUNTO\u00aeMOBILE SLIM - ideal for the office. Available in 25 colours. Double-sided with the option of 2 colors - back and front.","robots":{"index":"index","follow":"follow","max-snippet":"max-snippet:-1","max-image-preview":"max-image-preview:large","max-video-preview":"max-video-preview:-1"},"canonical":"https:\/\/www.tablice-szklane.pl\/en\/bunto-modern-mobile-glass-board\/","og_locale":"en_US","og_type":"article","og_title":"BUNTO MODERN MOBILE GLASS BOARD","og_description":"Elegant mobile glass board BUNTO\u00aeMOBILE SLIM - ideal for the office. Available in 25 colours. Double-sided with the option of 2 colors - back and front.","og_url":"https:\/\/www.tablice-szklane.pl\/en\/bunto-modern-mobile-glass-board\/","og_site_name":"Bunto","twitter_card":"summary_large_image","schema":{"@context":"https:\/\/schema.org","@graph":[{"@type":"WebPage","@id":"https:\/\/www.tablice-szklane.pl\/en\/bunto-modern-mobile-glass-board\/","url":"https:\/\/www.tablice-szklane.pl\/en\/bunto-modern-mobile-glass-board\/","name":"Mobile glass board BUNTO MOBILE","isPartOf":{"@id":"https:\/\/www.tablice-szklane.pl\/en\/#website"},"datePublished":"2020-06-10T21:28:04+00:00","dateModified":"2020-06-10T21:28:04+00:00","description":"Elegant mobile glass board BUNTO\u00aeMOBILE SLIM - ideal for the office. Available in 25 colours. Double-sided with the option of 2 colors - back and front.","breadcrumb":{"@id":"https:\/\/www.tablice-szklane.pl\/en\/bunto-modern-mobile-glass-board\/#breadcrumb"},"inLanguage":"en-US","potentialAction":[{"@type":"ReadAction","target":["https:\/\/www.tablice-szklane.pl\/en\/bunto-modern-mobile-glass-board\/"]}]},{"@type":"BreadcrumbList","@id":"https:\/\/www.tablice-szklane.pl\/en\/bunto-modern-mobile-glass-board\/#breadcrumb","itemListElement":[{"@type":"ListItem","position":1,"name":"Strona g\u0142\u00f3wna","item":"https:\/\/www.tablice-szklane.pl\/en\/"},{"@type":"ListItem","position":2,"name":"BUNTO MODERN MOBILE GLASS BOARD"}]},{"@type":"WebSite","@id":"https:\/\/www.tablice-szklane.pl\/en\/#website","url":"https:\/\/www.tablice-szklane.pl\/en\/","name":"Bunto","description":"","publisher":{"@id":"https:\/\/www.tablice-szklane.pl\/en\/#organization"},"potentialAction":[{"@type":"SearchAction","target":{"@type":"EntryPoint","urlTemplate":"https:\/\/www.tablice-szklane.pl\/en\/?s={search_term_string}"},"query-input":"required name=search_term_string"}],"inLanguage":"en-US"},{"@type":["Organization","Place"],"@id":"https:\/\/www.tablice-szklane.pl\/en\/#organization","name":"Bunto","url":"https:\/\/www.tablice-szklane.pl\/en\/","logo":{"@id":"https:\/\/www.tablice-szklane.pl\/en\/bunto-modern-mobile-glass-board\/#local-main-organization-logo"},"image":{"@id":"https:\/\/www.tablice-szklane.pl\/en\/bunto-modern-mobile-glass-board\/#local-main-organization-logo"},"telephone":[],"openingHoursSpecification":[{"@type":"OpeningHoursSpecification","dayOfWeek":["Monday","Tuesday","Wednesday","Thursday","Friday","Saturday","Sunday"],"opens":"09:00","closes":"17:00"}]},{"@type":"ImageObject","inLanguage":"en-US","@id":"https:\/\/www.tablice-szklane.pl\/en\/bunto-modern-mobile-glass-board\/#local-main-organization-logo","url":"https:\/\/www.tablice-szklane.pl\/wp-content\/uploads\/2024\/01\/Logo-Bunto-2021.jpg","contentUrl":"https:\/\/www.tablice-szklane.pl\/wp-content\/uploads\/2024\/01\/Logo-Bunto-2021.jpg","width":936,"height":421,"caption":"Bunto"}]}},"_links":{"self":[{"href":"https:\/\/www.tablice-szklane.pl\/en\/wp-json\/wp\/v2\/pages\/38299"}],"collection":[{"href":"https:\/\/www.tablice-szklane.pl\/en\/wp-json\/wp\/v2\/pages"}],"about":[{"href":"https:\/\/www.tablice-szklane.pl\/en\/wp-json\/wp\/v2\/types\/page"}],"author":[{"embeddable":true,"href":"https:\/\/www.tablice-szklane.pl\/en\/wp-json\/wp\/v2\/users\/1"}],"replies":[{"embeddable":true,"href":"https:\/\/www.tablice-szklane.pl\/en\/wp-json\/wp\/v2\/comments?post=38299"}],"version-history":[{"count":0,"href":"https:\/\/www.tablice-szklane.pl\/en\/wp-json\/wp\/v2\/pages\/38299\/revisions"}],"wp:attachment":[{"href":"https:\/\/www.tablice-szklane.pl\/en\/wp-json\/wp\/v2\/media?parent=38299"}],"curies":[{"name":"wp","href":"https:\/\/api.w.org\/{rel}","templated":true}]}}