{"id":38425,"date":"2015-10-18T08:58:34","date_gmt":"2015-10-18T06:58:34","guid":{"rendered":"https:\/\/www.tablice-szklane.pl\/dry-erase-board\/"},"modified":"2025-06-22T17:34:46","modified_gmt":"2025-06-22T15:34:46","slug":"dry-erase-board","status":"publish","type":"page","link":"https:\/\/www.tablice-szklane.pl\/en\/dry-erase-board\/","title":{"rendered":"Dry erase board"},"content":{"rendered":"<div id=\"pl-38425\"  class=\"panel-layout\" ><div id=\"pg-38425-0\"  class=\"panel-grid panel-has-style\" ><div class=\"panel-row-style panel-row-style-for-38425-0\" ><div id=\"pgc-38425-0-0\"  class=\"panel-grid-cell\" ><div id=\"panel-38425-0-0-0\" class=\"so-panel widget widget_black-studio-tinymce widget_black_studio_tinymce panel-first-child panel-last-child\" data-index=\"0\" ><div class=\"textwidget\"><p><img fetchpriority=\"high\" decoding=\"async\" class=\"alignnone wp-image-2775 size-full\" title=\"Tablica sucho\u015bcieralna do pisania\" src=\"http:\/\/www.tablice-szklane.pl\/wp-content\/uploads\/2015\/10\/tablica-infront.png\" alt=\"Tablica sucho\u015bcieralna\" width=\"537\" height=\"332\" srcset=\"https:\/\/www.tablice-szklane.pl\/wp-content\/uploads\/2015\/10\/tablica-infront.png 537w, https:\/\/www.tablice-szklane.pl\/wp-content\/uploads\/2015\/10\/tablica-infront-300x185.png 300w\" sizes=\"(max-width: 537px) 100vw, 537px\" \/><\/p>\n<\/div><\/div><\/div><div id=\"pgc-38425-0-1\"  class=\"panel-grid-cell\" ><div id=\"panel-38425-0-1-0\" class=\"so-panel widget widget_black-studio-tinymce widget_black_studio_tinymce panel-first-child panel-last-child\" data-index=\"1\" ><div class=\"textwidget\"><h3>Tablica szklana sucho\u015bcieralna - \u00a0produkt na d\u0142ugie lata<\/h3>\n<p style=\"text-align: justify;\">Pojawienie si\u0119\u00a0wysokiej jako\u015bci kolorowego szk\u0142a p\u0142askiego, kt\u00f3re znakomicie sprawdza si\u0119 w roli tablicy sucho\u015bcieralnej do pisania, wprowadzi\u0142o now\u0105 estetyk\u0119 do biur i sal konferencyjnych. \u00a0G\u0142adka i przejrzysta powierzchnia z delikatnym refleksem, oszlifowane i wypolerowane kraw\u0119dzie szk\u0142a hartowanego oraz szeroka kolorystyka, sprawiaj\u0105, \u017ce jest to produkt, kt\u00f3ry nadaje ka\u017cdemu pomieszczeniu unikalny wygl\u0105d. Poza walorami estetycznymi tablica posiada r\u00f3wnie\u017c znakomit\u0105 odporno\u015b\u0107 - \u00a0zbudowana jest z\u00a0<strong>certyfikowanego szk\u0142a bezpiecznego,<\/strong>\u00a0kt\u00f3re mo\u017cemy stosowa\u0107 w budynkach u\u017cytku publicznego.<\/p>\n<p>Sucho\u015bcieralne tablice szklane zosta\u0142y zaprojektowane z my\u015bl\u0105 o zwi\u0119kszeniu walor\u00f3w estetycznych zwyk\u0142ych tablic sucho\u015bcieralnych oraz ich wytrzyma\u0142o\u015bci. Powierzchnia tablicy szklanej <strong>jest w pe\u0142ni \u015bcieralna<\/strong> a przez to nie jest mo\u017cliwym\u00a0jej<strong>\u00a0<\/strong>zabrudzenie<strong>; <\/strong>dodatkowo\u00a0nie wida\u0107 na niej \u015blad\u00f3w u\u017cytkowania takich jak smugi, przebarwienia. Do tablic szklanych dodatkowo mo\u017cesz <strong>u\u017cywa\u0107 dowolnych marker\u00f3w<\/strong>, farb oraz wszystkiego co nadaje si\u0119 do rysowania. Tablice sucho\u015bcieralne firmy Twojszklarz.pl jest to idealne po\u0142\u0105czenie <strong>\u017cywej i eleganckiej kolorystyki<\/strong>\u00a0 <strong>z praktycznymi\u00a0walorami u\u017cytkowymi<\/strong>.<\/p>\n<\/div><\/div><\/div><\/div><\/div><div id=\"pg-38425-1\"  class=\"panel-grid panel-no-style\" ><div id=\"pgc-38425-1-0\"  class=\"panel-grid-cell\" ><div id=\"panel-38425-1-0-0\" class=\"so-panel widget widget_black-studio-tinymce widget_black_studio_tinymce panel-first-child\" data-index=\"2\" ><div class=\"textwidget\"><h3>Szerokie zastosowanie tablic<\/h3>\n<p>Nasze tablice sucho\u015bcieralne znajduj\u0105 szerokie zastosowanie w:<\/p>\n<p><span style=\"color: #4687bf;\"><span class=\"icon-container\"><span class=\"fa fa-check\"><\/span><\/span><\/span> firmach (biura,sale konferencyjne,recepcje,magazyny)<br \/>\n<span style=\"color: #4687bf;\"><span class=\"icon-container\"><span class=\"fa fa-check\"><\/span><\/span><\/span> domach (\u015bcianki kreatywne, notatniki nad biurkiem)<br \/>\n<span style=\"color: #4687bf;\"><span class=\"icon-container\"><span class=\"fa fa-check\"><\/span><\/span><\/span> szko\u0142ach (tablice lekcyjne, tablice do prezentacji)<br \/>\n<span style=\"color: #4687bf;\"><span class=\"icon-container\"><span class=\"fa fa-check\"><\/span><\/span><\/span> szpitalach (tablice informacyjne: przychodnie,recepcje)<br \/>\n<span style=\"color: #4687bf;\"><span class=\"icon-container\"><span class=\"fa fa-check\"><\/span><\/span><\/span> warsztatach (tablica jako grafik zada\u0144)<br \/>\n<span style=\"color: #4687bf;\"><span class=\"icon-container\"><span class=\"fa fa-check\"><\/span><\/span><\/span> pokojach dzieci\u0119cych (bezpieczne tablice do nauki malowania i j\u0119zyk\u00f3w)<br \/>\n<span style=\"color: #4687bf;\"><span class=\"icon-container\"><span class=\"fa fa-check\"><\/span><\/span><\/span> barach i restauracjach (zapisywanie menu)<\/p>\n<p>Poza praktycznym praktycznym aspektem u\u017cytkowym, tablice szklane sprawdzaj\u0105 si\u0119 jako bardzo atrakcyjny element wystroju wn\u0119trza.<\/p>\n<\/div><\/div><div id=\"panel-38425-1-0-1\" class=\"so-panel widget widget_pt_brochure_box widget-brochure-box panel-last-child\" data-index=\"3\" >\t\t\t<a class=\"brochure-box\" href=\"#\" >\n\t\t\t\t<i class=\"fa  fa-file-pdf-o\"><\/i>\n\t\t\t\t<h5 class=\"brochure-box__text\">Zobacz nasz\u0105 broszur\u0119<\/h5>\n\t\t\t<\/a>\n\n\t\t\t<\/div><\/div><div id=\"pgc-38425-1-1\"  class=\"panel-grid-cell\" ><div id=\"panel-38425-1-1-0\" class=\"so-panel widget widget_black-studio-tinymce widget_black_studio_tinymce panel-first-child panel-last-child\" data-index=\"4\" ><div class=\"textwidget\"><p>\u00a0<img decoding=\"async\" class=\"aligncenter wp-image-2784 size-full\" title=\"Zastosowanie tablic sucho\u015bcieralnych\" src=\"http:\/\/www.tablice-szklane.pl\/wp-content\/uploads\/2015\/10\/Tablice-przeznaczenie.png\" alt=\"tablica sucho\u015bcieralna\" width=\"405\" height=\"404\" srcset=\"https:\/\/www.tablice-szklane.pl\/wp-content\/uploads\/2015\/10\/Tablice-przeznaczenie.png 405w, https:\/\/www.tablice-szklane.pl\/wp-content\/uploads\/2015\/10\/Tablice-przeznaczenie-400x400.png 400w, https:\/\/www.tablice-szklane.pl\/wp-content\/uploads\/2015\/10\/Tablice-przeznaczenie-100x100.png 100w, https:\/\/www.tablice-szklane.pl\/wp-content\/uploads\/2015\/10\/Tablice-przeznaczenie-150x150.png 150w, https:\/\/www.tablice-szklane.pl\/wp-content\/uploads\/2015\/10\/Tablice-przeznaczenie-300x300.png 300w\" sizes=\"(max-width: 405px) 100vw, 405px\" \/><\/p>\n<\/div><\/div><\/div><\/div><div id=\"pg-38425-2\"  class=\"panel-grid panel-no-style\" ><div id=\"pgc-38425-2-0\"  class=\"panel-grid-cell\" ><div id=\"panel-38425-2-0-0\" class=\"so-panel widget widget_black-studio-tinymce widget_black_studio_tinymce panel-first-child panel-last-child\" data-index=\"5\" ><div class=\"textwidget\"><p><img decoding=\"async\" class=\"alignnone wp-image-2773 size-full\" title=\"Rozmiary tablic sucho\u015bcieralnych\" src=\"http:\/\/www.tablice-szklane.pl\/wp-content\/uploads\/2015\/10\/tablice-rozmiary2.png\" alt=\"tablica sucho\u015bcieralna na wymiar\" width=\"540\" height=\"398\" srcset=\"https:\/\/www.tablice-szklane.pl\/wp-content\/uploads\/2015\/10\/tablice-rozmiary2.png 540w, https:\/\/www.tablice-szklane.pl\/wp-content\/uploads\/2015\/10\/tablice-rozmiary2-300x221.png 300w, https:\/\/www.tablice-szklane.pl\/wp-content\/uploads\/2015\/10\/tablice-rozmiary2-100x75.png 100w\" sizes=\"(max-width: 540px) 100vw, 540px\" \/><\/p>\n<\/div><\/div><\/div><div id=\"pgc-38425-2-1\"  class=\"panel-grid-cell\" ><div id=\"panel-38425-2-1-0\" class=\"so-panel widget widget_black-studio-tinymce widget_black_studio_tinymce panel-first-child panel-last-child\" data-index=\"6\" ><div class=\"textwidget\"><h3>Tablice sucho\u015bcieralne dost\u0119pne r\u00f3\u017cnych kolorach<\/h3>\n<p>Tablica sucho\u015bcieralna szklana dost\u0119pna jest w trzech standardowych rozmiarach. Na \u017cyczenie klienta mo\u017cemy wykona\u0107 tablic\u0119 na wymiar oraz dobiera\u0107 kolor z oferowanej przez nas palety. W przypadku zam\u00f3wie\u0144 indywidualnych prosimy o wys\u0142anie zapytania za pomoc\u0105 formularza poni\u017cej, na podstawie kt\u00f3rego przygotujemy wycen\u0119.<\/p>\n<p><img loading=\"lazy\" decoding=\"async\" class=\"alignnone wp-image-2735 size-full\" title=\"Dost\u0119pne kolory tablic sucho\u015bcieralnych\" src=\"http:\/\/www.tablice-szklane.pl\/wp-content\/uploads\/2015\/10\/kolory-tablic.png\" alt=\"tablica sucho\u015bcieralna kolory\" width=\"542\" height=\"200\" srcset=\"https:\/\/www.tablice-szklane.pl\/wp-content\/uploads\/2015\/10\/kolory-tablic.png 542w, https:\/\/www.tablice-szklane.pl\/wp-content\/uploads\/2015\/10\/kolory-tablic-300x111.png 300w\" sizes=\"(max-width: 542px) 100vw, 542px\" \/><br \/> <a href=\"http:\/\/www.glascor.com\/\" target=\"_blank\" rel=\"nofollow\">Zobacz pe\u0142n\u0105 palet\u0119 kolor\u00f3w<\/a><\/p>\n<\/div><\/div><\/div><\/div><div id=\"pg-38425-3\"  class=\"panel-grid panel-no-style\" ><div id=\"pgc-38425-3-0\"  class=\"panel-grid-cell\" ><div id=\"panel-38425-3-0-0\" class=\"so-panel widget widget_black-studio-tinymce widget_black_studio_tinymce panel-first-child panel-last-child\" data-index=\"7\" ><div class=\"textwidget\"><h3 class=\"style1-heading\">Specyfikacja produktu<\/h3>\n<p><span style=\"color: #4687bf;\"><span class=\"icon-container\"><span class=\"fa fa-check\"><\/span><\/span><\/span> Tablice produktowane s\u0105 na bazie szk\u0142a hartowanego o du\u017cej wytrzyma\u0142o\u015bci<br \/>\n<span style=\"color: #4687bf;\"><span class=\"icon-container\"><span class=\"fa fa-check\"><\/span><\/span><\/span> Tylna cz\u0119\u015b\u0107 tablicy to panel blaszany o w\u0142a\u015bciwo\u015bciach magnetycznych<br \/>\n<span style=\"color: #4687bf;\"><span class=\"icon-container\"><span class=\"fa fa-check\"><\/span><\/span><\/span> Do wieszania tablic u\u017cywane s\u0105 wygodne mocowania o odpowiednich parametrach wytrzyma\u0142o\u015bciowych<br \/>\n<span style=\"color: #4687bf;\"><span class=\"icon-container\"><span class=\"fa fa-check\"><\/span><\/span><\/span> Do zestawu do\u0142\u0105czone s\u0105 magneysy (x2) oraz markery sucho\u015bcieralne (x2)<br \/>\n<span style=\"color: #4687bf;\"><span class=\"icon-container\"><span class=\"fa fa-check\"><\/span><\/span><\/span> Produkt wysy\u0142any jest w ochronnym opakowaniu, nie musimy obawia\u0107 si\u0119 defekt\u00f3w na tablicy<br \/>\n<span style=\"color: #4687bf;\"><span class=\"icon-container\"><span class=\"fa fa-check\"><\/span><\/span><\/span> Realizujemy monta\u017ce oraz zam\u00f3wienia hurtowe dla firm (wysy\u0142ka na paletach poza granic\u0119)<\/p>\n<\/div><\/div><\/div><\/div><div id=\"pg-38425-4\"  class=\"panel-grid panel-no-style\" ><div id=\"pgc-38425-4-0\"  class=\"panel-grid-cell\" ><div id=\"panel-38425-4-0-0\" class=\"so-panel widget widget_black-studio-tinymce widget_black_studio_tinymce panel-first-child panel-last-child\" data-index=\"8\" ><div class=\"textwidget\"><p><img loading=\"lazy\" decoding=\"async\" class=\"alignleft wp-image-2726 size-full\" title=\"Zalety szklanych tablic sucho\u015bcieralnych\" src=\"http:\/\/www.tablice-szklane.pl\/wp-content\/uploads\/2015\/10\/temp0061.png\" alt=\"tablica sucho\u015bcieralna szklana\" width=\"534\" height=\"211\" srcset=\"https:\/\/www.tablice-szklane.pl\/wp-content\/uploads\/2015\/10\/temp0061.png 534w, https:\/\/www.tablice-szklane.pl\/wp-content\/uploads\/2015\/10\/temp0061-300x119.png 300w\" sizes=\"(max-width: 534px) 100vw, 534px\" \/><\/p>\n<h3 class=\"style1-heading\">Szklana tablica vs.\u00a0zwyk\u0142a sucho\u015bcieralna<\/h3>\n<div class=\"sect-5\">\n<p>Jednym z najbardziej irytuj\u0105cych mankament\u00f3w zwyk\u0142ych tablic jest ich zu\u017cycie w postaci smug, przebarwie\u0144, zarysowa\u0144 kt\u00f3re sprawiaj\u0105 \u017ce produkt po kr\u00f3tkim okresie czasu traci ca\u0142kowicie walory estetyczne. Kwestia ta nie dotyczy tablic szklanych kt\u00f3re dzi\u0119ki zastosowaniu szk\u0142a hartowanego jako bazowanego materia\u0142u, s\u0105 odporne na dzia\u0142ania ludzkie takie jak: zarysowania,uderzenia,nacisk,przebarwienia od stosowanej chemii jak r\u00f3wnie\u017c temperatur\u0119 czy dzia\u0142ania kwasem. Jak wida\u0107 szk\u0142o nie bez kozery jest stosowane w oknach i coraz cz\u0119\u015bciej znajdziemy go w r\u00f3\u017cnego typu produktach u\u0142atwiaj\u0105cych nam \u017cycie.<\/p>\n<\/div>\n<\/div><\/div><\/div><\/div><div id=\"pg-38425-5\"  class=\"panel-grid panel-no-style\" ><div id=\"pgc-38425-5-0\"  class=\"panel-grid-cell\" ><div id=\"panel-38425-5-0-0\" class=\"so-panel widget widget_black-studio-tinymce widget_black_studio_tinymce panel-first-child panel-last-child\" data-index=\"9\" ><h3 class=\"widget-title\">Zapytaj o tablice<\/h3><div class=\"textwidget\"><p>\n<div class=\"wpcf7 no-js\" id=\"wpcf7-f2714-o1\" lang=\"pl-PL\" dir=\"ltr\">\n<div class=\"screen-reader-response\"><p role=\"status\" aria-live=\"polite\" aria-atomic=\"true\"><\/p> <ul><\/ul><\/div>\n<form action=\"\/en\/wp-json\/wp\/v2\/pages\/38425#wpcf7-f2714-o1\" method=\"post\" class=\"wpcf7-form init\" aria-label=\"Formularz kontaktowy\" novalidate=\"novalidate\" data-status=\"init\">\n<div style=\"display: none;\">\n<input type=\"hidden\" name=\"_wpcf7\" value=\"2714\" \/>\n<input type=\"hidden\" name=\"_wpcf7_version\" value=\"5.7.6\" \/>\n<input type=\"hidden\" name=\"_wpcf7_locale\" value=\"pl_PL\" \/>\n<input type=\"hidden\" name=\"_wpcf7_unit_tag\" value=\"wpcf7-f2714-o1\" \/>\n<input type=\"hidden\" name=\"_wpcf7_container_post\" value=\"0\" \/>\n<input type=\"hidden\" name=\"_wpcf7_posted_data_hash\" value=\"\" \/>\n<input type=\"hidden\" name=\"_wpcf7_recaptcha_response\" value=\"\" \/>\n<\/div>\n<div class=\"row\">\n\t<p><span class=\"wpcf7-form-control-wrap\" data-name=\"your-name\"><input size=\"40\" class=\"wpcf7-form-control wpcf7-text wpcf7-validates-as-required\" aria-required=\"true\" aria-invalid=\"false\" placeholder=\"Imi\u0119 i nazwisko\" value=\"\" type=\"text\" name=\"your-name\" \/><\/span><br \/>\n<span class=\"wpcf7-form-control-wrap\" data-name=\"your-email\"><input size=\"40\" class=\"wpcf7-form-control wpcf7-text wpcf7-email wpcf7-validates-as-required wpcf7-validates-as-email\" aria-required=\"true\" aria-invalid=\"false\" placeholder=\"E-mail\" value=\"\" type=\"email\" name=\"your-email\" \/><\/span><br \/>\n<span class=\"wpcf7-form-control-wrap\" data-name=\"tel-683\"><input size=\"40\" class=\"wpcf7-form-control wpcf7-text wpcf7-tel wpcf7-validates-as-required wpcf7-validates-as-tel\" aria-required=\"true\" aria-invalid=\"false\" placeholder=\"Telefon\" value=\"\" type=\"tel\" name=\"tel-683\" \/><\/span><br \/>\n<span class=\"wpcf7-form-control-wrap\" data-name=\"your-subject\"><input size=\"40\" class=\"wpcf7-form-control wpcf7-text\" aria-invalid=\"false\" placeholder=\"Temat\" value=\"\" type=\"text\" name=\"your-subject\" \/><\/span><br \/>\n<span class=\"wpcf7-form-control-wrap\" data-name=\"your-message\"><textarea cols=\"40\" rows=\"10\" class=\"wpcf7-form-control wpcf7-textarea wpcf7-validates-as-required\" aria-required=\"true\" aria-invalid=\"false\" placeholder=\"Opisz sw\u00f3j projekt\" name=\"your-message\"><\/textarea><\/span><br \/>\n<input class=\"wpcf7-form-control has-spinner wpcf7-submit btn btn-primary\" type=\"submit\" value=\"WYSLIJ ZAPYTANIE\" \/>\n\t<\/p>\n<\/div><p style=\"display: none !important;\" class=\"akismet-fields-container\" data-prefix=\"_wpcf7_ak_\"><label>&#916;<textarea name=\"_wpcf7_ak_hp_textarea\" cols=\"45\" rows=\"8\" maxlength=\"100\"><\/textarea><\/label><input type=\"hidden\" id=\"ak_js_1\" name=\"_wpcf7_ak_js\" value=\"209\"\/><script>document.getElementById( \"ak_js_1\" ).setAttribute( \"value\", ( new Date() ).getTime() );<\/script><\/p><div class=\"wpcf7-response-output\" aria-hidden=\"true\"><\/div>\n<\/form>\n<\/div>\n<\/p>\n<\/div><\/div><\/div><\/div><\/div>","protected":false},"excerpt":{"rendered":"<p>Tablica szklana sucho\u015bcieralna &#8211; \u00a0produkt na d\u0142ugie lata Pojawienie si\u0119\u00a0wysokiej jako\u015bci kolorowego szk\u0142a p\u0142askiego, kt\u00f3re znakomicie sprawdza si\u0119 w roli tablicy sucho\u015bcieralnej do pisania, wprowadzi\u0142o now\u0105 estetyk\u0119 do biur i sal konferencyjnych. \u00a0G\u0142adka i przejrzysta powierzchnia z delikatnym refleksem, oszlifowane i wypolerowane kraw\u0119dzie szk\u0142a hartowanego oraz szeroka kolorystyka, sprawiaj\u0105, \u017ce jest to produkt, kt\u00f3ry nadaje &hellip;<\/p>\n","protected":false},"author":1,"featured_media":0,"parent":0,"menu_order":0,"comment_status":"closed","ping_status":"closed","template":"","meta":{"om_disable_all_campaigns":false,"footnotes":""},"yoast_head":"<!-- This site is optimized with the Yoast SEO Premium plugin v23.0 (Yoast SEO v23.0) - https:\/\/yoast.com\/wordpress\/plugins\/seo\/ -->\n<title>Magnetic Dry-Erase Board | Various colors<\/title>\n<meta name=\"description\" content=\"A dry-erase board made of tempered glass, resistant to impacts, smearing, scratches. Available in different colours. Domestic manufacturer.\" \/>\n<meta name=\"robots\" content=\"index, follow, max-snippet:-1, max-image-preview:large, max-video-preview:-1\" \/>\n<link rel=\"canonical\" href=\"https:\/\/www.tablice-szklane.pl\/en\/dry-erase-board\/\" \/>\n<meta property=\"og:locale\" content=\"en_US\" \/>\n<meta property=\"og:type\" content=\"article\" \/>\n<meta property=\"og:title\" content=\"Dry erase board\" \/>\n<meta property=\"og:description\" content=\"A dry-erase board made of tempered glass, resistant to impacts, smearing, scratches. Available in different colours. Domestic manufacturer.\" \/>\n<meta property=\"og:url\" content=\"https:\/\/www.tablice-szklane.pl\/en\/dry-erase-board\/\" \/>\n<meta property=\"og:site_name\" content=\"Bunto\" \/>\n<meta property=\"article:modified_time\" content=\"2025-06-22T15:34:46+00:00\" \/>\n<meta property=\"og:image\" content=\"http:\/\/www.tablice-szklane.pl\/wp-content\/uploads\/2015\/10\/tablica-infront.png\" \/>\n<meta name=\"twitter:card\" content=\"summary_large_image\" \/>\n<meta name=\"twitter:label1\" content=\"Est. reading time\" \/>\n\t<meta name=\"twitter:data1\" content=\"3 minutes\" \/>\n<script type=\"application\/ld+json\" class=\"yoast-schema-graph\">{\"@context\":\"https:\/\/schema.org\",\"@graph\":[{\"@type\":\"WebPage\",\"@id\":\"https:\/\/www.tablice-szklane.pl\/en\/dry-erase-board\/\",\"url\":\"https:\/\/www.tablice-szklane.pl\/en\/dry-erase-board\/\",\"name\":\"Magnetic Dry-Erase Board | Various colors\",\"isPartOf\":{\"@id\":\"https:\/\/www.tablice-szklane.pl\/en\/#website\"},\"primaryImageOfPage\":{\"@id\":\"https:\/\/www.tablice-szklane.pl\/en\/dry-erase-board\/#primaryimage\"},\"image\":{\"@id\":\"https:\/\/www.tablice-szklane.pl\/en\/dry-erase-board\/#primaryimage\"},\"thumbnailUrl\":\"https:\/\/www.tablice-szklane.pl\/wp-content\/uploads\/2015\/10\/tablica-infront.png\",\"datePublished\":\"2015-10-18T06:58:34+00:00\",\"dateModified\":\"2025-06-22T15:34:46+00:00\",\"description\":\"A dry-erase board made of tempered glass, resistant to impacts, smearing, scratches. Available in different colours. Domestic manufacturer.\",\"breadcrumb\":{\"@id\":\"https:\/\/www.tablice-szklane.pl\/en\/dry-erase-board\/#breadcrumb\"},\"inLanguage\":\"en-US\",\"potentialAction\":[{\"@type\":\"ReadAction\",\"target\":[\"https:\/\/www.tablice-szklane.pl\/en\/dry-erase-board\/\"]}]},{\"@type\":\"ImageObject\",\"inLanguage\":\"en-US\",\"@id\":\"https:\/\/www.tablice-szklane.pl\/en\/dry-erase-board\/#primaryimage\",\"url\":\"https:\/\/www.tablice-szklane.pl\/wp-content\/uploads\/2015\/10\/tablica-infront.png\",\"contentUrl\":\"https:\/\/www.tablice-szklane.pl\/wp-content\/uploads\/2015\/10\/tablica-infront.png\"},{\"@type\":\"BreadcrumbList\",\"@id\":\"https:\/\/www.tablice-szklane.pl\/en\/dry-erase-board\/#breadcrumb\",\"itemListElement\":[{\"@type\":\"ListItem\",\"position\":1,\"name\":\"Strona g\u0142\u00f3wna\",\"item\":\"https:\/\/www.tablice-szklane.pl\/en\/\"},{\"@type\":\"ListItem\",\"position\":2,\"name\":\"Dry erase board\"}]},{\"@type\":\"WebSite\",\"@id\":\"https:\/\/www.tablice-szklane.pl\/en\/#website\",\"url\":\"https:\/\/www.tablice-szklane.pl\/en\/\",\"name\":\"Bunto\",\"description\":\"\",\"publisher\":{\"@id\":\"https:\/\/www.tablice-szklane.pl\/en\/#organization\"},\"potentialAction\":[{\"@type\":\"SearchAction\",\"target\":{\"@type\":\"EntryPoint\",\"urlTemplate\":\"https:\/\/www.tablice-szklane.pl\/en\/?s={search_term_string}\"},\"query-input\":\"required name=search_term_string\"}],\"inLanguage\":\"en-US\"},{\"@type\":[\"Organization\",\"Place\"],\"@id\":\"https:\/\/www.tablice-szklane.pl\/en\/#organization\",\"name\":\"Bunto\",\"url\":\"https:\/\/www.tablice-szklane.pl\/en\/\",\"logo\":{\"@id\":\"https:\/\/www.tablice-szklane.pl\/en\/dry-erase-board\/#local-main-organization-logo\"},\"image\":{\"@id\":\"https:\/\/www.tablice-szklane.pl\/en\/dry-erase-board\/#local-main-organization-logo\"},\"telephone\":[],\"openingHoursSpecification\":[{\"@type\":\"OpeningHoursSpecification\",\"dayOfWeek\":[\"Monday\",\"Tuesday\",\"Wednesday\",\"Thursday\",\"Friday\",\"Saturday\",\"Sunday\"],\"opens\":\"09:00\",\"closes\":\"17:00\"}]},{\"@type\":\"ImageObject\",\"inLanguage\":\"en-US\",\"@id\":\"https:\/\/www.tablice-szklane.pl\/en\/dry-erase-board\/#local-main-organization-logo\",\"url\":\"https:\/\/www.tablice-szklane.pl\/wp-content\/uploads\/2024\/01\/Logo-Bunto-2021.jpg\",\"contentUrl\":\"https:\/\/www.tablice-szklane.pl\/wp-content\/uploads\/2024\/01\/Logo-Bunto-2021.jpg\",\"width\":936,\"height\":421,\"caption\":\"Bunto\"}]}<\/script>\n<!-- \/ Yoast SEO Premium plugin. -->","yoast_head_json":{"title":"Magnetic Dry-Erase Board | Various colors","description":"A dry-erase board made of tempered glass, resistant to impacts, smearing, scratches. Available in different colours. Domestic manufacturer.","robots":{"index":"index","follow":"follow","max-snippet":"max-snippet:-1","max-image-preview":"max-image-preview:large","max-video-preview":"max-video-preview:-1"},"canonical":"https:\/\/www.tablice-szklane.pl\/en\/dry-erase-board\/","og_locale":"en_US","og_type":"article","og_title":"Dry erase board","og_description":"A dry-erase board made of tempered glass, resistant to impacts, smearing, scratches. Available in different colours. Domestic manufacturer.","og_url":"https:\/\/www.tablice-szklane.pl\/en\/dry-erase-board\/","og_site_name":"Bunto","article_modified_time":"2025-06-22T15:34:46+00:00","og_image":[{"url":"http:\/\/www.tablice-szklane.pl\/wp-content\/uploads\/2015\/10\/tablica-infront.png"}],"twitter_card":"summary_large_image","twitter_misc":{"Est. reading time":"3 minutes"},"schema":{"@context":"https:\/\/schema.org","@graph":[{"@type":"WebPage","@id":"https:\/\/www.tablice-szklane.pl\/en\/dry-erase-board\/","url":"https:\/\/www.tablice-szklane.pl\/en\/dry-erase-board\/","name":"Magnetic Dry-Erase Board | Various colors","isPartOf":{"@id":"https:\/\/www.tablice-szklane.pl\/en\/#website"},"primaryImageOfPage":{"@id":"https:\/\/www.tablice-szklane.pl\/en\/dry-erase-board\/#primaryimage"},"image":{"@id":"https:\/\/www.tablice-szklane.pl\/en\/dry-erase-board\/#primaryimage"},"thumbnailUrl":"https:\/\/www.tablice-szklane.pl\/wp-content\/uploads\/2015\/10\/tablica-infront.png","datePublished":"2015-10-18T06:58:34+00:00","dateModified":"2025-06-22T15:34:46+00:00","description":"A dry-erase board made of tempered glass, resistant to impacts, smearing, scratches. Available in different colours. Domestic manufacturer.","breadcrumb":{"@id":"https:\/\/www.tablice-szklane.pl\/en\/dry-erase-board\/#breadcrumb"},"inLanguage":"en-US","potentialAction":[{"@type":"ReadAction","target":["https:\/\/www.tablice-szklane.pl\/en\/dry-erase-board\/"]}]},{"@type":"ImageObject","inLanguage":"en-US","@id":"https:\/\/www.tablice-szklane.pl\/en\/dry-erase-board\/#primaryimage","url":"https:\/\/www.tablice-szklane.pl\/wp-content\/uploads\/2015\/10\/tablica-infront.png","contentUrl":"https:\/\/www.tablice-szklane.pl\/wp-content\/uploads\/2015\/10\/tablica-infront.png"},{"@type":"BreadcrumbList","@id":"https:\/\/www.tablice-szklane.pl\/en\/dry-erase-board\/#breadcrumb","itemListElement":[{"@type":"ListItem","position":1,"name":"Strona g\u0142\u00f3wna","item":"https:\/\/www.tablice-szklane.pl\/en\/"},{"@type":"ListItem","position":2,"name":"Dry erase board"}]},{"@type":"WebSite","@id":"https:\/\/www.tablice-szklane.pl\/en\/#website","url":"https:\/\/www.tablice-szklane.pl\/en\/","name":"Bunto","description":"","publisher":{"@id":"https:\/\/www.tablice-szklane.pl\/en\/#organization"},"potentialAction":[{"@type":"SearchAction","target":{"@type":"EntryPoint","urlTemplate":"https:\/\/www.tablice-szklane.pl\/en\/?s={search_term_string}"},"query-input":"required name=search_term_string"}],"inLanguage":"en-US"},{"@type":["Organization","Place"],"@id":"https:\/\/www.tablice-szklane.pl\/en\/#organization","name":"Bunto","url":"https:\/\/www.tablice-szklane.pl\/en\/","logo":{"@id":"https:\/\/www.tablice-szklane.pl\/en\/dry-erase-board\/#local-main-organization-logo"},"image":{"@id":"https:\/\/www.tablice-szklane.pl\/en\/dry-erase-board\/#local-main-organization-logo"},"telephone":[],"openingHoursSpecification":[{"@type":"OpeningHoursSpecification","dayOfWeek":["Monday","Tuesday","Wednesday","Thursday","Friday","Saturday","Sunday"],"opens":"09:00","closes":"17:00"}]},{"@type":"ImageObject","inLanguage":"en-US","@id":"https:\/\/www.tablice-szklane.pl\/en\/dry-erase-board\/#local-main-organization-logo","url":"https:\/\/www.tablice-szklane.pl\/wp-content\/uploads\/2024\/01\/Logo-Bunto-2021.jpg","contentUrl":"https:\/\/www.tablice-szklane.pl\/wp-content\/uploads\/2024\/01\/Logo-Bunto-2021.jpg","width":936,"height":421,"caption":"Bunto"}]}},"_links":{"self":[{"href":"https:\/\/www.tablice-szklane.pl\/en\/wp-json\/wp\/v2\/pages\/38425"}],"collection":[{"href":"https:\/\/www.tablice-szklane.pl\/en\/wp-json\/wp\/v2\/pages"}],"about":[{"href":"https:\/\/www.tablice-szklane.pl\/en\/wp-json\/wp\/v2\/types\/page"}],"author":[{"embeddable":true,"href":"https:\/\/www.tablice-szklane.pl\/en\/wp-json\/wp\/v2\/users\/1"}],"replies":[{"embeddable":true,"href":"https:\/\/www.tablice-szklane.pl\/en\/wp-json\/wp\/v2\/comments?post=38425"}],"version-history":[{"count":1,"href":"https:\/\/www.tablice-szklane.pl\/en\/wp-json\/wp\/v2\/pages\/38425\/revisions"}],"predecessor-version":[{"id":38428,"href":"https:\/\/www.tablice-szklane.pl\/en\/wp-json\/wp\/v2\/pages\/38425\/revisions\/38428"}],"wp:attachment":[{"href":"https:\/\/www.tablice-szklane.pl\/en\/wp-json\/wp\/v2\/media?parent=38425"}],"curies":[{"name":"wp","href":"https:\/\/api.w.org\/{rel}","templated":true}]}}