{"id":38452,"date":"2015-10-13T16:28:30","date_gmt":"2015-10-13T14:28:30","guid":{"rendered":"https:\/\/www.tablice-szklane.pl\/glass-board-magnetic\/"},"modified":"2015-10-13T16:28:30","modified_gmt":"2015-10-13T14:28:30","slug":"glass-board-magnetic","status":"publish","type":"page","link":"https:\/\/www.tablice-szklane.pl\/en\/glass-board-magnetic\/","title":{"rendered":"Glass Board: Magnetic"},"content":{"rendered":"<div id=\"pl-38452\"  class=\"panel-layout\" ><div id=\"pg-38452-0\"  class=\"panel-grid panel-no-style\" ><div id=\"pgc-38452-0-0\"  class=\"panel-grid-cell\" ><div id=\"panel-38452-0-0-0\" class=\"so-panel widget widget_black-studio-tinymce widget_black_studio_tinymce panel-first-child panel-last-child\" data-index=\"0\" ><div class=\"textwidget\"><p><a href=\"http:\/\/www.tablice-szklane.pl\/wp-content\/uploads\/2015\/09\/tablica-niebieska1.png\"><img fetchpriority=\"high\" decoding=\"async\" class=\"alignnone size-full wp-image-3297\" src=\"http:\/\/www.tablice-szklane.pl\/wp-content\/uploads\/2015\/09\/tablica-niebieska1.png\" alt=\"tablica na magnesy niebieska\" width=\"1200\" height=\"1200\" srcset=\"https:\/\/www.tablice-szklane.pl\/wp-content\/uploads\/2015\/09\/tablica-niebieska1.png 1200w, https:\/\/www.tablice-szklane.pl\/wp-content\/uploads\/2015\/09\/tablica-niebieska1-400x400.png 400w, https:\/\/www.tablice-szklane.pl\/wp-content\/uploads\/2015\/09\/tablica-niebieska1-100x100.png 100w, https:\/\/www.tablice-szklane.pl\/wp-content\/uploads\/2015\/09\/tablica-niebieska1-800x800.png 800w, https:\/\/www.tablice-szklane.pl\/wp-content\/uploads\/2015\/09\/tablica-niebieska1-150x150.png 150w, https:\/\/www.tablice-szklane.pl\/wp-content\/uploads\/2015\/09\/tablica-niebieska1-300x300.png 300w, https:\/\/www.tablice-szklane.pl\/wp-content\/uploads\/2015\/09\/tablica-niebieska1-1024x1024.png 1024w, https:\/\/www.tablice-szklane.pl\/wp-content\/uploads\/2015\/09\/tablica-niebieska1-555x555.png 555w\" sizes=\"(max-width: 1200px) 100vw, 1200px\" \/><\/a><\/p>\n<\/div><\/div><\/div><div id=\"pgc-38452-0-1\"  class=\"panel-grid-cell\" ><div id=\"panel-38452-0-1-0\" class=\"so-panel widget widget_black-studio-tinymce widget_black_studio_tinymce panel-first-child panel-last-child\" data-index=\"1\" ><div class=\"textwidget\"><p><a href=\"http:\/\/www.tablice-szklane.pl\/wp-content\/uploads\/2015\/09\/tablica-niebieska2.png\"><img decoding=\"async\" class=\"alignnone size-full wp-image-3298\" src=\"http:\/\/www.tablice-szklane.pl\/wp-content\/uploads\/2015\/09\/tablica-niebieska2.png\" alt=\"tablica na magnesy niebieska\" width=\"1200\" height=\"1200\" srcset=\"https:\/\/www.tablice-szklane.pl\/wp-content\/uploads\/2015\/09\/tablica-niebieska2.png 1200w, https:\/\/www.tablice-szklane.pl\/wp-content\/uploads\/2015\/09\/tablica-niebieska2-400x400.png 400w, https:\/\/www.tablice-szklane.pl\/wp-content\/uploads\/2015\/09\/tablica-niebieska2-100x100.png 100w, https:\/\/www.tablice-szklane.pl\/wp-content\/uploads\/2015\/09\/tablica-niebieska2-800x800.png 800w, https:\/\/www.tablice-szklane.pl\/wp-content\/uploads\/2015\/09\/tablica-niebieska2-150x150.png 150w, https:\/\/www.tablice-szklane.pl\/wp-content\/uploads\/2015\/09\/tablica-niebieska2-300x300.png 300w, https:\/\/www.tablice-szklane.pl\/wp-content\/uploads\/2015\/09\/tablica-niebieska2-1024x1024.png 1024w, https:\/\/www.tablice-szklane.pl\/wp-content\/uploads\/2015\/09\/tablica-niebieska2-555x555.png 555w\" sizes=\"(max-width: 1200px) 100vw, 1200px\" \/><\/a><\/p>\n<\/div><\/div><\/div><div id=\"pgc-38452-0-2\"  class=\"panel-grid-cell\" ><div id=\"panel-38452-0-2-0\" class=\"so-panel widget widget_black-studio-tinymce widget_black_studio_tinymce panel-first-child panel-last-child\" data-index=\"2\" ><div class=\"textwidget\"><p><a href=\"http:\/\/www.tablice-szklane.pl\/wp-content\/uploads\/2015\/09\/tablica-niebieska3.png\"><img decoding=\"async\" class=\"alignnone size-full wp-image-3299\" src=\"http:\/\/www.tablice-szklane.pl\/wp-content\/uploads\/2015\/09\/tablica-niebieska3.png\" alt=\"tablica na magnesy niebieska\" width=\"1200\" height=\"1200\" srcset=\"https:\/\/www.tablice-szklane.pl\/wp-content\/uploads\/2015\/09\/tablica-niebieska3.png 1200w, https:\/\/www.tablice-szklane.pl\/wp-content\/uploads\/2015\/09\/tablica-niebieska3-400x400.png 400w, https:\/\/www.tablice-szklane.pl\/wp-content\/uploads\/2015\/09\/tablica-niebieska3-100x100.png 100w, https:\/\/www.tablice-szklane.pl\/wp-content\/uploads\/2015\/09\/tablica-niebieska3-800x800.png 800w, https:\/\/www.tablice-szklane.pl\/wp-content\/uploads\/2015\/09\/tablica-niebieska3-150x150.png 150w, https:\/\/www.tablice-szklane.pl\/wp-content\/uploads\/2015\/09\/tablica-niebieska3-300x300.png 300w, https:\/\/www.tablice-szklane.pl\/wp-content\/uploads\/2015\/09\/tablica-niebieska3-1024x1024.png 1024w, https:\/\/www.tablice-szklane.pl\/wp-content\/uploads\/2015\/09\/tablica-niebieska3-555x555.png 555w\" sizes=\"(max-width: 1200px) 100vw, 1200px\" \/><\/a><\/p>\n<\/div><\/div><\/div><\/div><div id=\"pg-38452-1\"  class=\"panel-grid panel-no-style\" ><div id=\"pgc-38452-1-0\"  class=\"panel-grid-cell\" ><div id=\"panel-38452-1-0-0\" class=\"so-panel widget widget_text panel-first-child panel-last-child\" data-index=\"3\" ><h3 class=\"widget-title\">Blue board for neodymium magnets &#8211; safe and dry-erase  <\/h3>\t\t\t<div class=\"textwidget\"><h4>Pledge<\/h4>\n\nThe set with the board includes: A. Pendants and spacers \/ B. Screws with dowels \/ C. Black dry-erase pen (x1) \/ D. Neodymium magnet (x2) \/ E. Instruction manual (x1) \/ F. Magnetic sponge (x1) \/ Marker shelf (x1)<\/div>\n\t\t<\/div><\/div><\/div><div id=\"pg-38452-2\"  class=\"panel-grid panel-no-style\" ><div id=\"pgc-38452-2-0\"  class=\"panel-grid-cell\" ><div id=\"panel-38452-2-0-0\" class=\"so-panel widget widget_black-studio-tinymce widget_black_studio_tinymce panel-first-child\" data-index=\"4\" ><div class=\"textwidget\"><h4>Dlaczego wybra\u0107 tablic\u0119 kolorow\u0105?<\/h4>\n<p><strong>A. Odporna na zabrudzenia\u00a0<\/strong>- w przeciwie\u0144stwie do zwyk\u0142ych tablic sucho\u015bcieralnych, tablica ze szk\u0142a jest w 100% \u015bcieralna\u00a0(mo\u017cna po niej pisa\u0107 ka\u017cdym markerem: sucho\u015bcierlanym kredowym i permanentnym - przy permanentnym nale\u017cy zetrze\u0107 tablic\u0119 p\u0142ynem do szyb ). \u00a0Zach\u0119camy do ogl\u0105dni\u0119cia naszego video-instrukta\u017cu.<\/p>\n<p><strong>B. Bezpieczna - <\/strong>zbudowana ze szk\u0142a hartowanego, kt\u00f3re jest pi\u0119ciokrotnie wytrzymalsze na uderzenia od zwyk\u0142ego szk\u0142a odpr\u0119\u017canego. Hartownie zwi\u0119sza dodatkowo odporno\u015b\u0107 na napr\u0119\u017cenia zwi\u0105zane ze zmianami temperatury.\u00a0<\/p>\n<p><strong>C. Magnetyczna\u00a0- <\/strong>dzi\u0119ki zastosowaniu z ty\u0142u tafli warstwy ocynkowanej blachy, mo\u017cemy przypina\u0107 do tablicy wszelkiego typu notatki jak r\u00f3wnie\u017c uchwyty magnetyczne na markery. Tablica przeznaczona do magnes\u00f3w neodymowych (srebrnych). <\/p>\n<p><strong>D. \u0141atwa w monta\u017cu<\/strong> - Tablica prosta do samodzielnego monta\u017cu. Zawieszki zgodne z normami DIN EN, ukryte za tafl\u0105 tablicy i zapewniaj\u0105ce \u0142atwy demonta\u017c.<\/p>\n<p><strong>E. Szerokie\u00a0zastosowanie\u00a0-\u00a0<\/strong>sprzedawane przez nas tablice s\u0105 u\u017cywane w: szko\u0142ach, biurach, salach konferencyjnych, warsztatach, barach, przychodniach, kuchniach oraz jako \u015bcianki kreatywne w agencjach marketingowych czy pokojach dzieci\u0119cych.<\/p>\n<\/div><\/div><div id=\"panel-38452-2-0-1\" class=\"so-panel widget widget_black-studio-tinymce widget_black_studio_tinymce\" data-index=\"5\" ><div class=\"textwidget\"><h4>Dost\u0119pne rozmiary<\/h4>\n<p><strong>A. 150 x 100 cm\u00a0<\/strong>- rozmiar polecany do sal konferencyjnych <\/p>\n<p><strong>B. 120 x 90 cm\u00a0<\/strong>- rozmiar polecany do mniejszych biur i pokoi do nauki. <\/p>\n<p><strong>C. Dowolny\u00a0<\/strong>- przygotowujemy tablice na indywidualne wymiary (max.200x100 cm). <\/p>\n<\/div><\/div><div id=\"panel-38452-2-0-2\" class=\"so-panel widget widget_black-studio-tinymce widget_black_studio_tinymce panel-last-child\" data-index=\"6\" ><div class=\"textwidget\"><h4>Akcesoria<\/h4>\n<p><strong>A. Markery\u00a0<\/strong>- W zestawie z tablic\u0105: 1 x marker sucho\u015bcieralny. <\/p>\n<p><strong>B. Magnesy\u00a0<\/strong>- W zestawie z tablic\u0105: 2 magnesy neodymowe. <\/p>\n<\/div><\/div><\/div><\/div><div id=\"pg-38452-3\"  class=\"panel-grid panel-no-style\" ><div id=\"pgc-38452-3-0\"  class=\"panel-grid-cell\" ><div id=\"panel-38452-3-0-0\" class=\"so-panel widget widget_tag_cloud panel-first-child panel-last-child\" data-index=\"7\" ><h3 class=\"widget-title\">Tags<\/h3><div class=\"tagcloud\"><a href=\"https:\/\/www.tablice-szklane.pl\/en\/tag\/dry-erase-board\/\" class=\"tag-cloud-link tag-link-304 tag-link-position-1\" style=\"font-size: 11.929203539823pt;\" aria-label=\"Dry erase board (25 items)\">Dry erase board<\/a>\n<a href=\"https:\/\/www.tablice-szklane.pl\/en\/tag\/glass-boards\/\" class=\"tag-cloud-link tag-link-286 tag-link-position-2\" style=\"font-size: 8pt;\" aria-label=\"Glass boards (1 item)\">Glass boards<\/a>\n<a href=\"https:\/\/www.tablice-szklane.pl\/en\/tag\/magnetic-board\/\" class=\"tag-cloud-link tag-link-305 tag-link-position-3\" style=\"font-size: 12pt;\" aria-label=\"Magnetic board (26 items)\">Magnetic board<\/a>\n<a href=\"https:\/\/www.tablice-szklane.pl\/en\/tag\/magnetic-boards\/\" class=\"tag-cloud-link tag-link-306 tag-link-position-4\" style=\"font-size: 12pt;\" aria-label=\"Magnetic boards (26 items)\">Magnetic boards<\/a>\n<a href=\"https:\/\/www.tablice-szklane.pl\/en\/tag\/tablica-magnetyczna-szklana-en\/\" class=\"tag-cloud-link tag-link-314 tag-link-position-5\" style=\"font-size: 8pt;\" aria-label=\"Tablica magnetyczna szklana (1 item)\">Tablica magnetyczna szklana<\/a>\n<a href=\"https:\/\/www.tablice-szklane.pl\/en\/tag\/tablice-magnetyczne-producent-en\/\" class=\"tag-cloud-link tag-link-313 tag-link-position-6\" style=\"font-size: 8pt;\" aria-label=\"Tablice magnetyczne producent (1 item)\">Tablice magnetyczne producent<\/a><\/div>\n<\/div><\/div><\/div><\/div>","protected":false},"excerpt":{"rendered":"<p>A blue magnetic board, perfect for different colors of markers and easy to match with the color of the wall of the room. Order color samples and check the quality of the lacquered glass we offer. <\/p>\n","protected":false},"author":1,"featured_media":25541,"parent":0,"menu_order":0,"comment_status":"closed","ping_status":"closed","template":"","meta":{"om_disable_all_campaigns":false,"footnotes":""},"yoast_head":"<!-- This site is optimized with the Yoast SEO Premium plugin v23.0 (Yoast SEO v23.0) - https:\/\/yoast.com\/wordpress\/plugins\/seo\/ -->\n<title>Safety glass magnet board.<\/title>\n<meta name=\"description\" content=\"Magnetic board made of tempered glass. The plates are also available in white, red and black.\" \/>\n<meta name=\"robots\" content=\"index, follow, max-snippet:-1, max-image-preview:large, max-video-preview:-1\" \/>\n<link rel=\"canonical\" href=\"https:\/\/www.tablice-szklane.pl\/en\/glass-board-magnetic\/\" \/>\n<meta property=\"og:locale\" content=\"en_US\" \/>\n<meta property=\"og:type\" content=\"article\" \/>\n<meta property=\"og:title\" content=\"Glass Board: Magnetic\" \/>\n<meta property=\"og:description\" content=\"Magnetic board made of tempered glass. The plates are also available in white, red and black.\" \/>\n<meta property=\"og:url\" content=\"https:\/\/www.tablice-szklane.pl\/en\/glass-board-magnetic\/\" \/>\n<meta property=\"og:site_name\" content=\"Bunto\" \/>\n<meta property=\"og:image\" content=\"https:\/\/www.tablice-szklane.pl\/wp-content\/uploads\/2015\/10\/Tablica-blekitna-wm.png\" \/>\n\t<meta property=\"og:image:width\" content=\"1200\" \/>\n\t<meta property=\"og:image:height\" content=\"800\" \/>\n\t<meta property=\"og:image:type\" content=\"image\/png\" \/>\n<meta name=\"twitter:card\" content=\"summary_large_image\" \/>\n<script type=\"application\/ld+json\" class=\"yoast-schema-graph\">{\"@context\":\"https:\/\/schema.org\",\"@graph\":[{\"@type\":\"WebPage\",\"@id\":\"https:\/\/www.tablice-szklane.pl\/en\/glass-board-magnetic\/\",\"url\":\"https:\/\/www.tablice-szklane.pl\/en\/glass-board-magnetic\/\",\"name\":\"Safety glass magnet board.\",\"isPartOf\":{\"@id\":\"https:\/\/www.tablice-szklane.pl\/en\/#website\"},\"primaryImageOfPage\":{\"@id\":\"https:\/\/www.tablice-szklane.pl\/en\/glass-board-magnetic\/#primaryimage\"},\"image\":{\"@id\":\"https:\/\/www.tablice-szklane.pl\/en\/glass-board-magnetic\/#primaryimage\"},\"thumbnailUrl\":\"https:\/\/www.tablice-szklane.pl\/wp-content\/uploads\/2015\/10\/Tablica-blekitna-wm.png\",\"datePublished\":\"2015-10-13T14:28:30+00:00\",\"dateModified\":\"2015-10-13T14:28:30+00:00\",\"description\":\"Magnetic board made of tempered glass. The plates are also available in white, red and black.\",\"breadcrumb\":{\"@id\":\"https:\/\/www.tablice-szklane.pl\/en\/glass-board-magnetic\/#breadcrumb\"},\"inLanguage\":\"en-US\",\"potentialAction\":[{\"@type\":\"ReadAction\",\"target\":[\"https:\/\/www.tablice-szklane.pl\/en\/glass-board-magnetic\/\"]}]},{\"@type\":\"ImageObject\",\"inLanguage\":\"en-US\",\"@id\":\"https:\/\/www.tablice-szklane.pl\/en\/glass-board-magnetic\/#primaryimage\",\"url\":\"https:\/\/www.tablice-szklane.pl\/wp-content\/uploads\/2015\/10\/Tablica-blekitna-wm.png\",\"contentUrl\":\"https:\/\/www.tablice-szklane.pl\/wp-content\/uploads\/2015\/10\/Tablica-blekitna-wm.png\",\"width\":1200,\"height\":800},{\"@type\":\"BreadcrumbList\",\"@id\":\"https:\/\/www.tablice-szklane.pl\/en\/glass-board-magnetic\/#breadcrumb\",\"itemListElement\":[{\"@type\":\"ListItem\",\"position\":1,\"name\":\"Strona g\u0142\u00f3wna\",\"item\":\"https:\/\/www.tablice-szklane.pl\/en\/\"},{\"@type\":\"ListItem\",\"position\":2,\"name\":\"Glass Board: Magnetic\"}]},{\"@type\":\"WebSite\",\"@id\":\"https:\/\/www.tablice-szklane.pl\/en\/#website\",\"url\":\"https:\/\/www.tablice-szklane.pl\/en\/\",\"name\":\"Bunto\",\"description\":\"\",\"publisher\":{\"@id\":\"https:\/\/www.tablice-szklane.pl\/en\/#organization\"},\"potentialAction\":[{\"@type\":\"SearchAction\",\"target\":{\"@type\":\"EntryPoint\",\"urlTemplate\":\"https:\/\/www.tablice-szklane.pl\/en\/?s={search_term_string}\"},\"query-input\":\"required name=search_term_string\"}],\"inLanguage\":\"en-US\"},{\"@type\":[\"Organization\",\"Place\"],\"@id\":\"https:\/\/www.tablice-szklane.pl\/en\/#organization\",\"name\":\"Bunto\",\"url\":\"https:\/\/www.tablice-szklane.pl\/en\/\",\"logo\":{\"@id\":\"https:\/\/www.tablice-szklane.pl\/en\/glass-board-magnetic\/#local-main-organization-logo\"},\"image\":{\"@id\":\"https:\/\/www.tablice-szklane.pl\/en\/glass-board-magnetic\/#local-main-organization-logo\"},\"telephone\":[],\"openingHoursSpecification\":[{\"@type\":\"OpeningHoursSpecification\",\"dayOfWeek\":[\"Monday\",\"Tuesday\",\"Wednesday\",\"Thursday\",\"Friday\",\"Saturday\",\"Sunday\"],\"opens\":\"09:00\",\"closes\":\"17:00\"}]},{\"@type\":\"ImageObject\",\"inLanguage\":\"en-US\",\"@id\":\"https:\/\/www.tablice-szklane.pl\/en\/glass-board-magnetic\/#local-main-organization-logo\",\"url\":\"https:\/\/www.tablice-szklane.pl\/wp-content\/uploads\/2024\/01\/Logo-Bunto-2021.jpg\",\"contentUrl\":\"https:\/\/www.tablice-szklane.pl\/wp-content\/uploads\/2024\/01\/Logo-Bunto-2021.jpg\",\"width\":936,\"height\":421,\"caption\":\"Bunto\"}]}<\/script>\n<!-- \/ Yoast SEO Premium plugin. -->","yoast_head_json":{"title":"Safety glass magnet board.","description":"Magnetic board made of tempered glass. The plates are also available in white, red and black.","robots":{"index":"index","follow":"follow","max-snippet":"max-snippet:-1","max-image-preview":"max-image-preview:large","max-video-preview":"max-video-preview:-1"},"canonical":"https:\/\/www.tablice-szklane.pl\/en\/glass-board-magnetic\/","og_locale":"en_US","og_type":"article","og_title":"Glass Board: Magnetic","og_description":"Magnetic board made of tempered glass. The plates are also available in white, red and black.","og_url":"https:\/\/www.tablice-szklane.pl\/en\/glass-board-magnetic\/","og_site_name":"Bunto","og_image":[{"width":1200,"height":800,"url":"https:\/\/www.tablice-szklane.pl\/wp-content\/uploads\/2015\/10\/Tablica-blekitna-wm.png","type":"image\/png"}],"twitter_card":"summary_large_image","schema":{"@context":"https:\/\/schema.org","@graph":[{"@type":"WebPage","@id":"https:\/\/www.tablice-szklane.pl\/en\/glass-board-magnetic\/","url":"https:\/\/www.tablice-szklane.pl\/en\/glass-board-magnetic\/","name":"Safety glass magnet board.","isPartOf":{"@id":"https:\/\/www.tablice-szklane.pl\/en\/#website"},"primaryImageOfPage":{"@id":"https:\/\/www.tablice-szklane.pl\/en\/glass-board-magnetic\/#primaryimage"},"image":{"@id":"https:\/\/www.tablice-szklane.pl\/en\/glass-board-magnetic\/#primaryimage"},"thumbnailUrl":"https:\/\/www.tablice-szklane.pl\/wp-content\/uploads\/2015\/10\/Tablica-blekitna-wm.png","datePublished":"2015-10-13T14:28:30+00:00","dateModified":"2015-10-13T14:28:30+00:00","description":"Magnetic board made of tempered glass. The plates are also available in white, red and black.","breadcrumb":{"@id":"https:\/\/www.tablice-szklane.pl\/en\/glass-board-magnetic\/#breadcrumb"},"inLanguage":"en-US","potentialAction":[{"@type":"ReadAction","target":["https:\/\/www.tablice-szklane.pl\/en\/glass-board-magnetic\/"]}]},{"@type":"ImageObject","inLanguage":"en-US","@id":"https:\/\/www.tablice-szklane.pl\/en\/glass-board-magnetic\/#primaryimage","url":"https:\/\/www.tablice-szklane.pl\/wp-content\/uploads\/2015\/10\/Tablica-blekitna-wm.png","contentUrl":"https:\/\/www.tablice-szklane.pl\/wp-content\/uploads\/2015\/10\/Tablica-blekitna-wm.png","width":1200,"height":800},{"@type":"BreadcrumbList","@id":"https:\/\/www.tablice-szklane.pl\/en\/glass-board-magnetic\/#breadcrumb","itemListElement":[{"@type":"ListItem","position":1,"name":"Strona g\u0142\u00f3wna","item":"https:\/\/www.tablice-szklane.pl\/en\/"},{"@type":"ListItem","position":2,"name":"Glass Board: Magnetic"}]},{"@type":"WebSite","@id":"https:\/\/www.tablice-szklane.pl\/en\/#website","url":"https:\/\/www.tablice-szklane.pl\/en\/","name":"Bunto","description":"","publisher":{"@id":"https:\/\/www.tablice-szklane.pl\/en\/#organization"},"potentialAction":[{"@type":"SearchAction","target":{"@type":"EntryPoint","urlTemplate":"https:\/\/www.tablice-szklane.pl\/en\/?s={search_term_string}"},"query-input":"required name=search_term_string"}],"inLanguage":"en-US"},{"@type":["Organization","Place"],"@id":"https:\/\/www.tablice-szklane.pl\/en\/#organization","name":"Bunto","url":"https:\/\/www.tablice-szklane.pl\/en\/","logo":{"@id":"https:\/\/www.tablice-szklane.pl\/en\/glass-board-magnetic\/#local-main-organization-logo"},"image":{"@id":"https:\/\/www.tablice-szklane.pl\/en\/glass-board-magnetic\/#local-main-organization-logo"},"telephone":[],"openingHoursSpecification":[{"@type":"OpeningHoursSpecification","dayOfWeek":["Monday","Tuesday","Wednesday","Thursday","Friday","Saturday","Sunday"],"opens":"09:00","closes":"17:00"}]},{"@type":"ImageObject","inLanguage":"en-US","@id":"https:\/\/www.tablice-szklane.pl\/en\/glass-board-magnetic\/#local-main-organization-logo","url":"https:\/\/www.tablice-szklane.pl\/wp-content\/uploads\/2024\/01\/Logo-Bunto-2021.jpg","contentUrl":"https:\/\/www.tablice-szklane.pl\/wp-content\/uploads\/2024\/01\/Logo-Bunto-2021.jpg","width":936,"height":421,"caption":"Bunto"}]}},"_links":{"self":[{"href":"https:\/\/www.tablice-szklane.pl\/en\/wp-json\/wp\/v2\/pages\/38452"}],"collection":[{"href":"https:\/\/www.tablice-szklane.pl\/en\/wp-json\/wp\/v2\/pages"}],"about":[{"href":"https:\/\/www.tablice-szklane.pl\/en\/wp-json\/wp\/v2\/types\/page"}],"author":[{"embeddable":true,"href":"https:\/\/www.tablice-szklane.pl\/en\/wp-json\/wp\/v2\/users\/1"}],"replies":[{"embeddable":true,"href":"https:\/\/www.tablice-szklane.pl\/en\/wp-json\/wp\/v2\/comments?post=38452"}],"version-history":[{"count":0,"href":"https:\/\/www.tablice-szklane.pl\/en\/wp-json\/wp\/v2\/pages\/38452\/revisions"}],"wp:featuredmedia":[{"embeddable":true,"href":"https:\/\/www.tablice-szklane.pl\/en\/wp-json\/wp\/v2\/media\/25541"}],"wp:attachment":[{"href":"https:\/\/www.tablice-szklane.pl\/en\/wp-json\/wp\/v2\/media?parent=38452"}],"curies":[{"name":"wp","href":"https:\/\/api.w.org\/{rel}","templated":true}]}}