{"id":31266,"date":"2015-10-19T19:31:00","date_gmt":"2015-10-19T17:31:00","guid":{"rendered":"https:\/\/www.tablice-szklane.pl\/tablice-magnetyczne\/"},"modified":"2023-05-02T02:24:52","modified_gmt":"2023-05-02T00:24:52","slug":"pizarras-magneticas","status":"publish","type":"page","link":"https:\/\/www.tablice-szklane.pl\/es\/pizarras-magneticas\/","title":{"rendered":"Pizarras magn\u00e9ticas"},"content":{"rendered":"<div id=\"pl-31266\"  class=\"panel-layout\" ><div id=\"pg-31266-0\"  class=\"panel-grid panel-no-style\" ><div id=\"pgc-31266-0-0\"  class=\"panel-grid-cell\" ><div id=\"panel-31266-0-0-0\" class=\"so-panel widget widget_black-studio-tinymce widget_black_studio_tinymce panel-first-child panel-last-child\" data-index=\"0\" ><h3 class=\"widget-title\">Pizarras magn\u00e9ticas de cristal de seguridad<\/h3><div class=\"textwidget\"><\/div><\/div><\/div><\/div><div id=\"pg-31266-1\"  class=\"panel-grid panel-no-style\" ><div id=\"pgc-31266-1-0\"  class=\"panel-grid-cell\" ><div id=\"panel-31266-1-0-0\" class=\"so-panel widget widget_black-studio-tinymce widget_black_studio_tinymce panel-first-child panel-last-child\" data-index=\"1\" ><div class=\"textwidget\"><p style=\"altura de l\u00ednea: 15,75 pt; margen: 0 cm 0 cm 7,9 pt; alineaci\u00f3n de texto: justificar; fondo: blanco;\"><span style=\"tama\u00f1o de fuente: 10,5 pt; familia de fuentes: 'Helvetica' ,'sans-serif'; color: #999999;\">Nos especializamos en la producci\u00f3n de pizarras magn\u00e9ticas de vidrio, que son perfectas para tomar notas, aprender idiomas o hacer presentaciones comerciales. A diferencia de las pizarras ordinarias de borrado en seco, las pizarras magn\u00e9ticas de vidrio tienen un delicado reflejo, lo que les da elegancia y enfatiza la modernidad del interior. <\/span><\/p>\n<p style=\"altura de l\u00ednea: 15,75 pt; margen: 0 cm 0 cm 7,9 pt; alineaci\u00f3n de texto: justificar; fondo: blanco;\"><span style=\"tama\u00f1o de fuente: 10,5 pt; familia de fuentes: 'Helvetica' ,'sans-serif'; color: #999999;\">Las pizarras magn\u00e9ticas fabricadas por nosotros son seguras<\/strong> - el vidrio plano, despu\u00e9s de un procesamiento preciso, se transporta a la planta de templado, donde se somete a un proceso de templado que aumenta la par\u00e1metros de fuerza del tablero y resistencia a los cambios de temperatura. El vidrio se barniza antes del proceso de templado, gracias a lo cual la pintura conserva su color natural durante mucho tiempo y es resistente a los ara\u00f1azos. <\/span><\/p>\n<p style=\"altura de l\u00ednea: 15,75 pt; margen: 0 cm 0 cm 7,9 pt; alineaci\u00f3n de texto: justificar; fondo: blanco;\"><span style=\"tama\u00f1o de fuente: 10,5 pt; familia de fuentes: 'Helvetica' ,'sans-serif'; color: #999999;\">Utilizamos <strong>una amplia gama de barnices para vidrio de alta calidad<\/strong>. Los colores m\u00e1s populares incluyen blanco nieve, negro cl\u00e1sico, azul y rojo. Si lo solicita, podemos pintar el tablero en cualquier color de la gama RGB y fabricar el tablero de acuerdo con la dimensi\u00f3n dada. <\/span><\/p>\n<p style=\"altura de l\u00ednea: 15,75 pt; margen: 0 cm 0 cm 7,9 pt; alineaci\u00f3n de texto: justificar; fondo: blanco;\"><span style=\"tama\u00f1o de fuente: 10,5 pt; familia de fuentes: 'Helvetica' ,'sans-serif'; color: #999999;\">Para pizarras de cristal se pueden utilizar todos los supermercados: de borrado en seco, de tiza y permanentes (solo en el caso de las permanentes, limpiamos la pizarra con limpiacristales). Podemos utilizar imanes de plata - neodimio para tableros. <\/span><\/p>\n<\/div><\/div><\/div><div id=\"pgc-31266-1-1\"  class=\"panel-grid-cell\" ><div id=\"panel-31266-1-1-0\" class=\"so-panel widget widget_black-studio-tinymce widget_black_studio_tinymce panel-first-child panel-last-child\" data-index=\"2\" ><div class=\"textwidget\"><p><figure id=\"attachment_2869\" aria-describedby=\"caption-attachment-2869\" style=\"width: 1600px\" class=\"wp-caption alignnone\"><a href=\"http:\/\/www.tablice-szklane.pl\/wp-content\/uploads\/2015\/10\/tablica_szklana_022.jpg\"><img fetchpriority=\"high\" decoding=\"async\" class=\"wp-image-2869 size-full\" title=\"Tablice magnetyczne w r\u00f3\u017cnych kolorach\" src=\"http:\/\/www.tablice-szklane.pl\/wp-content\/uploads\/2015\/10\/tablica_szklana_022.jpg\" alt=\"tablice magnetyczne\" width=\"1600\" height=\"1067\" srcset=\"https:\/\/www.tablice-szklane.pl\/wp-content\/uploads\/2015\/10\/tablica_szklana_022.jpg 1600w, https:\/\/www.tablice-szklane.pl\/wp-content\/uploads\/2015\/10\/tablica_szklana_022-800x534.jpg 800w, https:\/\/www.tablice-szklane.pl\/wp-content\/uploads\/2015\/10\/tablica_szklana_022-300x200.jpg 300w, https:\/\/www.tablice-szklane.pl\/wp-content\/uploads\/2015\/10\/tablica_szklana_022-1024x683.jpg 1024w, https:\/\/www.tablice-szklane.pl\/wp-content\/uploads\/2015\/10\/tablica_szklana_022-360x240.jpg 360w, https:\/\/www.tablice-szklane.pl\/wp-content\/uploads\/2015\/10\/tablica_szklana_022-555x370.jpg 555w, https:\/\/www.tablice-szklane.pl\/wp-content\/uploads\/2015\/10\/tablica_szklana_022-272x182.jpg 272w\" sizes=\"(max-width: 1600px) 100vw, 1600px\" \/><\/a><figcaption id=\"caption-attachment-2869\" class=\"wp-caption-text\">Pizarras de colores fabricadas en cristal templado de seguridad<\/figcaption><\/figure><\/p>\n<\/div><\/div><\/div><\/div><div id=\"pg-31266-2\"  class=\"panel-grid panel-no-style\" ><div id=\"pgc-31266-2-0\"  class=\"panel-grid-cell\" ><div id=\"panel-31266-2-0-0\" class=\"so-panel widget widget_black-studio-tinymce widget_black_studio_tinymce panel-first-child panel-last-child\" data-index=\"3\" ><h3 class=\"widget-title\">Nuestras pizarras magn\u00e9ticas<\/h3><div class=\"textwidget\"><p>Ofrecemos pizarras magn\u00e9ticas de vidrio flotado seguro en varias variantes:<\/p>\n<p><span style=\"color: #fcc71f;\"><span class=\"icon-container\"><span class=\"fa fa-check\"><\/span><\/span><\/span> blanco<br \/>\n<span style=\"color: #fcc71f;\"><span class=\"icon-container\"><span class=\"fa fa-check\"><\/span><\/span><\/span> negro<br \/>\n<span style=\"color: #fcc71f;\"><span class=\"icon-container\"><span class=\"fa fa-check\"><\/span><\/span><\/span> Pintado en cualquier color de la paleta RAL<br \/>\n<span style=\"color: #fcc71f;\"><span class=\"icon-container\"><span class=\"fa fa-check\"><\/span><\/span><\/span><\/p>\n<p style=\"text-align: allow;\">Cada uno de nuestros tableros se puede fabricar en una variante magn\u00e9tica que le permite colocar imanes ordinarios y de neodimio. Las pizarras magn\u00e9ticas se fabrican en tama\u00f1os: <span style=\"color: #808080;\"><strong>120x90 cm, 100x150 cm<\/strong><\/span><\/p>\n<p>A petici\u00f3n del cliente, podemos fabricar un tablero de vidrio a medida.<\/p>\n<\/div><\/div><\/div><div id=\"pgc-31266-2-1\"  class=\"panel-grid-cell\" ><div id=\"panel-31266-2-1-0\" class=\"so-panel widget widget_black-studio-tinymce widget_black_studio_tinymce panel-first-child\" data-index=\"4\" ><h3 class=\"widget-title\">Pizarras magn\u00e9ticas &#8211; datos t\u00e9cnicos<\/h3><div class=\"textwidget\"><p><strong>Material:<\/strong> Fabricado en vidrio plano AGC o Pilkington de 4 mm de espesor.<\/p>\n<p><strong>Seguridad:<\/strong> Vidrio de seguridad, templado.<\/p>\n<p><strong>L\u00e1mina magn\u00e9tica:<\/strong> Fabricada en chapa galvanizada resistente a la corrosi\u00f3n.<\/p>\n<p><strong>Cantos:<\/strong> Pulido.<\/p>\n<p><strong>Montaje:<\/strong> F\u00e1cil y seguro.<\/p>\n<\/div><\/div><div id=\"panel-31266-2-1-1\" class=\"so-panel widget widget_pt_brochure_box widget-brochure-box panel-last-child\" data-index=\"5\" ><div class=\"panel-widget-style panel-widget-style-for-31266-2-1-1\" >\t\t\t<a class=\"brochure-box\" href=\"#\" target=\"_blank\">\n\t\t\t\t<i class=\"fa  fa-file-pdf-o\"><\/i>\n\t\t\t\t<h5 class=\"brochure-box__text\">Ver folleto<\/h5>\n\t\t\t<\/a>\n\n\t\t\t<\/div><\/div><\/div><\/div><div id=\"pg-31266-3\"  class=\"panel-grid panel-no-style\" ><div id=\"pgc-31266-3-0\"  class=\"panel-grid-cell\" ><div id=\"panel-31266-3-0-0\" class=\"so-panel widget widget_black-studio-tinymce widget_black_studio_tinymce panel-first-child panel-last-child\" data-index=\"6\" ><h3 class=\"widget-title\">\u00a1Vea la oferta!<\/h3><div class=\"textwidget\"><p><\/p>\n<\/div><\/div><\/div><\/div><\/div>","protected":false},"excerpt":{"rendered":"<p>Nos especializamos en la producci\u00f3n de pizarras magn\u00e9ticas de vidrio, que son perfectas para tomar notas, aprender idiomas o hacer presentaciones comerciales. A diferencia de las pizarras ordinarias de borrado en seco, las pizarras magn\u00e9ticas de vidrio tienen un delicado reflejo, lo que les da elegancia y enfatiza la modernidad del interior. Las pizarras magn\u00e9ticas &hellip;<\/p>\n","protected":false},"author":1,"featured_media":0,"parent":0,"menu_order":0,"comment_status":"closed","ping_status":"closed","template":"","meta":{"om_disable_all_campaigns":false,"footnotes":""},"yoast_head":"<!-- This site is optimized with the Yoast SEO Premium plugin v23.0 (Yoast SEO v23.0) - https:\/\/yoast.com\/wordpress\/plugins\/seo\/ -->\n<title>Pizarras magn\u00e9ticas de vidrio de seguridad - \u00a1Diferentes colores!<\/title>\n<meta name=\"description\" content=\"Tableros magn\u00e9ticos que puedes hacer de todo tipo de rotuladores y pinturas, resistentes a manchas e impactos. Producto certificado por muchos a\u00f1os.\" \/>\n<meta name=\"robots\" content=\"index, follow, max-snippet:-1, max-image-preview:large, max-video-preview:-1\" \/>\n<link rel=\"canonical\" href=\"https:\/\/www.tablice-szklane.pl\/es\/pizarras-magneticas\/\" \/>\n<meta property=\"og:locale\" content=\"es_ES\" \/>\n<meta property=\"og:type\" content=\"article\" \/>\n<meta property=\"og:title\" content=\"Pizarras magn\u00e9ticas\" \/>\n<meta property=\"og:description\" content=\"Tableros magn\u00e9ticos que puedes hacer de todo tipo de rotuladores y pinturas, resistentes a manchas e impactos. Producto certificado por muchos a\u00f1os.\" \/>\n<meta property=\"og:url\" content=\"https:\/\/www.tablice-szklane.pl\/es\/pizarras-magneticas\/\" \/>\n<meta property=\"og:site_name\" content=\"Bunto\" \/>\n<meta property=\"article:modified_time\" content=\"2023-05-02T00:24:52+00:00\" \/>\n<meta property=\"og:image\" content=\"http:\/\/www.tablice-szklane.pl\/wp-content\/uploads\/2015\/10\/tablica_szklana_022.jpg\" \/>\n<meta name=\"twitter:card\" content=\"summary_large_image\" \/>\n<meta name=\"twitter:label1\" content=\"Tiempo de lectura\" \/>\n\t<meta name=\"twitter:data1\" content=\"3 minutos\" \/>\n<script type=\"application\/ld+json\" class=\"yoast-schema-graph\">{\"@context\":\"https:\/\/schema.org\",\"@graph\":[{\"@type\":\"WebPage\",\"@id\":\"https:\/\/www.tablice-szklane.pl\/es\/pizarras-magneticas\/\",\"url\":\"https:\/\/www.tablice-szklane.pl\/es\/pizarras-magneticas\/\",\"name\":\"Pizarras magn\u00e9ticas de vidrio de seguridad - \u00a1Diferentes colores!\",\"isPartOf\":{\"@id\":\"https:\/\/www.tablice-szklane.pl\/es\/#website\"},\"primaryImageOfPage\":{\"@id\":\"https:\/\/www.tablice-szklane.pl\/es\/pizarras-magneticas\/#primaryimage\"},\"image\":{\"@id\":\"https:\/\/www.tablice-szklane.pl\/es\/pizarras-magneticas\/#primaryimage\"},\"thumbnailUrl\":\"http:\/\/www.tablice-szklane.pl\/wp-content\/uploads\/2015\/10\/tablica_szklana_022.jpg\",\"datePublished\":\"2015-10-19T17:31:00+00:00\",\"dateModified\":\"2023-05-02T00:24:52+00:00\",\"description\":\"Tableros magn\u00e9ticos que puedes hacer de todo tipo de rotuladores y pinturas, resistentes a manchas e impactos. Producto certificado por muchos a\u00f1os.\",\"breadcrumb\":{\"@id\":\"https:\/\/www.tablice-szklane.pl\/es\/pizarras-magneticas\/#breadcrumb\"},\"inLanguage\":\"es\",\"potentialAction\":[{\"@type\":\"ReadAction\",\"target\":[\"https:\/\/www.tablice-szklane.pl\/es\/pizarras-magneticas\/\"]}]},{\"@type\":\"ImageObject\",\"inLanguage\":\"es\",\"@id\":\"https:\/\/www.tablice-szklane.pl\/es\/pizarras-magneticas\/#primaryimage\",\"url\":\"http:\/\/www.tablice-szklane.pl\/wp-content\/uploads\/2015\/10\/tablica_szklana_022.jpg\",\"contentUrl\":\"http:\/\/www.tablice-szklane.pl\/wp-content\/uploads\/2015\/10\/tablica_szklana_022.jpg\"},{\"@type\":\"BreadcrumbList\",\"@id\":\"https:\/\/www.tablice-szklane.pl\/es\/pizarras-magneticas\/#breadcrumb\",\"itemListElement\":[{\"@type\":\"ListItem\",\"position\":1,\"name\":\"Strona g\u0142\u00f3wna\",\"item\":\"https:\/\/www.tablice-szklane.pl\/es\/\"},{\"@type\":\"ListItem\",\"position\":2,\"name\":\"Pizarras magn\u00e9ticas\"}]},{\"@type\":\"WebSite\",\"@id\":\"https:\/\/www.tablice-szklane.pl\/es\/#website\",\"url\":\"https:\/\/www.tablice-szklane.pl\/es\/\",\"name\":\"Bunto\",\"description\":\"\",\"publisher\":{\"@id\":\"https:\/\/www.tablice-szklane.pl\/es\/#organization\"},\"potentialAction\":[{\"@type\":\"SearchAction\",\"target\":{\"@type\":\"EntryPoint\",\"urlTemplate\":\"https:\/\/www.tablice-szklane.pl\/es\/?s={search_term_string}\"},\"query-input\":\"required name=search_term_string\"}],\"inLanguage\":\"es\"},{\"@type\":[\"Organization\",\"Place\"],\"@id\":\"https:\/\/www.tablice-szklane.pl\/es\/#organization\",\"name\":\"Bunto\",\"url\":\"https:\/\/www.tablice-szklane.pl\/es\/\",\"logo\":{\"@id\":\"https:\/\/www.tablice-szklane.pl\/es\/pizarras-magneticas\/#local-main-organization-logo\"},\"image\":{\"@id\":\"https:\/\/www.tablice-szklane.pl\/es\/pizarras-magneticas\/#local-main-organization-logo\"},\"telephone\":[],\"openingHoursSpecification\":[{\"@type\":\"OpeningHoursSpecification\",\"dayOfWeek\":[\"Monday\",\"Tuesday\",\"Wednesday\",\"Thursday\",\"Friday\",\"Saturday\",\"Sunday\"],\"opens\":\"09:00\",\"closes\":\"17:00\"}]},{\"@type\":\"ImageObject\",\"inLanguage\":\"es\",\"@id\":\"https:\/\/www.tablice-szklane.pl\/es\/pizarras-magneticas\/#local-main-organization-logo\",\"url\":\"https:\/\/www.tablice-szklane.pl\/wp-content\/uploads\/2024\/01\/Logo-Bunto-2021.jpg\",\"contentUrl\":\"https:\/\/www.tablice-szklane.pl\/wp-content\/uploads\/2024\/01\/Logo-Bunto-2021.jpg\",\"width\":936,\"height\":421,\"caption\":\"Bunto\"}]}<\/script>\n<!-- \/ Yoast SEO Premium plugin. -->","yoast_head_json":{"title":"Pizarras magn\u00e9ticas de vidrio de seguridad - \u00a1Diferentes colores!","description":"Tableros magn\u00e9ticos que puedes hacer de todo tipo de rotuladores y pinturas, resistentes a manchas e impactos. Producto certificado por muchos a\u00f1os.","robots":{"index":"index","follow":"follow","max-snippet":"max-snippet:-1","max-image-preview":"max-image-preview:large","max-video-preview":"max-video-preview:-1"},"canonical":"https:\/\/www.tablice-szklane.pl\/es\/pizarras-magneticas\/","og_locale":"es_ES","og_type":"article","og_title":"Pizarras magn\u00e9ticas","og_description":"Tableros magn\u00e9ticos que puedes hacer de todo tipo de rotuladores y pinturas, resistentes a manchas e impactos. Producto certificado por muchos a\u00f1os.","og_url":"https:\/\/www.tablice-szklane.pl\/es\/pizarras-magneticas\/","og_site_name":"Bunto","article_modified_time":"2023-05-02T00:24:52+00:00","og_image":[{"url":"http:\/\/www.tablice-szklane.pl\/wp-content\/uploads\/2015\/10\/tablica_szklana_022.jpg"}],"twitter_card":"summary_large_image","twitter_misc":{"Tiempo de lectura":"3 minutos"},"schema":{"@context":"https:\/\/schema.org","@graph":[{"@type":"WebPage","@id":"https:\/\/www.tablice-szklane.pl\/es\/pizarras-magneticas\/","url":"https:\/\/www.tablice-szklane.pl\/es\/pizarras-magneticas\/","name":"Pizarras magn\u00e9ticas de vidrio de seguridad - \u00a1Diferentes colores!","isPartOf":{"@id":"https:\/\/www.tablice-szklane.pl\/es\/#website"},"primaryImageOfPage":{"@id":"https:\/\/www.tablice-szklane.pl\/es\/pizarras-magneticas\/#primaryimage"},"image":{"@id":"https:\/\/www.tablice-szklane.pl\/es\/pizarras-magneticas\/#primaryimage"},"thumbnailUrl":"http:\/\/www.tablice-szklane.pl\/wp-content\/uploads\/2015\/10\/tablica_szklana_022.jpg","datePublished":"2015-10-19T17:31:00+00:00","dateModified":"2023-05-02T00:24:52+00:00","description":"Tableros magn\u00e9ticos que puedes hacer de todo tipo de rotuladores y pinturas, resistentes a manchas e impactos. Producto certificado por muchos a\u00f1os.","breadcrumb":{"@id":"https:\/\/www.tablice-szklane.pl\/es\/pizarras-magneticas\/#breadcrumb"},"inLanguage":"es","potentialAction":[{"@type":"ReadAction","target":["https:\/\/www.tablice-szklane.pl\/es\/pizarras-magneticas\/"]}]},{"@type":"ImageObject","inLanguage":"es","@id":"https:\/\/www.tablice-szklane.pl\/es\/pizarras-magneticas\/#primaryimage","url":"http:\/\/www.tablice-szklane.pl\/wp-content\/uploads\/2015\/10\/tablica_szklana_022.jpg","contentUrl":"http:\/\/www.tablice-szklane.pl\/wp-content\/uploads\/2015\/10\/tablica_szklana_022.jpg"},{"@type":"BreadcrumbList","@id":"https:\/\/www.tablice-szklane.pl\/es\/pizarras-magneticas\/#breadcrumb","itemListElement":[{"@type":"ListItem","position":1,"name":"Strona g\u0142\u00f3wna","item":"https:\/\/www.tablice-szklane.pl\/es\/"},{"@type":"ListItem","position":2,"name":"Pizarras magn\u00e9ticas"}]},{"@type":"WebSite","@id":"https:\/\/www.tablice-szklane.pl\/es\/#website","url":"https:\/\/www.tablice-szklane.pl\/es\/","name":"Bunto","description":"","publisher":{"@id":"https:\/\/www.tablice-szklane.pl\/es\/#organization"},"potentialAction":[{"@type":"SearchAction","target":{"@type":"EntryPoint","urlTemplate":"https:\/\/www.tablice-szklane.pl\/es\/?s={search_term_string}"},"query-input":"required name=search_term_string"}],"inLanguage":"es"},{"@type":["Organization","Place"],"@id":"https:\/\/www.tablice-szklane.pl\/es\/#organization","name":"Bunto","url":"https:\/\/www.tablice-szklane.pl\/es\/","logo":{"@id":"https:\/\/www.tablice-szklane.pl\/es\/pizarras-magneticas\/#local-main-organization-logo"},"image":{"@id":"https:\/\/www.tablice-szklane.pl\/es\/pizarras-magneticas\/#local-main-organization-logo"},"telephone":[],"openingHoursSpecification":[{"@type":"OpeningHoursSpecification","dayOfWeek":["Monday","Tuesday","Wednesday","Thursday","Friday","Saturday","Sunday"],"opens":"09:00","closes":"17:00"}]},{"@type":"ImageObject","inLanguage":"es","@id":"https:\/\/www.tablice-szklane.pl\/es\/pizarras-magneticas\/#local-main-organization-logo","url":"https:\/\/www.tablice-szklane.pl\/wp-content\/uploads\/2024\/01\/Logo-Bunto-2021.jpg","contentUrl":"https:\/\/www.tablice-szklane.pl\/wp-content\/uploads\/2024\/01\/Logo-Bunto-2021.jpg","width":936,"height":421,"caption":"Bunto"}]}},"_links":{"self":[{"href":"https:\/\/www.tablice-szklane.pl\/es\/wp-json\/wp\/v2\/pages\/31266"}],"collection":[{"href":"https:\/\/www.tablice-szklane.pl\/es\/wp-json\/wp\/v2\/pages"}],"about":[{"href":"https:\/\/www.tablice-szklane.pl\/es\/wp-json\/wp\/v2\/types\/page"}],"author":[{"embeddable":true,"href":"https:\/\/www.tablice-szklane.pl\/es\/wp-json\/wp\/v2\/users\/1"}],"replies":[{"embeddable":true,"href":"https:\/\/www.tablice-szklane.pl\/es\/wp-json\/wp\/v2\/comments?post=31266"}],"version-history":[{"count":7,"href":"https:\/\/www.tablice-szklane.pl\/es\/wp-json\/wp\/v2\/pages\/31266\/revisions"}],"predecessor-version":[{"id":31275,"href":"https:\/\/www.tablice-szklane.pl\/es\/wp-json\/wp\/v2\/pages\/31266\/revisions\/31275"}],"wp:attachment":[{"href":"https:\/\/www.tablice-szklane.pl\/es\/wp-json\/wp\/v2\/media?parent=31266"}],"curies":[{"name":"wp","href":"https:\/\/api.w.org\/{rel}","templated":true}]}}