{"id":38314,"date":"2018-03-03T09:58:40","date_gmt":"2018-03-03T08:58:40","guid":{"rendered":"https:\/\/www.tablice-szklane.pl\/precios-de-bunto\/"},"modified":"2025-06-22T17:30:21","modified_gmt":"2025-06-22T15:30:21","slug":"precios-de-bunto","status":"publish","type":"page","link":"https:\/\/www.tablice-szklane.pl\/es\/precios-de-bunto\/","title":{"rendered":"Precios de Bunto"},"content":{"rendered":"<div id=\"pl-38314\"  class=\"panel-layout\" ><div id=\"pg-38314-0\"  class=\"panel-grid panel-has-style\" ><div class=\"panel-row-style panel-row-style-for-38314-0\" ><div id=\"pgc-38314-0-0\"  class=\"panel-grid-cell\" ><div id=\"panel-38314-0-0-0\" class=\"so-panel widget widget_black-studio-tinymce widget_black_studio_tinymce panel-first-child panel-last-child\" data-index=\"0\" ><div class=\"textwidget\"><h1 style=\"text-align: center;\"><strong>SERIA MAGNETIC<\/strong><\/h1>\n<\/div><\/div><\/div><\/div><\/div><div id=\"pg-38314-1\"  class=\"panel-grid panel-no-style\" ><div id=\"pgc-38314-1-0\"  class=\"panel-grid-cell panel-grid-cell-empty\" ><\/div><\/div><div id=\"pg-38314-2\"  class=\"panel-grid panel-no-style\" ><div id=\"pgc-38314-2-0\"  class=\"panel-grid-cell\" ><div id=\"panel-38314-2-0-0\" class=\"so-panel widget widget_black-studio-tinymce widget_black_studio_tinymce panel-first-child panel-last-child\" data-index=\"1\" ><h3 class=\"widget-title\">Tablica szklana magnetyczna: bia\u0142a<\/h3><div class=\"textwidget\"><a href=\"https:\/\/www.tablice-szklane.pl\/wp-content\/uploads\/2018\/03\/tablica-biala-sklep02.jpg\"><img fetchpriority=\"high\" decoding=\"async\" class=\"alignnone size-full wp-image-15992\" src=\"https:\/\/www.tablice-szklane.pl\/wp-content\/uploads\/2018\/03\/tablica-biala-sklep01.jpg\" alt=\"tablica-biala-sklep01\" width=\"555\" height=\"416\" srcset=\"https:\/\/www.tablice-szklane.pl\/wp-content\/uploads\/2018\/03\/tablica-biala-sklep01.jpg 555w, https:\/\/www.tablice-szklane.pl\/wp-content\/uploads\/2018\/03\/tablica-biala-sklep01-300x225.jpg 300w, https:\/\/www.tablice-szklane.pl\/wp-content\/uploads\/2018\/03\/tablica-biala-sklep01-100x75.jpg 100w\" sizes=\"(max-width: 555px) 100vw, 555px\" \/><\/a>\n<table class=\"buildpress-table\">\n<thead>\n<tr>\n<th>WYMIARY<\/th>\n<th class=\"align-center\">CENA BRUTTO \/ DOSTAWA<\/th>\n<\/tr>\n<\/thead>\n<tbody>\n<tr>\n<td>120 x 90 cm [M01]<\/td>\n<td class=\"align-center\">589.00 z\u0142 \/ + 30 z\u0142<\/td>\n<\/tr>\n<tr>\n<td>150 x 100 cm [M02]<\/td>\n<td class=\"align-center\">749.00 z\u0142 \/ + 30 z\u0142<\/td>\n<\/tr>\n<tr>\n<td>200 x 100 cm [M03]<\/td>\n<td class=\"align-center\">949.00 z\u0142 \/ + 69 z\u0142<\/td>\n<\/tr>\n<\/tbody>\n<\/table>\n<br>\n<em><strong>Do tablicy do\u0142\u0105czone s\u0105:<\/strong>\u00a0 akcesoria monta\u017cowe, magnesy, marker, p\u00f3\u0142ka, g\u0105bka, instrukcja<\/em><\/div><\/div><\/div><div id=\"pgc-38314-2-1\"  class=\"panel-grid-cell\" ><div id=\"panel-38314-2-1-0\" class=\"so-panel widget widget_black-studio-tinymce widget_black_studio_tinymce panel-first-child panel-last-child\" data-index=\"2\" ><h3 class=\"widget-title\">Tablica szklana magnetyczna: czarna<\/h3><div class=\"textwidget\"><a href=\"https:\/\/www.tablice-szklane.pl\/wp-content\/uploads\/2018\/03\/tablica-czarna-sklep02.jpg\"><img decoding=\"async\" class=\"alignnone size-full wp-image-15987\" src=\"https:\/\/www.tablice-szklane.pl\/wp-content\/uploads\/2018\/03\/tablica-czarna-sklep01.jpg\" alt=\"tablica-czarna-sklep01\" width=\"555\" height=\"416\" srcset=\"https:\/\/www.tablice-szklane.pl\/wp-content\/uploads\/2018\/03\/tablica-czarna-sklep01.jpg 555w, https:\/\/www.tablice-szklane.pl\/wp-content\/uploads\/2018\/03\/tablica-czarna-sklep01-300x225.jpg 300w, https:\/\/www.tablice-szklane.pl\/wp-content\/uploads\/2018\/03\/tablica-czarna-sklep01-100x75.jpg 100w\" sizes=\"(max-width: 555px) 100vw, 555px\" \/><\/a>\n<table class=\"buildpress-table\">\n<thead>\n<tr>\n<th>WYMIARY<\/th>\n<th class=\"align-center\">CENA BRUTTO \/ DOSTAWA<\/th>\n<\/tr>\n<\/thead>\n<tbody>\n<tr>\n<td>120 x 90 cm [M04]<\/td>\n<td class=\"align-center\">589.00 z\u0142 \/ + 30 z\u0142<\/td>\n<\/tr>\n<tr>\n<td>150 x 100 cm [M05]<\/td>\n<td class=\"align-center\">749.00 z\u0142 \/ + 30 z\u0142<\/td>\n<\/tr>\n<tr>\n<td>200 x 100 cm [M06]<\/td>\n<td class=\"align-center\">949.00 z\u0142 \/ + 69 z\u0142<\/td>\n<\/tr>\n<\/tbody>\n<\/table>\n<br>\n<em><strong>Do tablicy do\u0142\u0105czone s\u0105:<\/strong>\u00a0 akcesoria monta\u017cowe, magnesy, marker, p\u00f3\u0142ka, g\u0105bka, instrukcja<\/em><\/div><\/div><\/div><\/div><div id=\"pg-38314-3\"  class=\"panel-grid panel-no-style\" ><div id=\"pgc-38314-3-0\"  class=\"panel-grid-cell panel-grid-cell-empty\" ><\/div><\/div><div id=\"pg-38314-4\"  class=\"panel-grid panel-no-style\" ><div id=\"pgc-38314-4-0\"  class=\"panel-grid-cell\" ><div id=\"panel-38314-4-0-0\" class=\"so-panel widget widget_black-studio-tinymce widget_black_studio_tinymce panel-first-child panel-last-child\" data-index=\"3\" ><h3 class=\"widget-title\">Tablica szklana magnetyczna &#8211; Dowolny KOLOR<\/h3><div class=\"textwidget\"><a href=\"https:\/\/www.tablice-szklane.pl\/wp-content\/uploads\/2018\/03\/tablice-kolorowe-img.jpg\"><img decoding=\"async\" class=\"alignnone size-full wp-image-15952\" src=\"https:\/\/www.tablice-szklane.pl\/wp-content\/uploads\/2018\/03\/tablice-kolorowe-img.jpg\" alt=\"tablice-kolorowe-img\" width=\"555\" height=\"416\" srcset=\"https:\/\/www.tablice-szklane.pl\/wp-content\/uploads\/2018\/03\/tablice-kolorowe-img.jpg 555w, https:\/\/www.tablice-szklane.pl\/wp-content\/uploads\/2018\/03\/tablice-kolorowe-img-300x225.jpg 300w, https:\/\/www.tablice-szklane.pl\/wp-content\/uploads\/2018\/03\/tablice-kolorowe-img-100x75.jpg 100w\" sizes=\"(max-width: 555px) 100vw, 555px\" \/><\/a>\n<table class=\"buildpress-table\">\n<thead>\n<tr>\n<th>WYMIARY<\/th>\n<th class=\"align-center\">CENA BRUTTO \/ DOSTAWA<\/th>\n<\/tr>\n<\/thead>\n<tbody>\n<tr>\n<td>120 x 90 cm [MR1]<\/td>\n<td class=\"align-center\">589.00 z\u0142 \/ + 30 z\u0142<\/td>\n<\/tr>\n<tr>\n<td>150 x 100 cm [MR2]<\/td>\n<td class=\"align-center\">749.00 z\u0142 \/ + 30 z\u0142<\/td>\n<\/tr>\n<tr>\n<td>200 x 100 cm [MR3]<\/td>\n<td class=\"align-center\">949 z\u0142 \/ + 100 z\u0142<\/td>\n<\/tr>\n<\/tbody>\n<\/table><\/div><\/div><\/div><div id=\"pgc-38314-4-1\"  class=\"panel-grid-cell\" ><div id=\"panel-38314-4-1-0\" class=\"so-panel widget widget_black-studio-tinymce widget_black_studio_tinymce panel-first-child panel-last-child\" data-index=\"4\" ><h3 class=\"widget-title\">Popularne KOLORY<\/h3><div class=\"textwidget\"><a href=\"https:\/\/www.tablice-szklane.pl\/wp-content\/uploads\/2018\/03\/kolory-tablic-bunto02.jpg\"><img loading=\"lazy\" decoding=\"async\" class=\"alignnone size-full wp-image-15954\" src=\"https:\/\/www.tablice-szklane.pl\/wp-content\/uploads\/2018\/03\/kolory-tablic-bunto.jpg\" alt=\"kolory-tablic-bunto\" width=\"555\" height=\"416\" srcset=\"https:\/\/www.tablice-szklane.pl\/wp-content\/uploads\/2018\/03\/kolory-tablic-bunto.jpg 555w, https:\/\/www.tablice-szklane.pl\/wp-content\/uploads\/2018\/03\/kolory-tablic-bunto-300x225.jpg 300w, https:\/\/www.tablice-szklane.pl\/wp-content\/uploads\/2018\/03\/kolory-tablic-bunto-100x75.jpg 100w\" sizes=\"(max-width: 555px) 100vw, 555px\" \/><\/a>\n<h4 style=\"padding-left: 30px;\">Jak zam\u00f3wi\u0107 tablic\u0119 kolorow\u0105?<\/h4>\n<p style=\"padding-left: 30px; font-size: 16px;\">Zam\u00f3wienia na tablice kolorowe przyjmujemy na <span style=\"text-decoration: underline; color: #00ccff;\"><a style=\"color: #00ccff; text-decoration: underline;\" href=\"mailto:sklep@bunto.pl\" target=\"_top\">nasz E-mail<\/a><\/span>.<\/p>\n\n<ul>\n \t<li style=\"padding-left: 30px; font-size: 16px;\">Przy zam\u00f3wieniu prosimy o podanie numeru RAL.<\/li>\n \t<li style=\"padding-left: 30px; font-size: 16px;\">Czas realizacji tablic kolorowych : 2-3 tygodnie.<\/li>\n \t<li style=\"padding-left: 30px; font-size: 16px;\">Mo\u017cliwe jest zam\u00f3wienie innych kolor\u00f3w RAL spoza listy.<\/li>\n \t<li style=\"padding-left: 30px; font-size: 16px;\">Tablice wykonywane s\u0105 na szkle optiwhite by jak najlepiej odda\u0107 kolor.<\/li>\n<\/ul><\/div><\/div><\/div><\/div><div id=\"pg-38314-5\"  class=\"panel-grid panel-no-style\" ><div id=\"pgc-38314-5-0\"  class=\"panel-grid-cell panel-grid-cell-empty\" ><\/div><\/div><div id=\"pg-38314-6\"  class=\"panel-grid panel-has-style\" ><div class=\"panel-row-style panel-row-style-for-38314-6\" ><div id=\"pgc-38314-6-0\"  class=\"panel-grid-cell\" ><div id=\"panel-38314-6-0-0\" class=\"so-panel widget widget_black-studio-tinymce widget_black_studio_tinymce panel-first-child panel-last-child\" data-index=\"5\" ><div class=\"textwidget\"><h1 style=\"text-align: center;\"><strong>Seria Transparent - Tablice niemagnetyczne<\/strong><\/h1>\n<\/div><\/div><\/div><\/div><\/div><div id=\"pg-38314-7\"  class=\"panel-grid panel-no-style\" ><div id=\"pgc-38314-7-0\"  class=\"panel-grid-cell panel-grid-cell-empty\" ><\/div><\/div><div id=\"pg-38314-8\"  class=\"panel-grid panel-no-style\" ><div id=\"pgc-38314-8-0\"  class=\"panel-grid-cell\" ><div id=\"panel-38314-8-0-0\" class=\"so-panel widget widget_black-studio-tinymce widget_black_studio_tinymce panel-first-child panel-last-child\" data-index=\"6\" ><h3 class=\"widget-title\">Tablica szklana transparentna &#8211; bezbarwna<\/h3><div class=\"textwidget\"><a href=\"https:\/\/www.tablice-szklane.pl\/wp-content\/uploads\/2018\/03\/tablica-bezbarwna-sklep02.jpg\"><img loading=\"lazy\" decoding=\"async\" class=\"alignnone size-full wp-image-15958\" src=\"https:\/\/www.tablice-szklane.pl\/wp-content\/uploads\/2018\/03\/bezbarwna-tablica-bunto.jpg\" alt=\"bezbarwna-tablica-bunto\" width=\"555\" height=\"416\" srcset=\"https:\/\/www.tablice-szklane.pl\/wp-content\/uploads\/2018\/03\/bezbarwna-tablica-bunto.jpg 555w, https:\/\/www.tablice-szklane.pl\/wp-content\/uploads\/2018\/03\/bezbarwna-tablica-bunto-300x225.jpg 300w, https:\/\/www.tablice-szklane.pl\/wp-content\/uploads\/2018\/03\/bezbarwna-tablica-bunto-100x75.jpg 100w\" sizes=\"(max-width: 555px) 100vw, 555px\" \/><\/a>\n<table class=\"buildpress-table\">\n<thead>\n<tr>\n<th>WYMIARY<\/th>\n<th class=\"align-center\">CENA BRUTTO \/ DOSTAWA<\/th>\n<\/tr>\n<\/thead>\n<tbody>\n<tr>\n<td>120 x 90 cm [T01]<\/td>\n<td class=\"align-center\">499.00 z\u0142 \/ + 30 z\u0142<\/td>\n<\/tr>\n<tr>\n<td>150 x 100 cm [T02]<\/td>\n<td class=\"align-center\">599.00 z\u0142 \/ + 30 z\u0142<\/td>\n<\/tr>\n<tr>\n<td>200 x 100 cm [T03]<\/td>\n<td class=\"align-center\">949.00 z\u0142 \/ + 69 z\u0142<\/td>\n<\/tr>\n<\/tbody>\n<\/table>\n<em><strong>Do tablicy do\u0142\u0105czone s\u0105:<\/strong>  akcesoria monta\u017cowe, marker, p\u00f3\u0142ka samoprzylepna, instrukcja monta\u017cu<\/em><\/div><\/div><\/div><div id=\"pgc-38314-8-1\"  class=\"panel-grid-cell\" ><div id=\"panel-38314-8-1-0\" class=\"so-panel widget widget_black-studio-tinymce widget_black_studio_tinymce panel-first-child panel-last-child\" data-index=\"7\" ><h3 class=\"widget-title\">Tablica szklana p\u00f3\u0142transparentna &#8211; matowa<\/h3><div class=\"textwidget\"><a href=\"https:\/\/www.tablice-szklane.pl\/wp-content\/uploads\/2018\/03\/tablica-matowa-sklep02.jpg\"><img loading=\"lazy\" decoding=\"async\" class=\"alignnone size-full wp-image-15959\" src=\"https:\/\/www.tablice-szklane.pl\/wp-content\/uploads\/2018\/03\/matowa-tablica-bunto.jpg\" alt=\"matowa-tablica-bunto\" width=\"555\" height=\"416\" srcset=\"https:\/\/www.tablice-szklane.pl\/wp-content\/uploads\/2018\/03\/matowa-tablica-bunto.jpg 555w, https:\/\/www.tablice-szklane.pl\/wp-content\/uploads\/2018\/03\/matowa-tablica-bunto-300x225.jpg 300w, https:\/\/www.tablice-szklane.pl\/wp-content\/uploads\/2018\/03\/matowa-tablica-bunto-100x75.jpg 100w\" sizes=\"(max-width: 555px) 100vw, 555px\" \/><\/a>\n<table class=\"buildpress-table\">\n<thead>\n<tr>\n<th>WYMIARY<\/th>\n<th class=\"align-center\">CENA BRUTTO \/ DOSTAWA<\/th>\n<\/tr>\n<\/thead>\n<tbody>\n<tr>\n<td>120 x 90 cm [T04]<\/td>\n<td class=\"align-center\">549.00 z\u0142 \/ + 30 z\u0142<\/td>\n<\/tr>\n<tr>\n<td>150 x 100 cm [T05]<\/td>\n<td class=\"align-center\">649.00 z\u0142 \/ + 30 z\u0142<\/td>\n<\/tr>\n<tr>\n<td>200 x 100 cm [T06]<\/td>\n<td class=\"align-center\">949.00 z\u0142 \/ + 69 z\u0142<\/td>\n<\/tr>\n<\/tbody>\n<\/table>\n<em><strong>Do tablicy do\u0142\u0105czone s\u0105:<\/strong>  akcesoria monta\u017cowe, marker, p\u00f3\u0142ka samoprzylepna, instrukcja monta\u017cu<\/em><\/div><\/div><\/div><\/div><div id=\"pg-38314-9\"  class=\"panel-grid panel-no-style\" ><div id=\"pgc-38314-9-0\"  class=\"panel-grid-cell panel-grid-cell-empty\" ><\/div><\/div><div id=\"pg-38314-10\"  class=\"panel-grid panel-has-style\" ><div class=\"panel-row-style panel-row-style-for-38314-10\" ><div id=\"pgc-38314-10-0\"  class=\"panel-grid-cell\" ><div id=\"panel-38314-10-0-0\" class=\"so-panel widget widget_black-studio-tinymce widget_black_studio_tinymce panel-first-child panel-last-child\" data-index=\"8\" ><div class=\"textwidget\"><h1 style=\"text-align: center;\"><strong>AKCESORIA<\/strong><\/h1>\n<\/div><\/div><\/div><\/div><\/div><div id=\"pg-38314-11\"  class=\"panel-grid panel-no-style\" ><div id=\"pgc-38314-11-0\"  class=\"panel-grid-cell panel-grid-cell-empty\" ><\/div><\/div><div id=\"pg-38314-12\"  class=\"panel-grid panel-no-style\" ><div id=\"pgc-38314-12-0\"  class=\"panel-grid-cell\" ><div id=\"panel-38314-12-0-0\" class=\"so-panel widget widget_black-studio-tinymce widget_black_studio_tinymce panel-first-child panel-last-child\" data-index=\"9\" ><div class=\"textwidget\"><p><a href=\"https:\/\/www.tablice-szklane.pl\/wp-content\/uploads\/2018\/08\/akcesoria-kolaz.jpg\"><img loading=\"lazy\" decoding=\"async\" class=\"alignnone size-full wp-image-15936\" src=\"https:\/\/www.tablice-szklane.pl\/wp-content\/uploads\/2018\/08\/akcesoria-bunto.jpg\" alt=\"\" width=\"1140\" height=\"285\" \/><\/a><\/p>\n<table class=\"table\" style=\"font-size: 20px;\">\n<thead>\n<tr>\n<th>Nazwa<\/th>\n<th class=\"align-center\">Nr artyku\u0142u<\/th>\n<th class=\"align-center\">Cena Brutto<\/th>\n<\/tr>\n<\/thead>\n<tbody>\n<tr class=\"active\">\n<td>P\u00f3\u0142ka magnetyczna na markery: bia\u0142a lub czarna<\/td>\n<td class=\"align-center\">A1<\/td>\n<td class=\"align-center\">55.00 z\u0142<\/td>\n<\/tr>\n<tr>\n<td>Marker kredowy bia\u0142y<\/td>\n<td class=\"align-center\">A2<\/td>\n<td class=\"align-center\">12.00 z\u0142<\/td>\n<\/tr>\n<tr class=\"active\">\n<td>P\u0142yn do czyszczenia tablic<\/td>\n<td class=\"align-center\">A3<\/td>\n<td class=\"align-center\">20.00 z\u0142<\/td>\n<\/tr>\n<tr>\n<td>G\u0105bka magnetyczna<\/td>\n<td class=\"align-center\">A4<\/td>\n<td class=\"align-center\">15.00 z\u0142<\/td>\n<\/tr>\n<tr class=\"active\">\n<td>Dwa magnesy bukowe - \u015brednica 35 mm<\/td>\n<td class=\"align-center\">A5<\/td>\n<td class=\"align-center\">16.00 z\u0142<\/td>\n<\/tr>\n<tr>\n<td>Bukowa p\u00f3\u0142ka magnetyczna na markery<\/td>\n<td class=\"align-center\">A6<\/td>\n<td class=\"align-center\">55.00 z\u0142<\/td>\n<\/tr>\n<tr class=\"active\">\n<td>Marker czarny<\/td>\n<td class=\"align-center\">A7<\/td>\n<td class=\"align-center\">3.00 z\u0142<\/td>\n<\/tr>\n<tr>\n<td>Cztery markery kolorowe<\/td>\n<td class=\"align-center\">A8<\/td>\n<td class=\"align-center\">14.00 z\u0142<\/td>\n<\/tr>\n<tr class=\"active\">\n<td>Magnes kostka 6 sztuk<\/td>\n<td class=\"align-center\">A9<\/td>\n<td class=\"align-center\">29.00 z\u0142<\/td>\n<\/tr>\n<tr>\n<td>P\u00f3\u0142ka samoprzylepna na markery model A<\/td>\n<td class=\"align-center\">A10<\/td>\n<td class=\"align-center\">14.00 z\u0142<\/td>\n<\/tr>\n<tr class=\"active\">\n<td>P\u00f3\u0142ka samoprzylepna na pisaki model B<\/td>\n<td class=\"align-center\">A11<\/td>\n<td class=\"align-center\">26.00 z\u0142<\/td>\n<\/tr>\n<tr>\n<td>P\u00f3\u0142ka magnetyczna na markery: dowolny kolor<\/td>\n<td class=\"align-center\">A12<\/td>\n<td class=\"align-center\">69.00 z\u0142<\/td>\n<\/tr>\n<\/tbody>\n<\/table>\n<\/div><\/div><\/div><\/div><div id=\"pg-38314-13\"  class=\"panel-grid panel-no-style\" ><div id=\"pgc-38314-13-0\"  class=\"panel-grid-cell panel-grid-cell-empty\" ><\/div><\/div><div id=\"pg-38314-14\"  class=\"panel-grid panel-no-style\" ><div id=\"pgc-38314-14-0\"  class=\"panel-grid-cell panel-grid-cell-empty\" ><\/div><\/div><\/div>","protected":false},"excerpt":{"rendered":"<p>SERIA MAGNETIC<\/p>\n","protected":false},"author":1,"featured_media":0,"parent":0,"menu_order":0,"comment_status":"closed","ping_status":"closed","template":"","meta":{"om_disable_all_campaigns":false,"footnotes":""},"yoast_head":"<!-- This site is optimized with the Yoast SEO Premium plugin v23.0 (Yoast SEO v23.0) - https:\/\/yoast.com\/wordpress\/plugins\/seo\/ -->\n<title>Precios de Bunto | Bunto<\/title>\n<meta name=\"robots\" content=\"noindex, nofollow\" \/>\n<meta property=\"og:locale\" content=\"es_ES\" \/>\n<meta property=\"og:type\" content=\"article\" \/>\n<meta property=\"og:title\" content=\"Precios de Bunto\" \/>\n<meta property=\"og:description\" content=\"SERIA MAGNETIC\" \/>\n<meta property=\"og:url\" content=\"https:\/\/www.tablice-szklane.pl\/es\/precios-de-bunto\/\" \/>\n<meta property=\"og:site_name\" content=\"Bunto\" \/>\n<meta property=\"article:modified_time\" content=\"2025-06-22T15:30:21+00:00\" \/>\n<meta property=\"og:image\" content=\"https:\/\/www.tablice-szklane.pl\/wp-content\/uploads\/2018\/03\/tablica-biala-sklep01.jpg\" \/>\n<meta name=\"twitter:card\" content=\"summary_large_image\" \/>\n<meta name=\"twitter:label1\" content=\"Tiempo de lectura\" \/>\n\t<meta name=\"twitter:data1\" content=\"2 minutos\" \/>\n<script type=\"application\/ld+json\" class=\"yoast-schema-graph\">{\"@context\":\"https:\/\/schema.org\",\"@graph\":[{\"@type\":\"WebPage\",\"@id\":\"https:\/\/www.tablice-szklane.pl\/es\/precios-de-bunto\/\",\"url\":\"https:\/\/www.tablice-szklane.pl\/es\/precios-de-bunto\/\",\"name\":\"Precios de Bunto | Bunto\",\"isPartOf\":{\"@id\":\"https:\/\/www.tablice-szklane.pl\/es\/#website\"},\"primaryImageOfPage\":{\"@id\":\"https:\/\/www.tablice-szklane.pl\/es\/precios-de-bunto\/#primaryimage\"},\"image\":{\"@id\":\"https:\/\/www.tablice-szklane.pl\/es\/precios-de-bunto\/#primaryimage\"},\"thumbnailUrl\":\"https:\/\/www.tablice-szklane.pl\/wp-content\/uploads\/2018\/03\/tablica-biala-sklep01.jpg\",\"datePublished\":\"2018-03-03T08:58:40+00:00\",\"dateModified\":\"2025-06-22T15:30:21+00:00\",\"breadcrumb\":{\"@id\":\"https:\/\/www.tablice-szklane.pl\/es\/precios-de-bunto\/#breadcrumb\"},\"inLanguage\":\"es\",\"potentialAction\":[{\"@type\":\"ReadAction\",\"target\":[\"https:\/\/www.tablice-szklane.pl\/es\/precios-de-bunto\/\"]}]},{\"@type\":\"ImageObject\",\"inLanguage\":\"es\",\"@id\":\"https:\/\/www.tablice-szklane.pl\/es\/precios-de-bunto\/#primaryimage\",\"url\":\"https:\/\/www.tablice-szklane.pl\/wp-content\/uploads\/2018\/03\/tablica-biala-sklep01.jpg\",\"contentUrl\":\"https:\/\/www.tablice-szklane.pl\/wp-content\/uploads\/2018\/03\/tablica-biala-sklep01.jpg\"},{\"@type\":\"BreadcrumbList\",\"@id\":\"https:\/\/www.tablice-szklane.pl\/es\/precios-de-bunto\/#breadcrumb\",\"itemListElement\":[{\"@type\":\"ListItem\",\"position\":1,\"name\":\"Strona g\u0142\u00f3wna\",\"item\":\"https:\/\/www.tablice-szklane.pl\/es\/\"},{\"@type\":\"ListItem\",\"position\":2,\"name\":\"Precios de Bunto\"}]},{\"@type\":\"WebSite\",\"@id\":\"https:\/\/www.tablice-szklane.pl\/es\/#website\",\"url\":\"https:\/\/www.tablice-szklane.pl\/es\/\",\"name\":\"Bunto\",\"description\":\"\",\"publisher\":{\"@id\":\"https:\/\/www.tablice-szklane.pl\/es\/#organization\"},\"potentialAction\":[{\"@type\":\"SearchAction\",\"target\":{\"@type\":\"EntryPoint\",\"urlTemplate\":\"https:\/\/www.tablice-szklane.pl\/es\/?s={search_term_string}\"},\"query-input\":\"required name=search_term_string\"}],\"inLanguage\":\"es\"},{\"@type\":[\"Organization\",\"Place\"],\"@id\":\"https:\/\/www.tablice-szklane.pl\/es\/#organization\",\"name\":\"Bunto\",\"url\":\"https:\/\/www.tablice-szklane.pl\/es\/\",\"logo\":{\"@id\":\"https:\/\/www.tablice-szklane.pl\/es\/precios-de-bunto\/#local-main-organization-logo\"},\"image\":{\"@id\":\"https:\/\/www.tablice-szklane.pl\/es\/precios-de-bunto\/#local-main-organization-logo\"},\"telephone\":[],\"openingHoursSpecification\":[{\"@type\":\"OpeningHoursSpecification\",\"dayOfWeek\":[\"Monday\",\"Tuesday\",\"Wednesday\",\"Thursday\",\"Friday\",\"Saturday\",\"Sunday\"],\"opens\":\"09:00\",\"closes\":\"17:00\"}]},{\"@type\":\"ImageObject\",\"inLanguage\":\"es\",\"@id\":\"https:\/\/www.tablice-szklane.pl\/es\/precios-de-bunto\/#local-main-organization-logo\",\"url\":\"https:\/\/www.tablice-szklane.pl\/wp-content\/uploads\/2024\/01\/Logo-Bunto-2021.jpg\",\"contentUrl\":\"https:\/\/www.tablice-szklane.pl\/wp-content\/uploads\/2024\/01\/Logo-Bunto-2021.jpg\",\"width\":936,\"height\":421,\"caption\":\"Bunto\"}]}<\/script>\n<!-- \/ Yoast SEO Premium plugin. -->","yoast_head_json":{"title":"Precios de Bunto | Bunto","robots":{"index":"noindex","follow":"nofollow"},"og_locale":"es_ES","og_type":"article","og_title":"Precios de Bunto","og_description":"SERIA MAGNETIC","og_url":"https:\/\/www.tablice-szklane.pl\/es\/precios-de-bunto\/","og_site_name":"Bunto","article_modified_time":"2025-06-22T15:30:21+00:00","og_image":[{"url":"https:\/\/www.tablice-szklane.pl\/wp-content\/uploads\/2018\/03\/tablica-biala-sklep01.jpg"}],"twitter_card":"summary_large_image","twitter_misc":{"Tiempo de lectura":"2 minutos"},"schema":{"@context":"https:\/\/schema.org","@graph":[{"@type":"WebPage","@id":"https:\/\/www.tablice-szklane.pl\/es\/precios-de-bunto\/","url":"https:\/\/www.tablice-szklane.pl\/es\/precios-de-bunto\/","name":"Precios de Bunto | Bunto","isPartOf":{"@id":"https:\/\/www.tablice-szklane.pl\/es\/#website"},"primaryImageOfPage":{"@id":"https:\/\/www.tablice-szklane.pl\/es\/precios-de-bunto\/#primaryimage"},"image":{"@id":"https:\/\/www.tablice-szklane.pl\/es\/precios-de-bunto\/#primaryimage"},"thumbnailUrl":"https:\/\/www.tablice-szklane.pl\/wp-content\/uploads\/2018\/03\/tablica-biala-sklep01.jpg","datePublished":"2018-03-03T08:58:40+00:00","dateModified":"2025-06-22T15:30:21+00:00","breadcrumb":{"@id":"https:\/\/www.tablice-szklane.pl\/es\/precios-de-bunto\/#breadcrumb"},"inLanguage":"es","potentialAction":[{"@type":"ReadAction","target":["https:\/\/www.tablice-szklane.pl\/es\/precios-de-bunto\/"]}]},{"@type":"ImageObject","inLanguage":"es","@id":"https:\/\/www.tablice-szklane.pl\/es\/precios-de-bunto\/#primaryimage","url":"https:\/\/www.tablice-szklane.pl\/wp-content\/uploads\/2018\/03\/tablica-biala-sklep01.jpg","contentUrl":"https:\/\/www.tablice-szklane.pl\/wp-content\/uploads\/2018\/03\/tablica-biala-sklep01.jpg"},{"@type":"BreadcrumbList","@id":"https:\/\/www.tablice-szklane.pl\/es\/precios-de-bunto\/#breadcrumb","itemListElement":[{"@type":"ListItem","position":1,"name":"Strona g\u0142\u00f3wna","item":"https:\/\/www.tablice-szklane.pl\/es\/"},{"@type":"ListItem","position":2,"name":"Precios de Bunto"}]},{"@type":"WebSite","@id":"https:\/\/www.tablice-szklane.pl\/es\/#website","url":"https:\/\/www.tablice-szklane.pl\/es\/","name":"Bunto","description":"","publisher":{"@id":"https:\/\/www.tablice-szklane.pl\/es\/#organization"},"potentialAction":[{"@type":"SearchAction","target":{"@type":"EntryPoint","urlTemplate":"https:\/\/www.tablice-szklane.pl\/es\/?s={search_term_string}"},"query-input":"required name=search_term_string"}],"inLanguage":"es"},{"@type":["Organization","Place"],"@id":"https:\/\/www.tablice-szklane.pl\/es\/#organization","name":"Bunto","url":"https:\/\/www.tablice-szklane.pl\/es\/","logo":{"@id":"https:\/\/www.tablice-szklane.pl\/es\/precios-de-bunto\/#local-main-organization-logo"},"image":{"@id":"https:\/\/www.tablice-szklane.pl\/es\/precios-de-bunto\/#local-main-organization-logo"},"telephone":[],"openingHoursSpecification":[{"@type":"OpeningHoursSpecification","dayOfWeek":["Monday","Tuesday","Wednesday","Thursday","Friday","Saturday","Sunday"],"opens":"09:00","closes":"17:00"}]},{"@type":"ImageObject","inLanguage":"es","@id":"https:\/\/www.tablice-szklane.pl\/es\/precios-de-bunto\/#local-main-organization-logo","url":"https:\/\/www.tablice-szklane.pl\/wp-content\/uploads\/2024\/01\/Logo-Bunto-2021.jpg","contentUrl":"https:\/\/www.tablice-szklane.pl\/wp-content\/uploads\/2024\/01\/Logo-Bunto-2021.jpg","width":936,"height":421,"caption":"Bunto"}]}},"_links":{"self":[{"href":"https:\/\/www.tablice-szklane.pl\/es\/wp-json\/wp\/v2\/pages\/38314"}],"collection":[{"href":"https:\/\/www.tablice-szklane.pl\/es\/wp-json\/wp\/v2\/pages"}],"about":[{"href":"https:\/\/www.tablice-szklane.pl\/es\/wp-json\/wp\/v2\/types\/page"}],"author":[{"embeddable":true,"href":"https:\/\/www.tablice-szklane.pl\/es\/wp-json\/wp\/v2\/users\/1"}],"replies":[{"embeddable":true,"href":"https:\/\/www.tablice-szklane.pl\/es\/wp-json\/wp\/v2\/comments?post=38314"}],"version-history":[{"count":1,"href":"https:\/\/www.tablice-szklane.pl\/es\/wp-json\/wp\/v2\/pages\/38314\/revisions"}],"predecessor-version":[{"id":38335,"href":"https:\/\/www.tablice-szklane.pl\/es\/wp-json\/wp\/v2\/pages\/38314\/revisions\/38335"}],"wp:attachment":[{"href":"https:\/\/www.tablice-szklane.pl\/es\/wp-json\/wp\/v2\/media?parent=38314"}],"curies":[{"name":"wp","href":"https:\/\/api.w.org\/{rel}","templated":true}]}}