{"id":38415,"date":"2015-11-11T08:24:37","date_gmt":"2015-11-11T07:24:37","guid":{"rendered":"https:\/\/www.tablice-szklane.pl\/pizarra-magnetica\/"},"modified":"2025-06-22T17:30:47","modified_gmt":"2025-06-22T15:30:47","slug":"pizarra-magnetica","status":"publish","type":"page","link":"https:\/\/www.tablice-szklane.pl\/es\/pizarra-magnetica\/","title":{"rendered":"Pizarra magn\u00e9tica"},"content":{"rendered":"<div id=\"pl-38415\"  class=\"panel-layout\" ><div id=\"pg-38415-0\"  class=\"panel-grid panel-no-style\" ><div id=\"pgc-38415-0-0\"  class=\"panel-grid-cell\" ><div id=\"panel-38415-0-0-0\" class=\"so-panel widget widget_black-studio-tinymce widget_black_studio_tinymce panel-first-child panel-last-child\" data-index=\"0\" ><div class=\"textwidget\"><p><figure id=\"attachment_3203\" aria-describedby=\"caption-attachment-3203\" style=\"width: 824px\" class=\"wp-caption alignnone\"><img fetchpriority=\"high\" decoding=\"async\" class=\"wp-image-3203\" title=\"Tablica magnetyczna do pisania\" src=\"http:\/\/www.tablice-szklane.pl\/wp-content\/uploads\/2015\/11\/Tablica-magnetyczna-007.png\" alt=\"tablica magnetyczna\" width=\"824\" height=\"391\" srcset=\"https:\/\/www.tablice-szklane.pl\/wp-content\/uploads\/2015\/11\/Tablica-magnetyczna-007.png 844w, https:\/\/www.tablice-szklane.pl\/wp-content\/uploads\/2015\/11\/Tablica-magnetyczna-007-800x379.png 800w, https:\/\/www.tablice-szklane.pl\/wp-content\/uploads\/2015\/11\/Tablica-magnetyczna-007-300x142.png 300w, https:\/\/www.tablice-szklane.pl\/wp-content\/uploads\/2015\/11\/Tablica-magnetyczna-007-555x263.png 555w\" sizes=\"(max-width: 824px) 100vw, 824px\" \/><figcaption id=\"caption-attachment-3203\" class=\"wp-caption-text\">Tablica magnetyczna firmy Twojszklarz.pl<\/figcaption><\/figure><\/p>\n<\/div><\/div><\/div><\/div><div id=\"pg-38415-1\"  class=\"panel-grid panel-has-style\" ><div class=\"panel-row-style panel-row-style-for-38415-1\" ><div id=\"pgc-38415-1-0\"  class=\"panel-grid-cell\" ><div id=\"panel-38415-1-0-0\" class=\"so-panel widget widget_black-studio-tinymce widget_black_studio_tinymce panel-first-child panel-last-child\" data-index=\"1\" ><h3 class=\"widget-title\">Zalety &#8211; Dlaczego tablica magnetyczna szklana?<\/h3><div class=\"textwidget\"><\/div><\/div><\/div><\/div><\/div><div id=\"pg-38415-2\"  class=\"panel-grid panel-has-style\" ><div class=\"panel-row-style panel-row-style-for-38415-2\" ><div id=\"pgc-38415-2-0\"  class=\"panel-grid-cell\" ><div id=\"panel-38415-2-0-0\" class=\"so-panel widget widget_black-studio-tinymce widget_black_studio_tinymce panel-first-child\" data-index=\"2\" ><div class=\"textwidget\"><p style=\"text-align: justify;\"><img decoding=\"async\" class=\"alignleft wp-image-3168\" title=\"Tablica magnetyczna odporna na czynniki zewn\u0119trzne\" src=\"http:\/\/www.tablice-szklane.pl\/wp-content\/uploads\/2015\/11\/duza-odpornosc.png\" alt=\"Tablica magnetyczna odporno\u015b\u0107\" width=\"60\" height=\"60\" srcset=\"https:\/\/www.tablice-szklane.pl\/wp-content\/uploads\/2015\/11\/duza-odpornosc.png 406w, https:\/\/www.tablice-szklane.pl\/wp-content\/uploads\/2015\/11\/duza-odpornosc-400x400.png 400w, https:\/\/www.tablice-szklane.pl\/wp-content\/uploads\/2015\/11\/duza-odpornosc-100x100.png 100w, https:\/\/www.tablice-szklane.pl\/wp-content\/uploads\/2015\/11\/duza-odpornosc-150x150.png 150w, https:\/\/www.tablice-szklane.pl\/wp-content\/uploads\/2015\/11\/duza-odpornosc-300x300.png 300w\" sizes=\"(max-width: 60px) 100vw, 60px\" \/><strong>Odporno\u015b\u0107 -\u00a0<\/strong>Tablice magnetyczne wykonujemy ze szk\u0142a hartowanego, kt\u00f3re jest 5-7 krotnie bardziej wytrzyma\u0142e na uderzenia mechaniczne od zwyk\u0142ego szk\u0142a p\u0142askiego. \u00a0Hartowanie polega na podgrzaniu szk\u0142a w piecu do wysokiej temperatury \u2013 oko\u0142o 620 stopni C, a nast\u0119pnie na szybkim sch\u0142odzeniu szk\u0142a za pomoc\u0105 spr\u0119\u017conego powietrza. Tablica hartowana mo\u017ce by\u0107 montowana w miejscach u\u017cyteczno\u015bci publicznej, firmach czy domach prywatnych. \u00a0<\/p>\n<\/div><\/div><div id=\"panel-38415-2-0-1\" class=\"so-panel widget widget_black-studio-tinymce widget_black_studio_tinymce\" data-index=\"3\" ><div class=\"textwidget\"><p style=\"text-align: justify;\"><img decoding=\"async\" class=\"alignleft wp-image-3171\" title=\"Tablica magnetyczna w r\u00f3\u017cnych kolorach\" src=\"http:\/\/www.tablice-szklane.pl\/wp-content\/uploads\/2015\/11\/rozne-kolory.png\" alt=\"Tablice magnetyczne szklane kolory\" width=\"60\" height=\"60\" srcset=\"https:\/\/www.tablice-szklane.pl\/wp-content\/uploads\/2015\/11\/rozne-kolory.png 406w, https:\/\/www.tablice-szklane.pl\/wp-content\/uploads\/2015\/11\/rozne-kolory-400x400.png 400w, https:\/\/www.tablice-szklane.pl\/wp-content\/uploads\/2015\/11\/rozne-kolory-100x100.png 100w, https:\/\/www.tablice-szklane.pl\/wp-content\/uploads\/2015\/11\/rozne-kolory-150x150.png 150w, https:\/\/www.tablice-szklane.pl\/wp-content\/uploads\/2015\/11\/rozne-kolory-300x300.png 300w\" sizes=\"(max-width: 60px) 100vw, 60px\" \/><strong>Kolorystyka -\u00a0<\/strong>Szklana tablica magnetyczna mo\u017ce by\u0107 polakierowana na dowolny kolor, co daje nowe mo\u017cliwo\u015bci przy urz\u0105dzaniu wn\u0119trz. W naszej standardowej ofercie mamy tablice: bia\u0142e, niebieskie, matowe(mleczne) i bezbarwne. Na \u017cyczenie klienta mo\u017cemy polakierowa\u0107 tafl\u0119 na wybrany kolor (je\u015bli jest dost\u0119pny w naszej palecie). \u00a0<\/p>\n<\/div><\/div><div id=\"panel-38415-2-0-2\" class=\"so-panel widget widget_black-studio-tinymce widget_black_studio_tinymce\" data-index=\"4\" ><div class=\"textwidget\"><p style=\"text-align: justify;\"><img loading=\"lazy\" decoding=\"async\" class=\"alignleft wp-image-3172\" title=\"Tablica magnetyczna ze szk\u0142a\" src=\"http:\/\/www.tablice-szklane.pl\/wp-content\/uploads\/2015\/11\/swietny-wyglad-tablicy.png\" alt=\"Tablica magnetyczna szklana wygl\u0105d\" width=\"60\" height=\"60\" srcset=\"https:\/\/www.tablice-szklane.pl\/wp-content\/uploads\/2015\/11\/swietny-wyglad-tablicy.png 406w, https:\/\/www.tablice-szklane.pl\/wp-content\/uploads\/2015\/11\/swietny-wyglad-tablicy-400x400.png 400w, https:\/\/www.tablice-szklane.pl\/wp-content\/uploads\/2015\/11\/swietny-wyglad-tablicy-100x100.png 100w, https:\/\/www.tablice-szklane.pl\/wp-content\/uploads\/2015\/11\/swietny-wyglad-tablicy-150x150.png 150w, https:\/\/www.tablice-szklane.pl\/wp-content\/uploads\/2015\/11\/swietny-wyglad-tablicy-300x300.png 300w\" sizes=\"(max-width: 60px) 100vw, 60px\" \/><strong>Wygl\u0105d szkla<\/strong> -\u00a0Tafla szklana nadaje wn\u0119trzu elegancji, dlatego znakomicie sprawdza si\u0119, jako dodatek do wystroju nowoczesnych biur i pokoi. Magnetyczne tablice szklane posiadaj\u0105 lekki po\u0142ysk, kt\u00f3ry jest delikatniejszy przy jasnych kolorach a bardziej wyrazisty przy ciemnych. Mo\u017cna po nich pisa\u0107 zwyk\u0142ymi pisakami do tablic sucho-\u015bcieralnych jak i pisakami kredowymi oraz permanentnymi.<\/p>\n<\/div><\/div><div id=\"panel-38415-2-0-3\" class=\"so-panel widget widget_black-studio-tinymce widget_black_studio_tinymce\" data-index=\"5\" ><div class=\"textwidget\"><p style=\"text-align: justify;\">\n<p><img loading=\"lazy\" decoding=\"async\" class=\"alignleft wp-image-3170\" title=\"\u0141atwy monta\u017c tablic magnetycznych\" src=\"http:\/\/www.tablice-szklane.pl\/wp-content\/uploads\/2015\/11\/prosty-montaz.png\" alt=\"Tablica magnetyczna monta\u017c\" width=\"60\" height=\"60\" srcset=\"https:\/\/www.tablice-szklane.pl\/wp-content\/uploads\/2015\/11\/prosty-montaz.png 406w, https:\/\/www.tablice-szklane.pl\/wp-content\/uploads\/2015\/11\/prosty-montaz-400x400.png 400w, https:\/\/www.tablice-szklane.pl\/wp-content\/uploads\/2015\/11\/prosty-montaz-100x100.png 100w, https:\/\/www.tablice-szklane.pl\/wp-content\/uploads\/2015\/11\/prosty-montaz-150x150.png 150w, https:\/\/www.tablice-szklane.pl\/wp-content\/uploads\/2015\/11\/prosty-montaz-300x300.png 300w\" sizes=\"(max-width: 60px) 100vw, 60px\" \/><strong>\u0141atwy monta\u017c<\/strong> \u2013 Nasza tablica magnetyczna jest zaprojektowana w ten spos\u00f3b, by ka\u017cdy m\u00f3g\u0142 j\u0105 samodzielnie zamontowa\u0107. Oferujemy monta\u017c na stalowych rotulach \u2013 rotule znakomicie nadaj\u0105 si\u0119 do podtrzymywania szk\u0142a i dodatkowo stanowi\u0105 element ozdobny; lub monta\u017c na uchwytach zamocowanych z ty\u0142u tafli i tym samym niewidocznych dla osoby pisz\u0105cej. \u00a0\u00a0<\/p>\n<\/div><\/div><div id=\"panel-38415-2-0-4\" class=\"so-panel widget widget_black-studio-tinymce widget_black_studio_tinymce panel-last-child\" data-index=\"6\" ><div class=\"textwidget\"><p style=\"text-align: justify;\">\n<p><img loading=\"lazy\" decoding=\"async\" class=\"alignleft wp-image-3169\" title=\"Tablica magnetyczna \u0142atwa do czyszczenia\" src=\"http:\/\/www.tablice-szklane.pl\/wp-content\/uploads\/2015\/11\/latwe-do-czyszczenia.png\" alt=\"Tablica magnetyczna sucho\u015bcieralna\" width=\"60\" height=\"60\" srcset=\"https:\/\/www.tablice-szklane.pl\/wp-content\/uploads\/2015\/11\/latwe-do-czyszczenia.png 406w, https:\/\/www.tablice-szklane.pl\/wp-content\/uploads\/2015\/11\/latwe-do-czyszczenia-400x400.png 400w, https:\/\/www.tablice-szklane.pl\/wp-content\/uploads\/2015\/11\/latwe-do-czyszczenia-100x100.png 100w, https:\/\/www.tablice-szklane.pl\/wp-content\/uploads\/2015\/11\/latwe-do-czyszczenia-150x150.png 150w, https:\/\/www.tablice-szklane.pl\/wp-content\/uploads\/2015\/11\/latwe-do-czyszczenia-300x300.png 300w\" sizes=\"(max-width: 60px) 100vw, 60px\" \/><strong>Czysto\u015b\u0107<\/strong> - Szk\u0142o jest materia\u0142em \u0142atwym do utrzymania w czysto\u015bci. W odr\u00f3\u017cnieniu od pleksi - wyst\u0119puj\u0105cej w zwyk\u0142ych tablicach, szk\u0142o nie pozostawia smug po \u015bcieraniu i mo\u017cemy je domy\u0107 po ka\u017cdym pisaku (nawet permanentnym \u2013 przy czym, do \u015bcierania pisaka permanentnego u\u017cywamy zwyk\u0142ego p\u0142ynu do mycia szyb).<\/p>\n<\/div><\/div><\/div><\/div><\/div><div id=\"pg-38415-3\"  class=\"panel-grid panel-no-style\" ><div id=\"pgc-38415-3-0\"  class=\"panel-grid-cell\" ><div id=\"panel-38415-3-0-0\" class=\"so-panel widget widget_black-studio-tinymce widget_black_studio_tinymce panel-first-child panel-last-child\" data-index=\"7\" ><h3 class=\"widget-title\">Tablice magnetyczne ze szk\u0142a bezpiecznego<\/h3><div class=\"textwidget\"><\/div><\/div><\/div><\/div><div id=\"pg-38415-4\"  class=\"panel-grid panel-has-style\" ><div class=\"panel-row-style panel-row-style-for-38415-4\" ><div id=\"pgc-38415-4-0\"  class=\"panel-grid-cell\" ><div id=\"panel-38415-4-0-0\" class=\"so-panel widget widget_black-studio-tinymce widget_black_studio_tinymce panel-first-child panel-last-child\" data-index=\"8\" ><div class=\"textwidget\"><p>Produkowane prze nas tablice wyst\u0119puj\u0105 w dw\u00f3ch wymiarach:<\/p>\n<p><span style=\"color: #ffcc00;\"><span class=\"icon-container\"><span class=\"fa fa-check\"><\/span><\/span><\/span> 120x90 cm<\/p>\n<p><span style=\"color: #ffcc00;\"><span class=\"icon-container\"><span class=\"fa fa-check\"><\/span><\/span><\/span> 150x100 cm<\/p>\n<p style=\"text-align: justify;\">Tablice wykonane s\u0105 ze szk\u0142a produkowanego przez belgijsk\u0105 firm\u0105 AGC. \u00a0Kraw\u0119d\u017a tablic jest szlifowana a nast\u0119pnie polerowana na automatycznych pionowych szlifierkach do szk\u0142a. Tablice magnetyczne lakierujemy farbami firmy Glasscor.<\/p>\n<p style=\"text-align: justify;\">Wykorzystujemy <strong>szerok\u0105 gamm\u0119 wysokiej jako\u015bci lakier\u00f3w do szk\u0142a<\/strong>. Do najpopularniejszych kolor\u00f3w nalez\u0105: \u015bnie\u017cno-bia\u0142y, klasyczny czarny, niebieski i czerwony. Na twoje \u017cycznie mo\u017cemy polakierowa\u0107 tablic\u0119 na dowolny kolor z gammy RGB i wykona\u0107 tablic\u0119 zgodnie z podanym wymiarem.<\/p>\n<p>Oferujemy tablice magnetyczne wykonane z bezpiecznego szk\u0142a float w kilku wariantach:<\/p>\n<p><span style=\"color: #fcc71f;\"><span class=\"icon-container\"><span class=\"fa fa-check\"><\/span><\/span><\/span> bezbarwne<br \/> <span style=\"color: #fcc71f;\"><span class=\"icon-container\"><span class=\"fa fa-check\"><\/span><\/span><\/span> matowe<br \/> <span style=\"color: #fcc71f;\"><span class=\"icon-container\"><span class=\"fa fa-check\"><\/span><\/span><\/span> lakierowane<br \/> <span style=\"color: #fcc71f;\"><span class=\"icon-container\"><span class=\"fa fa-check\"><\/span><\/span><\/span> kolorowe<\/p>\n<p style=\"text-align: justify;\">Ka\u017cda z naszym tablic mo\u017ce by\u0107 wykonana w wariancie magnetycznym, kt\u00f3ry umo\u017cliwia przypinanie magnes\u00f3w zwyk\u0142ych oraz neodymowych. Na \u017cyczenie klienta mo\u017cemy wykona\u0107 tablic\u0119 szklan\u0105 na wymiar.<\/p>\n<\/div><\/div><\/div><\/div><\/div><div id=\"pg-38415-5\"  class=\"panel-grid panel-no-style\" ><div id=\"pgc-38415-5-0\"  class=\"panel-grid-cell\" ><div id=\"panel-38415-5-0-0\" class=\"so-panel widget widget_black-studio-tinymce widget_black_studio_tinymce panel-first-child panel-last-child\" data-index=\"9\" ><h3 class=\"widget-title\">Zapytaj o tablice<\/h3><div class=\"textwidget\"><p>\n<div class=\"wpcf7 no-js\" id=\"wpcf7-f2714-o1\" lang=\"pl-PL\" dir=\"ltr\">\n<div class=\"screen-reader-response\"><p role=\"status\" aria-live=\"polite\" aria-atomic=\"true\"><\/p> <ul><\/ul><\/div>\n<form action=\"\/es\/wp-json\/wp\/v2\/pages\/38415#wpcf7-f2714-o1\" method=\"post\" class=\"wpcf7-form init\" aria-label=\"Formularz kontaktowy\" novalidate=\"novalidate\" data-status=\"init\">\n<div style=\"display: none;\">\n<input type=\"hidden\" name=\"_wpcf7\" value=\"2714\" \/>\n<input type=\"hidden\" name=\"_wpcf7_version\" value=\"5.7.6\" \/>\n<input type=\"hidden\" name=\"_wpcf7_locale\" value=\"pl_PL\" \/>\n<input type=\"hidden\" name=\"_wpcf7_unit_tag\" value=\"wpcf7-f2714-o1\" \/>\n<input type=\"hidden\" name=\"_wpcf7_container_post\" value=\"0\" \/>\n<input type=\"hidden\" name=\"_wpcf7_posted_data_hash\" value=\"\" \/>\n<input type=\"hidden\" name=\"_wpcf7_recaptcha_response\" value=\"\" \/>\n<\/div>\n<div class=\"row\">\n\t<p><span class=\"wpcf7-form-control-wrap\" data-name=\"your-name\"><input size=\"40\" class=\"wpcf7-form-control wpcf7-text wpcf7-validates-as-required\" aria-required=\"true\" aria-invalid=\"false\" placeholder=\"Imi\u0119 i nazwisko\" value=\"\" type=\"text\" name=\"your-name\" \/><\/span><br \/>\n<span class=\"wpcf7-form-control-wrap\" data-name=\"your-email\"><input size=\"40\" class=\"wpcf7-form-control wpcf7-text wpcf7-email wpcf7-validates-as-required wpcf7-validates-as-email\" aria-required=\"true\" aria-invalid=\"false\" placeholder=\"E-mail\" value=\"\" type=\"email\" name=\"your-email\" \/><\/span><br \/>\n<span class=\"wpcf7-form-control-wrap\" data-name=\"tel-683\"><input size=\"40\" class=\"wpcf7-form-control wpcf7-text wpcf7-tel wpcf7-validates-as-required wpcf7-validates-as-tel\" aria-required=\"true\" aria-invalid=\"false\" placeholder=\"Telefon\" value=\"\" type=\"tel\" name=\"tel-683\" \/><\/span><br \/>\n<span class=\"wpcf7-form-control-wrap\" data-name=\"your-subject\"><input size=\"40\" class=\"wpcf7-form-control wpcf7-text\" aria-invalid=\"false\" placeholder=\"Temat\" value=\"\" type=\"text\" name=\"your-subject\" \/><\/span><br \/>\n<span class=\"wpcf7-form-control-wrap\" data-name=\"your-message\"><textarea cols=\"40\" rows=\"10\" class=\"wpcf7-form-control wpcf7-textarea wpcf7-validates-as-required\" aria-required=\"true\" aria-invalid=\"false\" placeholder=\"Opisz sw\u00f3j projekt\" name=\"your-message\"><\/textarea><\/span><br \/>\n<input class=\"wpcf7-form-control has-spinner wpcf7-submit btn btn-primary\" type=\"submit\" value=\"WYSLIJ ZAPYTANIE\" \/>\n\t<\/p>\n<\/div><p style=\"display: none !important;\" class=\"akismet-fields-container\" data-prefix=\"_wpcf7_ak_\"><label>&#916;<textarea name=\"_wpcf7_ak_hp_textarea\" cols=\"45\" rows=\"8\" maxlength=\"100\"><\/textarea><\/label><input type=\"hidden\" id=\"ak_js_1\" name=\"_wpcf7_ak_js\" value=\"201\"\/><script>document.getElementById( \"ak_js_1\" ).setAttribute( \"value\", ( new Date() ).getTime() );<\/script><\/p><div class=\"wpcf7-response-output\" aria-hidden=\"true\"><\/div>\n<\/form>\n<\/div>\n<\/p>\n<\/div><\/div><\/div><\/div><\/div>","protected":false},"excerpt":{"rendered":"<p>Tablica magnetyczna firmy Twojszklarz.pl Zalety &#8211; Dlaczego tablica magnetyczna szklana?Odporno\u015b\u0107 &#8211;\u00a0Tablice magnetyczne wykonujemy ze szk\u0142a hartowanego, kt\u00f3re jest 5-7 krotnie bardziej wytrzyma\u0142e na uderzenia mechaniczne od zwyk\u0142ego szk\u0142a p\u0142askiego. \u00a0Hartowanie polega na podgrzaniu szk\u0142a w piecu do wysokiej temperatury \u2013 oko\u0142o 620 stopni C, a nast\u0119pnie na szybkim sch\u0142odzeniu szk\u0142a za pomoc\u0105 spr\u0119\u017conego powietrza. Tablica &hellip;<\/p>\n","protected":false},"author":1,"featured_media":0,"parent":0,"menu_order":0,"comment_status":"closed","ping_status":"closed","template":"","meta":{"om_disable_all_campaigns":false,"footnotes":""},"yoast_head":"<!-- This site is optimized with the Yoast SEO Premium plugin v23.0 (Yoast SEO v23.0) - https:\/\/yoast.com\/wordpress\/plugins\/seo\/ -->\n<title>Pizarra magn\u00e9tica - Tablice-szklane.pl<\/title>\n<meta name=\"description\" content=\"Tablero magn\u00e9tico de vidrio de Twojszklarz.pl. F\u00e1cil de instalar y limpiar, creativo, seguro, disponible en una variedad de colores.\" \/>\n<meta name=\"robots\" content=\"index, follow, max-snippet:-1, max-image-preview:large, max-video-preview:-1\" \/>\n<link rel=\"canonical\" href=\"https:\/\/www.tablice-szklane.pl\/es\/pizarra-magnetica\/\" \/>\n<meta property=\"og:locale\" content=\"es_ES\" \/>\n<meta property=\"og:type\" content=\"article\" \/>\n<meta property=\"og:title\" content=\"Pizarra magn\u00e9tica\" \/>\n<meta property=\"og:description\" content=\"Tablero magn\u00e9tico de vidrio de Twojszklarz.pl. F\u00e1cil de instalar y limpiar, creativo, seguro, disponible en una variedad de colores.\" \/>\n<meta property=\"og:url\" content=\"https:\/\/www.tablice-szklane.pl\/es\/pizarra-magnetica\/\" \/>\n<meta property=\"og:site_name\" content=\"Bunto\" \/>\n<meta property=\"article:modified_time\" content=\"2025-06-22T15:30:47+00:00\" \/>\n<meta property=\"og:image\" content=\"http:\/\/www.tablice-szklane.pl\/wp-content\/uploads\/2015\/11\/Tablica-magnetyczna-007.png\" \/>\n<meta name=\"twitter:card\" content=\"summary_large_image\" \/>\n<meta name=\"twitter:label1\" content=\"Tiempo de lectura\" \/>\n\t<meta name=\"twitter:data1\" content=\"2 minutos\" \/>\n<script type=\"application\/ld+json\" class=\"yoast-schema-graph\">{\"@context\":\"https:\/\/schema.org\",\"@graph\":[{\"@type\":\"WebPage\",\"@id\":\"https:\/\/www.tablice-szklane.pl\/es\/pizarra-magnetica\/\",\"url\":\"https:\/\/www.tablice-szklane.pl\/es\/pizarra-magnetica\/\",\"name\":\"Pizarra magn\u00e9tica - Tablice-szklane.pl\",\"isPartOf\":{\"@id\":\"https:\/\/www.tablice-szklane.pl\/es\/#website\"},\"primaryImageOfPage\":{\"@id\":\"https:\/\/www.tablice-szklane.pl\/es\/pizarra-magnetica\/#primaryimage\"},\"image\":{\"@id\":\"https:\/\/www.tablice-szklane.pl\/es\/pizarra-magnetica\/#primaryimage\"},\"thumbnailUrl\":\"https:\/\/www.tablice-szklane.pl\/wp-content\/uploads\/2015\/11\/Tablica-magnetyczna-007.png\",\"datePublished\":\"2015-11-11T07:24:37+00:00\",\"dateModified\":\"2025-06-22T15:30:47+00:00\",\"description\":\"Tablero magn\u00e9tico de vidrio de Twojszklarz.pl. F\u00e1cil de instalar y limpiar, creativo, seguro, disponible en una variedad de colores.\",\"breadcrumb\":{\"@id\":\"https:\/\/www.tablice-szklane.pl\/es\/pizarra-magnetica\/#breadcrumb\"},\"inLanguage\":\"es\",\"potentialAction\":[{\"@type\":\"ReadAction\",\"target\":[\"https:\/\/www.tablice-szklane.pl\/es\/pizarra-magnetica\/\"]}]},{\"@type\":\"ImageObject\",\"inLanguage\":\"es\",\"@id\":\"https:\/\/www.tablice-szklane.pl\/es\/pizarra-magnetica\/#primaryimage\",\"url\":\"https:\/\/www.tablice-szklane.pl\/wp-content\/uploads\/2015\/11\/Tablica-magnetyczna-007.png\",\"contentUrl\":\"https:\/\/www.tablice-szklane.pl\/wp-content\/uploads\/2015\/11\/Tablica-magnetyczna-007.png\"},{\"@type\":\"BreadcrumbList\",\"@id\":\"https:\/\/www.tablice-szklane.pl\/es\/pizarra-magnetica\/#breadcrumb\",\"itemListElement\":[{\"@type\":\"ListItem\",\"position\":1,\"name\":\"Strona g\u0142\u00f3wna\",\"item\":\"https:\/\/www.tablice-szklane.pl\/es\/\"},{\"@type\":\"ListItem\",\"position\":2,\"name\":\"Pizarra magn\u00e9tica\"}]},{\"@type\":\"WebSite\",\"@id\":\"https:\/\/www.tablice-szklane.pl\/es\/#website\",\"url\":\"https:\/\/www.tablice-szklane.pl\/es\/\",\"name\":\"Bunto\",\"description\":\"\",\"publisher\":{\"@id\":\"https:\/\/www.tablice-szklane.pl\/es\/#organization\"},\"potentialAction\":[{\"@type\":\"SearchAction\",\"target\":{\"@type\":\"EntryPoint\",\"urlTemplate\":\"https:\/\/www.tablice-szklane.pl\/es\/?s={search_term_string}\"},\"query-input\":\"required name=search_term_string\"}],\"inLanguage\":\"es\"},{\"@type\":[\"Organization\",\"Place\"],\"@id\":\"https:\/\/www.tablice-szklane.pl\/es\/#organization\",\"name\":\"Bunto\",\"url\":\"https:\/\/www.tablice-szklane.pl\/es\/\",\"logo\":{\"@id\":\"https:\/\/www.tablice-szklane.pl\/es\/pizarra-magnetica\/#local-main-organization-logo\"},\"image\":{\"@id\":\"https:\/\/www.tablice-szklane.pl\/es\/pizarra-magnetica\/#local-main-organization-logo\"},\"telephone\":[],\"openingHoursSpecification\":[{\"@type\":\"OpeningHoursSpecification\",\"dayOfWeek\":[\"Monday\",\"Tuesday\",\"Wednesday\",\"Thursday\",\"Friday\",\"Saturday\",\"Sunday\"],\"opens\":\"09:00\",\"closes\":\"17:00\"}]},{\"@type\":\"ImageObject\",\"inLanguage\":\"es\",\"@id\":\"https:\/\/www.tablice-szklane.pl\/es\/pizarra-magnetica\/#local-main-organization-logo\",\"url\":\"https:\/\/www.tablice-szklane.pl\/wp-content\/uploads\/2024\/01\/Logo-Bunto-2021.jpg\",\"contentUrl\":\"https:\/\/www.tablice-szklane.pl\/wp-content\/uploads\/2024\/01\/Logo-Bunto-2021.jpg\",\"width\":936,\"height\":421,\"caption\":\"Bunto\"}]}<\/script>\n<!-- \/ Yoast SEO Premium plugin. -->","yoast_head_json":{"title":"Pizarra magn\u00e9tica - Tablice-szklane.pl","description":"Tablero magn\u00e9tico de vidrio de Twojszklarz.pl. F\u00e1cil de instalar y limpiar, creativo, seguro, disponible en una variedad de colores.","robots":{"index":"index","follow":"follow","max-snippet":"max-snippet:-1","max-image-preview":"max-image-preview:large","max-video-preview":"max-video-preview:-1"},"canonical":"https:\/\/www.tablice-szklane.pl\/es\/pizarra-magnetica\/","og_locale":"es_ES","og_type":"article","og_title":"Pizarra magn\u00e9tica","og_description":"Tablero magn\u00e9tico de vidrio de Twojszklarz.pl. F\u00e1cil de instalar y limpiar, creativo, seguro, disponible en una variedad de colores.","og_url":"https:\/\/www.tablice-szklane.pl\/es\/pizarra-magnetica\/","og_site_name":"Bunto","article_modified_time":"2025-06-22T15:30:47+00:00","og_image":[{"url":"http:\/\/www.tablice-szklane.pl\/wp-content\/uploads\/2015\/11\/Tablica-magnetyczna-007.png"}],"twitter_card":"summary_large_image","twitter_misc":{"Tiempo de lectura":"2 minutos"},"schema":{"@context":"https:\/\/schema.org","@graph":[{"@type":"WebPage","@id":"https:\/\/www.tablice-szklane.pl\/es\/pizarra-magnetica\/","url":"https:\/\/www.tablice-szklane.pl\/es\/pizarra-magnetica\/","name":"Pizarra magn\u00e9tica - Tablice-szklane.pl","isPartOf":{"@id":"https:\/\/www.tablice-szklane.pl\/es\/#website"},"primaryImageOfPage":{"@id":"https:\/\/www.tablice-szklane.pl\/es\/pizarra-magnetica\/#primaryimage"},"image":{"@id":"https:\/\/www.tablice-szklane.pl\/es\/pizarra-magnetica\/#primaryimage"},"thumbnailUrl":"https:\/\/www.tablice-szklane.pl\/wp-content\/uploads\/2015\/11\/Tablica-magnetyczna-007.png","datePublished":"2015-11-11T07:24:37+00:00","dateModified":"2025-06-22T15:30:47+00:00","description":"Tablero magn\u00e9tico de vidrio de Twojszklarz.pl. F\u00e1cil de instalar y limpiar, creativo, seguro, disponible en una variedad de colores.","breadcrumb":{"@id":"https:\/\/www.tablice-szklane.pl\/es\/pizarra-magnetica\/#breadcrumb"},"inLanguage":"es","potentialAction":[{"@type":"ReadAction","target":["https:\/\/www.tablice-szklane.pl\/es\/pizarra-magnetica\/"]}]},{"@type":"ImageObject","inLanguage":"es","@id":"https:\/\/www.tablice-szklane.pl\/es\/pizarra-magnetica\/#primaryimage","url":"https:\/\/www.tablice-szklane.pl\/wp-content\/uploads\/2015\/11\/Tablica-magnetyczna-007.png","contentUrl":"https:\/\/www.tablice-szklane.pl\/wp-content\/uploads\/2015\/11\/Tablica-magnetyczna-007.png"},{"@type":"BreadcrumbList","@id":"https:\/\/www.tablice-szklane.pl\/es\/pizarra-magnetica\/#breadcrumb","itemListElement":[{"@type":"ListItem","position":1,"name":"Strona g\u0142\u00f3wna","item":"https:\/\/www.tablice-szklane.pl\/es\/"},{"@type":"ListItem","position":2,"name":"Pizarra magn\u00e9tica"}]},{"@type":"WebSite","@id":"https:\/\/www.tablice-szklane.pl\/es\/#website","url":"https:\/\/www.tablice-szklane.pl\/es\/","name":"Bunto","description":"","publisher":{"@id":"https:\/\/www.tablice-szklane.pl\/es\/#organization"},"potentialAction":[{"@type":"SearchAction","target":{"@type":"EntryPoint","urlTemplate":"https:\/\/www.tablice-szklane.pl\/es\/?s={search_term_string}"},"query-input":"required name=search_term_string"}],"inLanguage":"es"},{"@type":["Organization","Place"],"@id":"https:\/\/www.tablice-szklane.pl\/es\/#organization","name":"Bunto","url":"https:\/\/www.tablice-szklane.pl\/es\/","logo":{"@id":"https:\/\/www.tablice-szklane.pl\/es\/pizarra-magnetica\/#local-main-organization-logo"},"image":{"@id":"https:\/\/www.tablice-szklane.pl\/es\/pizarra-magnetica\/#local-main-organization-logo"},"telephone":[],"openingHoursSpecification":[{"@type":"OpeningHoursSpecification","dayOfWeek":["Monday","Tuesday","Wednesday","Thursday","Friday","Saturday","Sunday"],"opens":"09:00","closes":"17:00"}]},{"@type":"ImageObject","inLanguage":"es","@id":"https:\/\/www.tablice-szklane.pl\/es\/pizarra-magnetica\/#local-main-organization-logo","url":"https:\/\/www.tablice-szklane.pl\/wp-content\/uploads\/2024\/01\/Logo-Bunto-2021.jpg","contentUrl":"https:\/\/www.tablice-szklane.pl\/wp-content\/uploads\/2024\/01\/Logo-Bunto-2021.jpg","width":936,"height":421,"caption":"Bunto"}]}},"_links":{"self":[{"href":"https:\/\/www.tablice-szklane.pl\/es\/wp-json\/wp\/v2\/pages\/38415"}],"collection":[{"href":"https:\/\/www.tablice-szklane.pl\/es\/wp-json\/wp\/v2\/pages"}],"about":[{"href":"https:\/\/www.tablice-szklane.pl\/es\/wp-json\/wp\/v2\/types\/page"}],"author":[{"embeddable":true,"href":"https:\/\/www.tablice-szklane.pl\/es\/wp-json\/wp\/v2\/users\/1"}],"replies":[{"embeddable":true,"href":"https:\/\/www.tablice-szklane.pl\/es\/wp-json\/wp\/v2\/comments?post=38415"}],"version-history":[{"count":1,"href":"https:\/\/www.tablice-szklane.pl\/es\/wp-json\/wp\/v2\/pages\/38415\/revisions"}],"predecessor-version":[{"id":38416,"href":"https:\/\/www.tablice-szklane.pl\/es\/wp-json\/wp\/v2\/pages\/38415\/revisions\/38416"}],"wp:attachment":[{"href":"https:\/\/www.tablice-szklane.pl\/es\/wp-json\/wp\/v2\/media?parent=38415"}],"curies":[{"name":"wp","href":"https:\/\/api.w.org\/{rel}","templated":true}]}}